{"id":12,"date":"2013-03-13T13:30:32","date_gmt":"2013-03-13T13:30:32","guid":{"rendered":"http:\/\/sindicatos.redelocal\/tpl-sindicato\/?page_id=12"},"modified":"2019-01-03T17:48:39","modified_gmt":"2019-01-03T17:48:39","slug":"contacte-nos","status":"publish","type":"page","link":"https:\/\/sindicatos.cgtp.pt\/fesaht\/contacte-nos\/","title":{"rendered":"Contacte-nos"},"content":{"rendered":"<h4>FEDERA\u00c7\u00c3O DOS SINDICATOS DE AGRICULTURA, ALIMENTA\u00c7\u00c3O, BEBIDAS, HOTELARIA E TURISMO DE PORTUGAL<\/h4>\n<p><strong><\/strong><br \/>\n<strong>Telefone:<\/strong> 218873844 \/ 218874895<br \/>\n<strong>Correio electr\u00f3nico:<\/strong> <a href=\"mail&#116;&#111;&#58;&#102;&#101;&#x73;&#x61;&#x68;&#x74;&#x40;&#x66;&#x65;saht&#46;&#112;&#116;\">&#x66;&#101;&#x73;&#97;h&#x74;&#64;f&#x65;&#115;&#x61;&#x68;t&#x2e;&#112;t<\/a><br \/>\n<strong>Morada:<\/strong> Rua Cidade de Liverpool, 16, 3\u00ba<br \/>\n<strong>C\u00f3digo Postal:<\/strong> 1170-097 LISBOA<\/p>\n<p>&nbsp;<\/p>\n<h3>Fale j\u00e1 connosco!<\/h3>\n<p>Coloque as suas d\u00favidas ou sugest\u00f5es preenchendo o formul\u00e1rio abaixo:<br \/>\n[contact_form]<\/p>\n","protected":false},"excerpt":{"rendered":"<p>FEDERA\u00c7\u00c3O DOS SINDICATOS DE AGRICULTURA, ALIMENTA\u00c7\u00c3O, BEBIDAS, HOTELARIA E TURISMO DE PORTUGAL Telefone: 218873844 \/ 218874895 Correio electr\u00f3nico: &#x66;&#x65;&#x73;&#x61;&#x68;&#x74;&#x40;&#x66;&#x65;&#x73;&#x61;&#x68;&#x74;&#x2e;&#x70;&#x74; Morada: Rua Cidade de Liverpool, 16, 3\u00ba C\u00f3digo Postal: 1170-097 LISBOA &nbsp; Fale j\u00e1 connosco! Coloque as suas d\u00favidas ou sugest\u00f5es preenchendo o formul\u00e1rio abaixo: [contact_form]<\/p>\n","protected":false},"author":1,"featured_media":0,"parent":0,"menu_order":0,"comment_status":"closed","ping_status":"open","template":"","meta":{"footnotes":""},"class_list":["post-12","page","type-page","status-publish","hentry"],"_links":{"self":[{"href":"https:\/\/sindicatos.cgtp.pt\/fesaht\/wp-json\/wp\/v2\/pages\/12","targetHints":{"allow":["GET"]}}],"collection":[{"href":"https:\/\/sindicatos.cgtp.pt\/fesaht\/wp-json\/wp\/v2\/pages"}],"about":[{"href":"https:\/\/sindicatos.cgtp.pt\/fesaht\/wp-json\/wp\/v2\/types\/page"}],"author":[{"embeddable":true,"href":"https:\/\/sindicatos.cgtp.pt\/fesaht\/wp-json\/wp\/v2\/users\/1"}],"replies":[{"embeddable":true,"href":"https:\/\/sindicatos.cgtp.pt\/fesaht\/wp-json\/wp\/v2\/comments?post=12"}],"version-history":[{"count":7,"href":"https:\/\/sindicatos.cgtp.pt\/fesaht\/wp-json\/wp\/v2\/pages\/12\/revisions"}],"predecessor-version":[{"id":469,"href":"https:\/\/sindicatos.cgtp.pt\/fesaht\/wp-json\/wp\/v2\/pages\/12\/revisions\/469"}],"wp:attachment":[{"href":"https:\/\/sindicatos.cgtp.pt\/fesaht\/wp-json\/wp\/v2\/media?parent=12"}],"curies":[{"name":"wp","href":"https:\/\/api.w.org\/{rel}","templated":true}]}}