{"id":10,"date":"2013-03-13T13:23:08","date_gmt":"2013-03-13T13:23:08","guid":{"rendered":"http:\/\/sindicatos.redelocal\/tpl-sindicato\/?page_id=10"},"modified":"2018-04-03T09:15:21","modified_gmt":"2018-04-03T09:15:21","slug":"sindicalizacao","status":"publish","type":"page","link":"https:\/\/sindicatos.cgtp.pt\/feviccom\/sindicalizacao\/","title":{"rendered":"Proteja os seus direitos, sindicalize-se!"},"content":{"rendered":"<p>&nbsp;<\/p>\n<h3>Como me posso sindicalizar?<\/h3>\n<h5>Preencha aqui a sua ficha de pr\u00e9-sindicaliza\u00e7\u00e3o:<\/h5>\n<p><a href=\"http:\/\/www.cgtp.pt\/sindicalizar-me\">http:\/\/www.cgtp.pt\/sindicalizar-me<\/a><\/p>\n<p>&nbsp;<\/p>\n<p><strong>VALE A PENA SER SINDICALIZADO\/A<\/strong><br \/>\nOs sindicatos da CGTP-IN garantem<br \/>\n&#8211; interven\u00e7\u00e3o de classe em defesa dos direitos e interesses dos trabalhadores e pela resolu\u00e7\u00e3o dos seus problemas nos locais de trabalho.<br \/>\nOs sindicatos da CGTP-IN asseguram<br \/>\n&#8211; apoio e interven\u00e7\u00e3o num colectivo unido, forte e solid\u00e1rio;<br \/>\n&#8211; Iniciativa reivindicativa e de contrata\u00e7\u00e3o colectiva;<br \/>\n&#8211; Apoio jur\u00eddico, de pr\u00e9-contencioso e contencioso, em caso de conflito laboral;<br \/>\n&#8211; Acesso a informa\u00e7\u00e3o e forma\u00e7\u00e3o sindical;<\/p>\n<p>&nbsp;<\/p>\n<p>&nbsp;<\/p>\n","protected":false},"excerpt":{"rendered":"<p>&nbsp; Como me posso sindicalizar? Preencha aqui a sua ficha de pr\u00e9-sindicaliza\u00e7\u00e3o: http:\/\/www.cgtp.pt\/sindicalizar-me &nbsp; VALE A PENA SER SINDICALIZADO\/A Os sindicatos da CGTP-IN garantem &#8211; interven\u00e7\u00e3o de classe em defesa dos direitos e interesses dos trabalhadores e pela resolu\u00e7\u00e3o dos seus problemas nos locais de<\/p>\n","protected":false},"author":1,"featured_media":0,"parent":0,"menu_order":0,"comment_status":"closed","ping_status":"open","template":"","meta":{"footnotes":""},"class_list":["post-10","page","type-page","status-publish","hentry"],"_links":{"self":[{"href":"https:\/\/sindicatos.cgtp.pt\/feviccom\/wp-json\/wp\/v2\/pages\/10","targetHints":{"allow":["GET"]}}],"collection":[{"href":"https:\/\/sindicatos.cgtp.pt\/feviccom\/wp-json\/wp\/v2\/pages"}],"about":[{"href":"https:\/\/sindicatos.cgtp.pt\/feviccom\/wp-json\/wp\/v2\/types\/page"}],"author":[{"embeddable":true,"href":"https:\/\/sindicatos.cgtp.pt\/feviccom\/wp-json\/wp\/v2\/users\/1"}],"replies":[{"embeddable":true,"href":"https:\/\/sindicatos.cgtp.pt\/feviccom\/wp-json\/wp\/v2\/comments?post=10"}],"version-history":[{"count":10,"href":"https:\/\/sindicatos.cgtp.pt\/feviccom\/wp-json\/wp\/v2\/pages\/10\/revisions"}],"predecessor-version":[{"id":17,"href":"https:\/\/sindicatos.cgtp.pt\/feviccom\/wp-json\/wp\/v2\/pages\/10\/revisions\/17"}],"wp:attachment":[{"href":"https:\/\/sindicatos.cgtp.pt\/feviccom\/wp-json\/wp\/v2\/media?parent=10"}],"curies":[{"name":"wp","href":"https:\/\/api.w.org\/{rel}","templated":true}]}}