{"id":12,"date":"2013-03-13T13:30:32","date_gmt":"2013-03-13T13:30:32","guid":{"rendered":"http:\/\/sindicatos.redelocal\/tpl-sindicato\/?page_id=12"},"modified":"2024-09-09T11:05:48","modified_gmt":"2024-09-09T11:05:48","slug":"contacte-nos","status":"publish","type":"page","link":"https:\/\/sindicatos.cgtp.pt\/feviccom\/contacte-nos\/","title":{"rendered":"Contactos"},"content":{"rendered":"<p><strong><img loading=\"lazy\" decoding=\"async\" class=\"alignleft size-medium wp-image-1438\" alt=\"fevicoom-logo\" src=\"https:\/\/sindicatos.cgtp.pt\/feviccom\/wp-content\/blogs.dir\/53\/files\/sites\/53\/2020\/03\/fevicoom-logo1-240x240.jpg\" width=\"240\" height=\"240\" srcset=\"https:\/\/sindicatos.cgtp.pt\/feviccom\/wp-content\/blogs.dir\/53\/files\/sites\/53\/2020\/03\/fevicoom-logo1-240x240.jpg 240w, https:\/\/sindicatos.cgtp.pt\/feviccom\/wp-content\/blogs.dir\/53\/files\/sites\/53\/2020\/03\/fevicoom-logo1-120x120.jpg 120w, https:\/\/sindicatos.cgtp.pt\/feviccom\/wp-content\/blogs.dir\/53\/files\/sites\/53\/2020\/03\/fevicoom-logo1-800x800.jpg 800w, https:\/\/sindicatos.cgtp.pt\/feviccom\/wp-content\/blogs.dir\/53\/files\/sites\/53\/2020\/03\/fevicoom-logo1.jpg 960w\" sizes=\"auto, (max-width: 240px) 100vw, 240px\" \/>FEVICCOM<\/strong> &#8211; Federa\u00e7\u00e3o Portuguesa dos Sindicatos da Constru\u00e7\u00e3o, Cer\u00e2mica e Vidro<\/p>\n<p><strong>Morada:\u00a0<\/strong>Rua Cidade de Liverpool, n\u00ba16, Piso 1, 1170-097 Lisboa<\/p>\n<p><strong>Telefone:<\/strong>\u00a0+351 218818585<\/p>\n<p><strong>E-mail:<\/strong>\u00a0&#x67;&#101;&#x72;&#x61;l&#x40;&#102;&#x65;&#x76;i&#x63;&#99;&#x6f;&#x6d;&#46;&#x70;&#116;<br \/>\n<strong><br \/>\n<\/strong><\/p>\n<h3><strong>\u00a0<\/strong><\/h3>\n","protected":false},"excerpt":{"rendered":"<p>FEVICCOM &#8211; Federa\u00e7\u00e3o Portuguesa dos Sindicatos da Constru\u00e7\u00e3o, Cer\u00e2mica e Vidro Morada:\u00a0Rua Cidade de Liverpool, n\u00ba16, Piso 1, 1170-097 Lisboa Telefone:\u00a0+351 218818585 E-mail:\u00a0&#x67;&#x65;r&#97;&#x6c;&#x40;f&#101;&#x76;&#x69;c&#99;&#x6f;&#x6d;&#46;&#112;&#x74; \u00a0<\/p>\n","protected":false},"author":1,"featured_media":0,"parent":0,"menu_order":0,"comment_status":"closed","ping_status":"open","template":"","meta":{"footnotes":""},"class_list":["post-12","page","type-page","status-publish","hentry"],"_links":{"self":[{"href":"https:\/\/sindicatos.cgtp.pt\/feviccom\/wp-json\/wp\/v2\/pages\/12","targetHints":{"allow":["GET"]}}],"collection":[{"href":"https:\/\/sindicatos.cgtp.pt\/feviccom\/wp-json\/wp\/v2\/pages"}],"about":[{"href":"https:\/\/sindicatos.cgtp.pt\/feviccom\/wp-json\/wp\/v2\/types\/page"}],"author":[{"embeddable":true,"href":"https:\/\/sindicatos.cgtp.pt\/feviccom\/wp-json\/wp\/v2\/users\/1"}],"replies":[{"embeddable":true,"href":"https:\/\/sindicatos.cgtp.pt\/feviccom\/wp-json\/wp\/v2\/comments?post=12"}],"version-history":[{"count":15,"href":"https:\/\/sindicatos.cgtp.pt\/feviccom\/wp-json\/wp\/v2\/pages\/12\/revisions"}],"predecessor-version":[{"id":3140,"href":"https:\/\/sindicatos.cgtp.pt\/feviccom\/wp-json\/wp\/v2\/pages\/12\/revisions\/3140"}],"wp:attachment":[{"href":"https:\/\/sindicatos.cgtp.pt\/feviccom\/wp-json\/wp\/v2\/media?parent=12"}],"curies":[{"name":"wp","href":"https:\/\/api.w.org\/{rel}","templated":true}]}}