{"id":123,"date":"2015-05-14T13:21:52","date_gmt":"2015-05-14T13:21:52","guid":{"rendered":"http:\/\/sindicatos.cgtp.pt\/feviccom\/?page_id=123"},"modified":"2016-11-30T14:29:37","modified_gmt":"2016-11-30T14:29:37","slug":"direccao-nacional","status":"publish","type":"page","link":"https:\/\/sindicatos.cgtp.pt\/feviccom\/orgaos\/direccao-nacional\/","title":{"rendered":"Direc\u00e7\u00e3o Nacional"},"content":{"rendered":"<table width=\"732\" border=\"1\" cellspacing=\"0\" cellpadding=\"0\">\n<tbody>\n<tr>\n<td width=\"732\">\n<p align=\"center\"><b>Mandato 2016-2020<\/b><\/p>\n<\/td>\n<\/tr>\n<tr>\n<td width=\"732\"><strong>\u00c1lvaro de Almeida Lacerda<br \/>\n<\/strong>Sindicato dos Trabalhadores da Ind\u00fastria Vidreira<\/td>\n<\/tr>\n<tr>\n<td width=\"732\"><strong>Ant\u00f3nio Marinho da Costa<br \/>\n<\/strong>Sindicato da Constru\u00e7\u00e3o e Cer\u00e2mica de Viana do Castelo e Norte<\/td>\n<\/tr>\n<tr>\n<td width=\"732\"><strong>Armando Manuel Grega Neves<br \/>\n<\/strong>Sindicato de Cer\u00e2mica e Constru\u00e7\u00e3o do Sul e R.A.<\/td>\n<\/tr>\n<tr>\n<td width=\"732\"><strong>Carlos Alberto de Jesus Silva<br \/>\n<\/strong>Sindicato dos Trabalhadores da Ind\u00fastria Vidreira<\/td>\n<\/tr>\n<tr>\n<td width=\"732\"><strong>Cid\u00e1lia Costa Pereira<br \/>\n<\/strong>Sindicato de Cer\u00e2mica e Constru\u00e7\u00e3o do Centro<\/td>\n<\/tr>\n<tr>\n<td width=\"732\"><strong>Gabriel Joaquim Alves Coelho<br \/>\n<\/strong>Sindicato dos Trabalhadores da Ind\u00fastria Vidreira<\/td>\n<\/tr>\n<tr>\n<td width=\"732\"><strong>Helder Fernando Sousa Costa<br \/>\n<\/strong>Sindicato da Constru\u00e7\u00e3o e Cer\u00e2mica de Viana do Castelo e Norte<\/td>\n<\/tr>\n<tr>\n<td width=\"732\"><strong>Helder Manuel Cruz Gabriel<br \/>\n<\/strong>Sindicato de Cer\u00e2mica e Constru\u00e7\u00e3o do Centro<\/td>\n<\/tr>\n<tr>\n<td width=\"732\"><strong>Isabel Maria Oliveira Louren\u00e7o<br \/>\n<\/strong>Sindicato de Cer\u00e2mica e Constru\u00e7\u00e3o do Sul e R.A.<\/td>\n<\/tr>\n<tr>\n<td width=\"732\"><strong>Jo\u00e3o Maria Rosa Isidoro<br \/>\n<\/strong>Sindicato de Cer\u00e2mica e Constru\u00e7\u00e3o do Sul e R.A.<\/td>\n<\/tr>\n<tr>\n<td width=\"732\"><strong>Joaquim Fernando da Rocha da Silva<br \/>\n<\/strong>Sindicato dos Trabalhadores da Ind\u00fastria Vidreira<\/td>\n<\/tr>\n<tr>\n<td width=\"732\"><strong>Jos\u00e9 Manuel d`Ascens\u00e3o Tom\u00e1s<br \/>\n<\/strong>Sindicato de Cer\u00e2mica e Constru\u00e7\u00e3o do Sul e R.A.<\/td>\n<\/tr>\n<tr>\n<td width=\"732\"><strong>Jos\u00e9 da Silva Fernandes<br \/>\n<\/strong>Sindicato da Constru\u00e7\u00e3o e Cer\u00e2mica de Viana do Castelo e Norte<\/td>\n<\/tr>\n<tr>\n<td width=\"732\"><strong>Jos\u00e9 Silva Martins<br \/>\n<\/strong>Sindicato da Constru\u00e7\u00e3o e Cer\u00e2mica de Viana do Castelo e Norte<\/td>\n<\/tr>\n<tr>\n<td width=\"732\"><strong>Lu\u00eds Martins Almeida<br \/>\n<\/strong>Sindicato de Cer\u00e2mica e Constru\u00e7\u00e3o do Centro<\/td>\n<\/tr>\n<tr>\n<td width=\"732\"><strong>Lu\u00eds Miguel Moreira Lopes<br \/>\n<\/strong>Sindicato dos Trabalhadores da Ind\u00fastria Vidreira<\/td>\n<\/tr>\n<tr>\n<td width=\"732\"><strong>Maria de F\u00e1tima Marques Messias<br \/>\n<\/strong>Sindicato de Cer\u00e2mica e Constru\u00e7\u00e3o do Sul e R.A.<\/td>\n<\/tr>\n<tr>\n<td width=\"732\"><strong>Maria Etelvina Lopes Rosa Ribeiro<br \/>\n<\/strong>Sindicato dos Trabalhadores da Ind\u00fastria Vidreira<\/td>\n<\/tr>\n<tr>\n<td width=\"732\"><strong>Nuno Miguel da Costa Gon\u00e7alves<br \/>\n<\/strong>Sindicato de Cer\u00e2mica e Constru\u00e7\u00e3o do Sul e R.A.<\/td>\n<\/tr>\n<tr>\n<td width=\"732\"><strong>Patricia Alexandra Mendes Henriques<br \/>\n<\/strong>Sindicato de Cer\u00e2mica e Constru\u00e7\u00e3o do Sul e R.A.<\/td>\n<\/tr>\n<tr>\n<td width=\"732\"><strong><span style=\"color: #000000\">Paulo Jos\u00e9 Sousa Fernandes<br \/>\n<\/span><\/strong>Sindicato dos Trabalhadores da Ind\u00fastria Vidreira<\/td>\n<\/tr>\n<tr>\n<td width=\"732\"><strong>Pedro Manuel Pereira Milheiro<br \/>\n<\/strong>Sindicato dos Trabalhadores da Ind\u00fastria Vidreira<\/td>\n<\/tr>\n<tr>\n<td width=\"732\"><strong>Pedro Miguel dos Santos Jorge<br \/>\n<\/strong>Sindicato de Cer\u00e2mica e Constru\u00e7\u00e3o do Sul e R.A.<\/td>\n<\/tr>\n<tr>\n<td width=\"732\"><strong>Roger Muaka Mbenza<br \/>\n<\/strong>Sindicato de Cer\u00e2mica e Constru\u00e7\u00e3o do Sul e R.A.<\/td>\n<\/tr>\n<tr>\n<td width=\"732\"><strong>Rog\u00e9rio Ant\u00f3nio Carvalho Alves Gomes<br \/>\n<\/strong>Sindicato de Cer\u00e2mica e Constru\u00e7\u00e3o do Centro<\/td>\n<\/tr>\n<tr>\n<td width=\"732\"><strong>Susete Concei\u00e7\u00e3o Ruivo Gomes<br \/>\n<\/strong>Sindicato de Cer\u00e2mica e Constru\u00e7\u00e3o do Centro<\/td>\n<\/tr>\n<tr>\n<td width=\"732\"><strong>Vera Elisa Jesus Santos Cunha<br \/>\n<\/strong>Sindicato de Cer\u00e2mica e Constru\u00e7\u00e3o do Centro<\/td>\n<\/tr>\n<tr>\n<td width=\"732\"><strong>Victor Rui Rei Paulino<\/strong><strong><br \/>\n<\/strong>Sindicato de Cer\u00e2mica e Constru\u00e7\u00e3o do Sul e R.A.&nbsp;<\/p>\n<p><b>Suplentes <\/b><b>\u00a0(7)<\/b><b>\u00a0<\/b><\/p>\n<table width=\"803\" border=\"1\" cellspacing=\"0\" cellpadding=\"0\">\n<tbody>\n<tr>\n<td width=\"803\"><strong>Ant\u00f3nio Ferreira Aires Grilo<br \/>\n<\/strong>Sindicato de Cer\u00e2mica e Constru\u00e7\u00e3o do Centro<\/td>\n<\/tr>\n<tr>\n<td width=\"803\"><strong>Ant\u00f3nio Manuel Correia Amaro Costa<br \/>\n<\/strong>Sindicato de Cer\u00e2mica e Constru\u00e7\u00e3o do Sul e R.A.<\/td>\n<\/tr>\n<tr>\n<td width=\"803\"><strong>Jo\u00e3o Louren\u00e7o Cravinho Alves Pires<br \/>\n<\/strong>Sindicato da Constru\u00e7\u00e3o e Cer\u00e2mica de Viana do Castelo e Norte<\/td>\n<\/tr>\n<tr>\n<td width=\"803\"><strong>M\u00e1rio Ant\u00f3nio Pedro Mendon\u00e7a<br \/>\n<\/strong>Sindicato de Cer\u00e2mica e Constru\u00e7\u00e3o do Sul e R.A.<\/td>\n<\/tr>\n<tr>\n<td width=\"803\"><strong>Nelson Filipe Martins Oliveira<br \/>\n<\/strong>Sindicato de Cer\u00e2mica e Constru\u00e7\u00e3o do Sul e R.A.<\/td>\n<\/tr>\n<tr>\n<td width=\"803\"><strong>Ricardo Miguel Br\u00edzido Pereira<br \/>\n<\/strong>Sindicato dos Trabalhadores da Ind\u00fastria Vidreira<\/td>\n<\/tr>\n<tr>\n<td width=\"803\"><strong>Pedro Miguel P.T. da Silva Jesus Vicente<br \/>\n<\/strong>Sindicato dos Trabalhadores da Ind\u00fastria Vidreira<\/td>\n<\/tr>\n<\/tbody>\n<\/table>\n<\/td>\n<\/tr>\n<\/tbody>\n<\/table>\n","protected":false},"excerpt":{"rendered":"<p>Mandato 2016-2020 \u00c1lvaro de Almeida Lacerda Sindicato dos Trabalhadores da Ind\u00fastria Vidreira Ant\u00f3nio Marinho da Costa Sindicato da Constru\u00e7\u00e3o e Cer\u00e2mica de Viana do Castelo e Norte Armando Manuel Grega Neves Sindicato de Cer\u00e2mica e Constru\u00e7\u00e3o do Sul e R.A. Carlos Alberto de Jesus Silva<\/p>\n","protected":false},"author":49,"featured_media":0,"parent":121,"menu_order":0,"comment_status":"closed","ping_status":"open","template":"","meta":{"footnotes":""},"class_list":["post-123","page","type-page","status-publish","hentry"],"_links":{"self":[{"href":"https:\/\/sindicatos.cgtp.pt\/feviccom\/wp-json\/wp\/v2\/pages\/123","targetHints":{"allow":["GET"]}}],"collection":[{"href":"https:\/\/sindicatos.cgtp.pt\/feviccom\/wp-json\/wp\/v2\/pages"}],"about":[{"href":"https:\/\/sindicatos.cgtp.pt\/feviccom\/wp-json\/wp\/v2\/types\/page"}],"author":[{"embeddable":true,"href":"https:\/\/sindicatos.cgtp.pt\/feviccom\/wp-json\/wp\/v2\/users\/49"}],"replies":[{"embeddable":true,"href":"https:\/\/sindicatos.cgtp.pt\/feviccom\/wp-json\/wp\/v2\/comments?post=123"}],"version-history":[{"count":7,"href":"https:\/\/sindicatos.cgtp.pt\/feviccom\/wp-json\/wp\/v2\/pages\/123\/revisions"}],"predecessor-version":[{"id":284,"href":"https:\/\/sindicatos.cgtp.pt\/feviccom\/wp-json\/wp\/v2\/pages\/123\/revisions\/284"}],"up":[{"embeddable":true,"href":"https:\/\/sindicatos.cgtp.pt\/feviccom\/wp-json\/wp\/v2\/pages\/121"}],"wp:attachment":[{"href":"https:\/\/sindicatos.cgtp.pt\/feviccom\/wp-json\/wp\/v2\/media?parent=123"}],"curies":[{"name":"wp","href":"https:\/\/api.w.org\/{rel}","templated":true}]}}