{"id":125,"date":"2015-05-14T13:22:09","date_gmt":"2015-05-14T13:22:09","guid":{"rendered":"http:\/\/sindicatos.cgtp.pt\/feviccom\/?page_id=125"},"modified":"2016-11-30T14:47:51","modified_gmt":"2016-11-30T14:47:51","slug":"secretariado","status":"publish","type":"page","link":"https:\/\/sindicatos.cgtp.pt\/feviccom\/orgaos\/secretariado\/","title":{"rendered":"Secretariado"},"content":{"rendered":"<p>MANDATO 2016-2020<\/p>\n<table width=\"732\" border=\"1\" cellspacing=\"0\" cellpadding=\"0\">\n<tbody>\n<tr>\n<td width=\"732\"><strong><span style=\"color: #000000\">Jos\u00e9 Silva Martins<br \/>\n<\/span><\/strong><span style=\"color: #000000\">Sindicato da Constru\u00e7\u00e3o e Cer\u00e2mica de Viana do Castelo e Norte<\/span><\/td>\n<\/tr>\n<tr>\n<td width=\"732\"><strong><span style=\"color: #000000\">Lu\u00eds Martins Almeida<br \/>\n<\/span><\/strong><span style=\"color: #000000\">Sindicato de Cer\u00e2mica e Constru\u00e7\u00e3o do Centro<\/span><\/td>\n<\/tr>\n<tr>\n<td width=\"732\"><strong><span style=\"color: #000000\">Maria de F\u00e1tima Marques Messias<br \/>\n<\/span><\/strong><span style=\"color: #000000\">Sindicato de Cer\u00e2mica e Constru\u00e7\u00e3o do Sul e R.A.<\/span><\/td>\n<\/tr>\n<tr>\n<td width=\"732\"><strong><span style=\"color: #000000\">Maria Etelvina Lopes Rosa Ribeiro<br \/>\n<\/span><\/strong><span style=\"color: #000000\">Sindicato dos Trabalhadores da Ind\u00fastria Vidreira<\/span><\/td>\n<\/tr>\n<tr>\n<td width=\"732\"><strong><span style=\"color: #000000\">Nuno Miguel da Costa Gon\u00e7alves<br \/>\n<\/span><\/strong><span style=\"color: #000000\">Sindicato de Cer\u00e2mica e Constru\u00e7\u00e3o do Sul e R.A.<\/span><\/td>\n<\/tr>\n<tr>\n<td width=\"732\"><strong><span style=\"color: #000000\">Pedro Manuel Pereira Milheiro<br \/>\n<\/span><\/strong><span style=\"color: #000000\">Sindicato dos Trabalhadores da Ind\u00fastria Vidreira<\/span><\/td>\n<\/tr>\n<tr>\n<td width=\"732\"><strong><span style=\"color: #000000\">Pedro Miguel dos Santos Jorge<br \/>\n<\/span><\/strong><span style=\"color: #000000\">Sindicato de Cer\u00e2mica e Constru\u00e7\u00e3o do Sul e R.A.<\/span><\/td>\n<\/tr>\n<\/tbody>\n<\/table>\n<p>&nbsp;<\/p>\n","protected":false},"excerpt":{"rendered":"<p>MANDATO 2016-2020 Jos\u00e9 Silva Martins Sindicato da Constru\u00e7\u00e3o e Cer\u00e2mica de Viana do Castelo e Norte Lu\u00eds Martins Almeida Sindicato de Cer\u00e2mica e Constru\u00e7\u00e3o do Centro Maria de F\u00e1tima Marques Messias Sindicato de Cer\u00e2mica e Constru\u00e7\u00e3o do Sul e R.A. Maria Etelvina Lopes Rosa Ribeiro<\/p>\n","protected":false},"author":49,"featured_media":0,"parent":121,"menu_order":0,"comment_status":"closed","ping_status":"open","template":"","meta":{"footnotes":""},"class_list":["post-125","page","type-page","status-publish","hentry"],"_links":{"self":[{"href":"https:\/\/sindicatos.cgtp.pt\/feviccom\/wp-json\/wp\/v2\/pages\/125","targetHints":{"allow":["GET"]}}],"collection":[{"href":"https:\/\/sindicatos.cgtp.pt\/feviccom\/wp-json\/wp\/v2\/pages"}],"about":[{"href":"https:\/\/sindicatos.cgtp.pt\/feviccom\/wp-json\/wp\/v2\/types\/page"}],"author":[{"embeddable":true,"href":"https:\/\/sindicatos.cgtp.pt\/feviccom\/wp-json\/wp\/v2\/users\/49"}],"replies":[{"embeddable":true,"href":"https:\/\/sindicatos.cgtp.pt\/feviccom\/wp-json\/wp\/v2\/comments?post=125"}],"version-history":[{"count":8,"href":"https:\/\/sindicatos.cgtp.pt\/feviccom\/wp-json\/wp\/v2\/pages\/125\/revisions"}],"predecessor-version":[{"id":300,"href":"https:\/\/sindicatos.cgtp.pt\/feviccom\/wp-json\/wp\/v2\/pages\/125\/revisions\/300"}],"up":[{"embeddable":true,"href":"https:\/\/sindicatos.cgtp.pt\/feviccom\/wp-json\/wp\/v2\/pages\/121"}],"wp:attachment":[{"href":"https:\/\/sindicatos.cgtp.pt\/feviccom\/wp-json\/wp\/v2\/media?parent=125"}],"curies":[{"name":"wp","href":"https:\/\/api.w.org\/{rel}","templated":true}]}}