{"id":10,"date":"2013-03-13T13:23:08","date_gmt":"2013-03-13T13:23:08","guid":{"rendered":"http:\/\/sindicatos.redelocal\/tpl-sindicato\/?page_id=10"},"modified":"2021-02-04T12:50:12","modified_gmt":"2021-02-04T12:50:12","slug":"sindicalizacao","status":"publish","type":"page","link":"https:\/\/sindicatos.cgtp.pt\/sintab\/sindicalizacao\/","title":{"rendered":"Protege os teus direitos, sindicaliza-te!"},"content":{"rendered":"<h2>Somos o sindicato que representa os Trabalhadores da agricultura e das industrias da alimenta\u00e7\u00e3o, bebidas e tabacos, com uma abrang\u00eancia a diversos setores e sub-setores da actividade econ\u00f3mica, nomeadamente:<\/h2>\n<p align=\"JUSTIFY\"><span style=\"font-family: 'Times New Roman', serif\"><span style=\"font-size: medium\"><span style=\"font-family: Calibri, sans-serif\"><span style=\"font-size: xx-small\"><br \/>\n<\/span><\/span><span style=\"font-family: Calibri, sans-serif\"><span style=\"font-size: medium\"><span style=\"text-decoration: underline\">No setor alimentar<\/span><\/span><\/span><span style=\"font-family: Calibri, sans-serif\"><span style=\"font-size: medium\">:<\/span><\/span><\/span><\/span><\/p>\n<p align=\"JUSTIFY\"><span style=\"font-family: 'Times New Roman', serif\"><span style=\"font-size: medium\"><span style=\"font-family: Calibri, sans-serif\"><span style=\"font-size: medium\">Ind\u00fastria de panifica\u00e7\u00e3o; Ind\u00fastria de pastelaria, Confeitaria e conserva\u00e7\u00e3o de fruta; Moagens; Conservas de peixe; Ind\u00fastria de aperitivos e batatas fritas; Ind\u00fastria de bolacha; Ind\u00fastria de chocolates; Industria a\u00e7ucareira; Descasque e branqueamento de arroz; Massas aliment\u00edcias; Ra\u00e7\u00e3o para animais; Abate de aves; Ind\u00fastria de conservas pelo frio; Ind\u00fastria de carnes; Ind\u00fastria de tripas; Torrefac\u00e7\u00e3o de caf\u00e9; Super e hipermercados; Armaz\u00e9ns de fruta; Ind\u00fastria de latic\u00ednios; Ind\u00fastria de tomate.<\/span><\/span><\/span><\/span><\/p>\n<p align=\"JUSTIFY\"><span style=\"font-family: 'Times New Roman', serif\"><span style=\"font-size: medium\"><span style=\"font-family: Calibri, sans-serif\"><span style=\"font-size: xx-small\"><br \/>\n<\/span><\/span><span style=\"font-family: Calibri, sans-serif\"><span style=\"font-size: medium\"><span style=\"text-decoration: underline\">No setor das bebidas:<\/span><\/span><\/span><\/span><\/span><\/p>\n<p align=\"JUSTIFY\"><span style=\"font-family: 'Times New Roman', serif\"><span style=\"font-size: medium\"><span style=\"font-family: Calibri, sans-serif\"><span style=\"font-size: medium\">Fabrica\u00e7\u00e3o e engarrafamento de cerveja; Fabrica\u00e7\u00e3o e engarrafamento de vinho; Engarrafamento de \u00e1guas; Fabrica\u00e7\u00e3o e engarrafamento de sumos e refrigerantes; Adegas cooperativas; Distribui\u00e7\u00e3o de bebidas.<\/span><\/span><\/span><\/span><\/p>\n<p align=\"JUSTIFY\"><span style=\"font-family: 'Times New Roman', serif\"><span style=\"font-size: medium\"><span style=\"font-family: Calibri, sans-serif\"><span style=\"font-size: xx-small\"><br \/>\n<\/span><\/span><span style=\"font-family: Calibri, sans-serif\"><span style=\"font-size: medium\"><span style=\"text-decoration: underline\">Na agricultura e outras atividades do setor prim\u00e1rio:<\/span><\/span><\/span><\/span><\/span><\/p>\n<p align=\"JUSTIFY\"><span style=\"font-family: 'Times New Roman', serif\"><span style=\"font-size: medium\"><span style=\"font-family: Calibri, sans-serif\"><span style=\"font-size: medium\">Suinicultura; Piscicultura; Aquacultura; Apicultura; Floricultura; Horto-fruticultura.<\/span><\/span><\/span><\/span><\/p>\n<p align=\"JUSTIFY\">\n<p align=\"JUSTIFY\"><span style=\"font-family: Calibri, sans-serif\"><span style=\"font-size: medium\"><span style=\"text-decoration: underline\">No setor dos tabacos:<\/span><\/span><\/span><\/p>\n<p align=\"JUSTIFY\"><span style=\"font-family: Calibri, sans-serif\"><span style=\"font-size: medium\">Produ\u00e7\u00e3o de folha de tabaco; Transforma\u00e7\u00e3o de tabaco.<\/span><\/span><\/p>\n<p>&nbsp;<\/p>\n<p align=\"CENTER\"><span style=\"font-family: 'Arial Narrow', sans-serif\"><span style=\"font-size: x-large\"><b>O Sindicato conta contigo<\/b><\/span><\/span><\/p>\n<p align=\"CENTER\"><span style=\"font-family: 'Arial Narrow', sans-serif\"><span style=\"font-size: medium\"><b>Podes contar com o teu Sindicato<\/b><\/span><\/span><\/p>\n<p>&nbsp;<\/p>\n<p align=\"JUSTIFY\"><span style=\"font-family: 'Times New Roman', serif\"><span style=\"font-size: medium\"><span style=\"font-family: Verdana, sans-serif\"><span style=\"font-size: small\">Uma <\/span><\/span><span style=\"font-family: Verdana, sans-serif\"><span style=\"font-size: small\"><b>Direc\u00e7\u00e3o descentralizada<\/b><\/span><\/span><span style=\"font-family: Verdana, sans-serif\"><span style=\"font-size: small\">, constitu\u00edda por um grupo de dirigentes, homens e mulheres empenhados em acolher, discutir, tratar e resolver os problemas dos seus associados.<\/span><\/span><\/span><\/span><\/p>\n<p align=\"JUSTIFY\"><span style=\"font-family: 'Times New Roman', serif\"><span style=\"font-size: medium\"><span style=\"font-family: Verdana, sans-serif\"><span style=\"font-size: small\">Para al\u00e9m da sede existem v\u00e1rias <\/span><\/span><span style=\"font-family: Verdana, sans-serif\"><span style=\"font-size: small\"><b>delega\u00e7\u00f5es <\/b><\/span><\/span><span style=\"font-family: Verdana, sans-serif\"><span style=\"font-size: small\">que cobrem todos distritos e que garantem uma maior proximidade do Sindicato aos Trabalhadores.<\/span><\/span><\/span><\/span><\/p>\n<p align=\"JUSTIFY\"><span style=\"font-family: 'Times New Roman', serif\"><span style=\"font-family: Verdana, sans-serif\"><span style=\"font-size: small\"><b>Departamentos e \u00e1reas de interven\u00e7\u00e3o especializadas <\/b><\/span><\/span><span style=\"font-family: Verdana, sans-serif\"><span style=\"font-size: small\">que dinamizam, quer a a\u00e7\u00e3o reivindicativa, quer a negocia\u00e7\u00e3o de melhores condi\u00e7\u00f5es de vida e de trabalho, e zelam pelo cumprimento dos direitos dos trabalhadores, pelo aumento dos sal\u00e1rios, enquadramento, categorias, ferias, faltas, etc.<\/span><\/span> <\/span><\/p>\n<p align=\"JUSTIFY\"><span style=\"font-family: 'Times New Roman', serif\"><span style=\"font-size: medium\"><span style=\"font-family: Verdana, sans-serif\"><span style=\"font-size: small\">Um conjunto de <\/span><\/span><span style=\"font-family: Verdana, sans-serif\"><span style=\"font-size: small\"><b>t\u00e9cnicos e profissionais qualificados <\/b><\/span><\/span><span style=\"font-family: Verdana, sans-serif\"><span style=\"font-size: small\">para prestar assist\u00eancia aos Associados em todos os assuntos do trabalho: respostas a notas de culpa; informa\u00e7\u00f5es; resolu\u00e7\u00e3o de conflitos; processos disciplinares, etc&#8230;<\/span><\/span><\/span><\/span><\/p>\n<p align=\"JUSTIFY\"><span style=\"font-family: 'Times New Roman', serif\"><span style=\"font-size: medium\"><span style=\"font-family: Verdana, sans-serif\"><span style=\"font-size: small\">Um <\/span><\/span><span style=\"font-family: Verdana, sans-serif\"><span style=\"font-size: small\"><b>servi\u00e7o de informa\u00e7\u00f5es jur\u00eddicas extra-laborais<\/b><\/span><\/span><span style=\"font-family: Verdana, sans-serif\"><span style=\"font-size: small\">: quest\u00f5es de fam\u00edlia; arrendamento; partilhas; contratos-promessa\u2026<\/span><\/span><\/span><\/span><\/p>\n<p align=\"JUSTIFY\"><strong>Sindicaliza-te \u00a0<\/strong><\/p>\n<ul>\n<li>Porque d\u00e1s mais for\u00e7a \u00e0 tua raz\u00e3o.<\/li>\n<li>Porque valorizas a tua profiss\u00e3o.<\/li>\n<li>Porque garantes a aplica\u00e7\u00e3o do contrato e refor\u00e7as os teus direitos individuais e colectivos.<\/li>\n<li>Porque tens acesso a um apoio qualificado sempre que dele necessites.<\/li>\n<li>\n<p align=\"JUSTIFY\">Sindicalizado passas a pertencer a um sindicato de classe que, na sua a\u00e7\u00e3o, tudo far\u00e1 para defender os teus direitos e os direitos dos trabalhadores.<\/p>\n<\/li>\n<li>\n<p align=\"JUSTIFY\">Sindicalizado passas a ter benef\u00edcios fiscais, pois o valor da quota \u00e9 deduzido no IRS.<\/p>\n<\/li>\n<li>\n<p align=\"JUSTIFY\">Um Sindicato que, independentemente das dificuldades, n\u00e3o abdica de lutar pela melhoria das condi\u00e7\u00f5es de vida e de trabalho, pela valoriza\u00e7\u00e3o e dignifica\u00e7\u00e3o profissional.<\/p>\n<\/li>\n<\/ul>\n<p><a href=\"https:\/\/drive.google.com\/file\/d\/1t4awlJfGyZwdBuvxtszQwds01O4Vt_zh\/view?fbclid=IwAR2hR4a-TuQcngsx0rcYsy6LB9COhbYHOavBhhZb5HCmSZlMhBCrAFzmmis\">Descarrega aqui a ficha de inscri\u00e7\u00e3o no SINTAB<\/a><\/p>\n<p>&nbsp;<\/p>\n<p>&nbsp;<\/p>\n","protected":false},"excerpt":{"rendered":"<p>Somos o sindicato que representa os Trabalhadores da agricultura e das industrias da alimenta\u00e7\u00e3o, bebidas e tabacos, com uma abrang\u00eancia a diversos setores e sub-setores da actividade econ\u00f3mica, nomeadamente: No setor alimentar: Ind\u00fastria de panifica\u00e7\u00e3o; Ind\u00fastria de pastelaria, Confeitaria e &hellip; <a href=\"https:\/\/sindicatos.cgtp.pt\/sintab\/sindicalizacao\/\">Continuar a ler <span class=\"meta-nav\">&rarr;<\/span><\/a><\/p>\n","protected":false},"author":1,"featured_media":0,"parent":0,"menu_order":0,"comment_status":"closed","ping_status":"open","template":"","meta":{"footnotes":""},"class_list":["post-10","page","type-page","status-publish","hentry"],"_links":{"self":[{"href":"https:\/\/sindicatos.cgtp.pt\/sintab\/wp-json\/wp\/v2\/pages\/10","targetHints":{"allow":["GET"]}}],"collection":[{"href":"https:\/\/sindicatos.cgtp.pt\/sintab\/wp-json\/wp\/v2\/pages"}],"about":[{"href":"https:\/\/sindicatos.cgtp.pt\/sintab\/wp-json\/wp\/v2\/types\/page"}],"author":[{"embeddable":true,"href":"https:\/\/sindicatos.cgtp.pt\/sintab\/wp-json\/wp\/v2\/users\/1"}],"replies":[{"embeddable":true,"href":"https:\/\/sindicatos.cgtp.pt\/sintab\/wp-json\/wp\/v2\/comments?post=10"}],"version-history":[{"count":9,"href":"https:\/\/sindicatos.cgtp.pt\/sintab\/wp-json\/wp\/v2\/pages\/10\/revisions"}],"predecessor-version":[{"id":17,"href":"https:\/\/sindicatos.cgtp.pt\/sintab\/wp-json\/wp\/v2\/pages\/10\/revisions\/17"}],"wp:attachment":[{"href":"https:\/\/sindicatos.cgtp.pt\/sintab\/wp-json\/wp\/v2\/media?parent=10"}],"curies":[{"name":"wp","href":"https:\/\/api.w.org\/{rel}","templated":true}]}}