{"id":27,"date":"2013-03-13T17:17:33","date_gmt":"2013-03-13T17:17:33","guid":{"rendered":"http:\/\/sindicatos.redelocal\/tpl-sindicato\/?page_id=27"},"modified":"2013-04-18T10:53:07","modified_gmt":"2013-04-18T10:53:07","slug":"historia","status":"publish","type":"page","link":"https:\/\/sindicatos.cgtp.pt\/sintab\/sindicato\/historia\/","title":{"rendered":"Hist\u00f3ria"},"content":{"rendered":"<p>O Movimento Sindical Portugu\u00eas por for\u00e7a da ditadura fascista que governou Portugal durante 48 anos, esteve sobre a al\u00e7ada do corporativismo sindical, onde a aus\u00eancia total das liberdades sindicais era a todos os n\u00edveis e onde a intromiss\u00e3o administrativa do poder pol\u00edtico fascista era a pr\u00e1tica corrente fazendo-se sentir repressivamente sobre os trabalhadores.<br \/>\nA revolu\u00e7\u00e3o democr\u00e1tica nacional sa\u00edda do 25 de Abril de 1974, veio alterar este ca\u00f3tico e desprez\u00edvel estado de coisas, devolvendo aos trabalhadores o direito leg\u00edtimo de se organizarem e dirigirem os seus sindicatos.<br \/>\nE foi assim que os trabalhadores das ind\u00fastrias de Panifica\u00e7\u00e3o e de Do\u00e7aria tomaram as direc\u00e7\u00f5es dos seus sindicatos, expulsaram as direc\u00e7\u00f5es sindicais &#8220;fantoches&#8221;, impostas pelo Governo fascista (nos sindicatos corporativos), nomearam Comiss\u00f5es Directivas Provis\u00f3rias cujo objectivo foi de organizarem e realizarem elei\u00e7\u00f5es livres e democr\u00e1ticas onde os trabalhadores livremente elegessem os seus leg\u00edtimos representantes.<br \/>\nEsta foi a primeira fase de um processo de reestrutura\u00e7\u00e3o sindical que a revolu\u00e7\u00e3o democr\u00e1tica nacional em curso no pa\u00eds veio impor.<br \/>\nE foi neste contexto revolucion\u00e1rio que os trabalhadores e as suas organiza\u00e7\u00f5es sindicais sentiram necessidade de refor\u00e7arem a sua organiza\u00e7\u00e3o e unidade para melhor responderem \u00e0s exig\u00eancias que a situa\u00e7\u00e3o imponha.<br \/>\nE foi com esta perspectiva que, as direc\u00e7\u00f5es dos Sindicatos dos Trabalhadores da Ind\u00fastria de Panifica\u00e7\u00e3o de Leiria; Santar\u00e9m; Lisboa; Set\u00fabal; Alentejo e Algarve e do Sindicato do Pessoal da Ind\u00fastria de Do\u00e7aria do Distrito de Lisboa decidiram unir esfor\u00e7os e vontades, criando um novo Sindicato.<br \/>\nPara o cumprimento deste objectivo, elaborou-se uma proposta de estatutos que submetida \u00e0 discuss\u00e3o em centenas de plen\u00e1rios de trabalhadores nas empresas visou o esclarecimento e a mobiliza\u00e7\u00e3o dos mesmos e que culminou na realiza\u00e7\u00e3o de Assembleias Gerais de cada sindicato que decidiram pela fus\u00e3o do seu sindicato, a participa\u00e7\u00e3o na Comiss\u00e3o Dinamizadora e a consequente cria\u00e7\u00e3o de um novo sindicato cuja assembleia constituinte se realizar\u00e1 em 21 de Janeiro de 1979.<br \/>\nForam ent\u00e3o realizadas as seguintes Assembleias Gerais:<br \/>\nSindicato dos Trabalhadores das Ind\u00fastrias de Panifica\u00e7\u00e3o e Produtos Alimentares Afins do Distrito de Leiria &#8211; Assembleia Geral realizada em 27 de Novembro de 1977.<br \/>\nSindicato dos Trabalhadores da Ind\u00fastria de Panifica\u00e7\u00e3o e Produtos Alimentares Afins do Distrito de Santar\u00e9m &#8211; Assembleia Geral realizada em 18 de Dezembro de 1977.<\/p>\n<p>Sindicato dos Trabalhadores da Ind\u00fastria de Panifica\u00e7\u00e3o e Produtos Alimentares Afins do Distrito de Lisboa &#8211; Assembleia Geral realizada em 29 de Fevereiro de 1978.<br \/>\nSindicato dos Trabalhadores da Ind\u00fastria de Panifica\u00e7\u00e3o do Distrito de Set\u00fabal \u00adAssembleia Geral realizada em 4 de Dezembro de 1977.<br \/>\nSindicato dos Trabalhadores das Ind\u00fastrias de Panifica\u00e7\u00e3o e Produtos Alimentares Afins do Alentejo e Algarve &#8211; Assembleia Geral realizada em 22 de Janeiro de 1978.<br \/>\nSindicato Nacional do Pessoal da Ind\u00fastria de Do\u00e7aria do Distrito de Lisboa \u00adAssembleia Geral realizada em 12 de Novembro de 1978.<br \/>\nFoi com o culminar destas Assembleias Gerais que se realizou no Clube Atl\u00e9tico Campo de Ourique a Assembleia Constituinte em 21 de Janeiro de 1979, com o Lema &#8211; REFOR\u00c7AR A UNIDADE &#8211; CONSTRUIR O FUTURO, com a presen\u00e7a de 2.226 trabalhadores votando destes 2.209 = 99,23%. Nasceu assim o Sindicato dos Trabalhadores das Ind\u00fastrias Alimentares de Hidratos de Carbono do Sul.<br \/>\nNesta Assembleia Constituinte foi ainda decidido:<br \/>\nAprovar os estatutos do sindicato;<br \/>\nEleger a Comiss\u00e3o Directiva provis\u00f3ria;<br \/>\nFiliar-se na Federa\u00e7\u00e3o dos Sindicatos dos Ind\u00fastrias de Panifica\u00e7\u00e3o, Produtos Alimentares e Afins e na CGTP-IN &#8211; Confedera\u00e7\u00e3o Geral dos Trabalhadores Portugueses &#8211; Intersindical Nacional com a participa\u00e7\u00e3o de 82,56% dos trabalhadores presentes na Assembleia.<br \/>\nEm 24 de Outubro de 1979, pela primeira vez e sob o lema &#8220;Unir e Ore:anizar os Trabalhadores &#8211; Por melhores condi\u00e7\u00f5es de vida&#8221;, reuniu a Assembleia Eleitoral deste novo Sindicato, elegendo os seus corpos directivos para o tri\u00e9nio 1979\/1982.<br \/>\nComo sempre foi entendido pela direc\u00e7\u00e3o deste sindicato, a reestrutura\u00e7\u00e3o e organiza\u00e7\u00e3o sindical devem ser processos din\u00e2micos e evolutivos e nesse sentido criativo tendo sempre em vista a defesa da unidade e a concretiza\u00e7\u00e3o da luta em tomo dos direitos e interesses dos trabalhadores que representam.<br \/>\nE foi assim Que:<br \/>\nO Sindicato dos Trabalhadores da Ind\u00fastria A\u00e7ucareira &#8211; em Assembleia Geral Extraordin\u00e1ria, realizada em 1980 &#8211; decidiram integrar-se no Sindicato dos Trabalhadores das Ind\u00fastrias Alimentares de Hidratos de Carbono do Sul.<br \/>\nEm 17 de Novembro de 1982 &#8211; reuniu a Assembleia Geral Extraordin\u00e1ria para altera\u00e7\u00e3o da sua denomina\u00e7\u00e3o, passando a designar-se &#8211; Sindicato dos Trabalhadores das Ind\u00fastrias Alimentares de Hidratos de Carbono do Sul e Ilhas.<br \/>\nEm 1983 &#8211; O Sindicato dos Trabalhadores da Panifica\u00e7\u00e3o, Moagens, Do\u00e7aria e Similares do Distrito do Funchal integram-se no Sindicato das Ind\u00fastrias Alimentares de Hidratos de Carbono do Sul e Ilhas.<\/p>\n<p>Em 18 de Outubro de 1993 a Assembleia Geral Extraordin\u00e1ria reuniu novamente para proceder a altera\u00e7\u00f5es estatut\u00e1rias que visaram alterar o \u00e2mbito sectorial e a respectiva denomina\u00e7\u00e3o do Sindicato dos Trabalhadores das Ind\u00fastrias Alimentares de Hidratos de Carbono do Sul e Ilhas para Sindicato dos Trabalhadores das Ind\u00fastrias de Alimentac\u00e3o do Sul e Tabacos.<br \/>\nEm 25 de Novembro de 1993, o Sindicato dos Trabalhadores da Ind\u00fastria de Tabacos, re\u00fane a Assembleia Geral Extraordin\u00e1ria para deliberar sobre a sua integra\u00e7\u00e3o no Sindicato dos Trabalhadores das Ind\u00fastrias de Alimentac\u00e3o do Sul e Tabacos.<br \/>\nAs primeiras elei\u00e7\u00f5es para os Corpos Gerentes do Sindicato dos Trabalhadores das Ind\u00fastrias de Alimentac\u00e3o do Sul e Tabacos, realizam-se em 28 de Dezembro de 1993.<br \/>\nSempre com a perspectiva do lema que deu inicio aos processos de reestrutura\u00e7\u00e3o sindical havidos no sector da Alimenta\u00e7\u00e3o \u2013 Refor\u00e7ar a Unidade \u2013 Construir o Futuro e tendo em conta as altera\u00e7\u00f5es e reestrutura\u00e7\u00f5es sectoriais registadas nestes \u00faltimos anos nos sectores da Agricultura, Bebidas, Alimenta\u00e7\u00e3o e Tabacos, as direc\u00e7\u00f5es dos sindicatos:<br \/>\n&#8211; Sindicato Nacional dos Trabalhadores e T\u00e9cnicos da Agricultura, Florestas e Pecu\u00e1ria<br \/>\n&#8211; Sindicato Nacional dos Trabalhadores das Ind\u00fastrias de Bebidas<br \/>\n&#8211; Sindicato dos Trabalhadores das Ind\u00fastrias de Alimenta\u00e7\u00e3o do Sul e Tabacos<br \/>\n&#8211; Sindicato dos Trabalhadores das Ind\u00fastrias Alimentares da Beira Interior<br \/>\nconclu\u00edram um processo de reestrutura\u00e7\u00e3o sindical que nos dias 16 e 17 de Mar\u00e7o de 2006, em Assembleias Gerais, deram ordem \u00e0 cria\u00e7\u00e3o de um novo sindicato designado: SINTAB \u2013 Sindicato dos Trabalhadores da Agricultura e das Ind\u00fastrias de Alimenta\u00e7\u00e3o, Bebidas e Tabacos de Portugal.<br \/>\nA constitui\u00e7\u00e3o deste sindicato teve uma grande participa\u00e7\u00e3o dos associados, realizando-se as primeiras elei\u00e7\u00f5es para os seus Corpos Gerentes em 29 e 30 de Junho de 2006.<\/p>\n","protected":false},"excerpt":{"rendered":"<p>O Movimento Sindical Portugu\u00eas por for\u00e7a da ditadura fascista que governou Portugal durante 48 anos, esteve sobre a al\u00e7ada do corporativismo sindical, onde a aus\u00eancia total das liberdades sindicais era a todos os n\u00edveis e onde a intromiss\u00e3o administrativa do &hellip; <a href=\"https:\/\/sindicatos.cgtp.pt\/sintab\/sindicato\/historia\/\">Continuar a ler <span class=\"meta-nav\">&rarr;<\/span><\/a><\/p>\n","protected":false},"author":1,"featured_media":0,"parent":25,"menu_order":0,"comment_status":"closed","ping_status":"open","template":"","meta":{"footnotes":""},"class_list":["post-27","page","type-page","status-publish","hentry"],"_links":{"self":[{"href":"https:\/\/sindicatos.cgtp.pt\/sintab\/wp-json\/wp\/v2\/pages\/27","targetHints":{"allow":["GET"]}}],"collection":[{"href":"https:\/\/sindicatos.cgtp.pt\/sintab\/wp-json\/wp\/v2\/pages"}],"about":[{"href":"https:\/\/sindicatos.cgtp.pt\/sintab\/wp-json\/wp\/v2\/types\/page"}],"author":[{"embeddable":true,"href":"https:\/\/sindicatos.cgtp.pt\/sintab\/wp-json\/wp\/v2\/users\/1"}],"replies":[{"embeddable":true,"href":"https:\/\/sindicatos.cgtp.pt\/sintab\/wp-json\/wp\/v2\/comments?post=27"}],"version-history":[{"count":3,"href":"https:\/\/sindicatos.cgtp.pt\/sintab\/wp-json\/wp\/v2\/pages\/27\/revisions"}],"predecessor-version":[{"id":85,"href":"https:\/\/sindicatos.cgtp.pt\/sintab\/wp-json\/wp\/v2\/pages\/27\/revisions\/85"}],"up":[{"embeddable":true,"href":"https:\/\/sindicatos.cgtp.pt\/sintab\/wp-json\/wp\/v2\/pages\/25"}],"wp:attachment":[{"href":"https:\/\/sindicatos.cgtp.pt\/sintab\/wp-json\/wp\/v2\/media?parent=27"}],"curies":[{"name":"wp","href":"https:\/\/api.w.org\/{rel}","templated":true}]}}