{"id":449,"date":"2013-05-17T16:40:10","date_gmt":"2013-05-17T16:40:10","guid":{"rendered":"http:\/\/sindicatos.cgtp.pt\/sintab\/?page_id=449"},"modified":"2013-10-25T09:39:51","modified_gmt":"2013-10-25T09:39:51","slug":"tomada-de-posse","status":"publish","type":"page","link":"https:\/\/sindicatos.cgtp.pt\/sintab\/galeria\/tomada-de-posse\/","title":{"rendered":"Tomada de Posse 2010"},"content":{"rendered":"<p>Tomada de posse dos \u00d3rg\u00e3os Dirigentes para o quadri\u00e9nio 2010\/2014<\/p>\n<p><a href=\"https:\/\/sindicatos.cgtp.pt\/sintab\/wp-content\/blogs.dir\/39\/files\/sites\/39\/2013\/05\/33846_163640033648271_7415279_n.jpg\"><img loading=\"lazy\" decoding=\"async\" class=\"alignleft size-medium wp-image-450\" alt=\"33846_163640033648271_7415279_n\" src=\"https:\/\/sindicatos.cgtp.pt\/sintab\/wp-content\/blogs.dir\/39\/files\/sites\/39\/2013\/05\/33846_163640033648271_7415279_n-240x180.jpg\" width=\"240\" height=\"180\" srcset=\"https:\/\/sindicatos.cgtp.pt\/sintab\/wp-content\/blogs.dir\/39\/files\/sites\/39\/2013\/05\/33846_163640033648271_7415279_n-240x180.jpg 240w, https:\/\/sindicatos.cgtp.pt\/sintab\/wp-content\/blogs.dir\/39\/files\/sites\/39\/2013\/05\/33846_163640033648271_7415279_n-160x120.jpg 160w, https:\/\/sindicatos.cgtp.pt\/sintab\/wp-content\/blogs.dir\/39\/files\/sites\/39\/2013\/05\/33846_163640033648271_7415279_n.jpg 720w\" sizes=\"auto, (max-width: 240px) 100vw, 240px\" \/><\/a> <a href=\"https:\/\/sindicatos.cgtp.pt\/sintab\/wp-content\/blogs.dir\/39\/files\/sites\/39\/2013\/05\/36057_163636630315278_6212986_n.jpg\"><img loading=\"lazy\" decoding=\"async\" class=\"alignleft size-medium wp-image-451\" alt=\"36057_163636630315278_6212986_n\" src=\"https:\/\/sindicatos.cgtp.pt\/sintab\/wp-content\/blogs.dir\/39\/files\/sites\/39\/2013\/05\/36057_163636630315278_6212986_n-240x180.jpg\" width=\"240\" height=\"180\" srcset=\"https:\/\/sindicatos.cgtp.pt\/sintab\/wp-content\/blogs.dir\/39\/files\/sites\/39\/2013\/05\/36057_163636630315278_6212986_n-240x180.jpg 240w, https:\/\/sindicatos.cgtp.pt\/sintab\/wp-content\/blogs.dir\/39\/files\/sites\/39\/2013\/05\/36057_163636630315278_6212986_n-160x120.jpg 160w, https:\/\/sindicatos.cgtp.pt\/sintab\/wp-content\/blogs.dir\/39\/files\/sites\/39\/2013\/05\/36057_163636630315278_6212986_n.jpg 720w\" sizes=\"auto, (max-width: 240px) 100vw, 240px\" \/><\/a> <a href=\"https:\/\/sindicatos.cgtp.pt\/sintab\/wp-content\/blogs.dir\/39\/files\/sites\/39\/2013\/05\/36064_163629613649313_361917_n.jpg\"><img loading=\"lazy\" decoding=\"async\" class=\"alignleft size-medium wp-image-452\" alt=\"36064_163629613649313_361917_n\" src=\"https:\/\/sindicatos.cgtp.pt\/sintab\/wp-content\/blogs.dir\/39\/files\/sites\/39\/2013\/05\/36064_163629613649313_361917_n-240x180.jpg\" width=\"240\" height=\"180\" srcset=\"https:\/\/sindicatos.cgtp.pt\/sintab\/wp-content\/blogs.dir\/39\/files\/sites\/39\/2013\/05\/36064_163629613649313_361917_n-240x180.jpg 240w, https:\/\/sindicatos.cgtp.pt\/sintab\/wp-content\/blogs.dir\/39\/files\/sites\/39\/2013\/05\/36064_163629613649313_361917_n-160x120.jpg 160w, https:\/\/sindicatos.cgtp.pt\/sintab\/wp-content\/blogs.dir\/39\/files\/sites\/39\/2013\/05\/36064_163629613649313_361917_n.jpg 720w\" sizes=\"auto, (max-width: 240px) 100vw, 240px\" \/><\/a> <a href=\"https:\/\/sindicatos.cgtp.pt\/sintab\/wp-content\/blogs.dir\/39\/files\/sites\/39\/2013\/05\/39417_163635960315345_1369274_n.jpg\"><img loading=\"lazy\" decoding=\"async\" class=\"alignleft size-medium wp-image-453\" alt=\"39417_163635960315345_1369274_n\" src=\"https:\/\/sindicatos.cgtp.pt\/sintab\/wp-content\/blogs.dir\/39\/files\/sites\/39\/2013\/05\/39417_163635960315345_1369274_n-240x180.jpg\" width=\"240\" height=\"180\" srcset=\"https:\/\/sindicatos.cgtp.pt\/sintab\/wp-content\/blogs.dir\/39\/files\/sites\/39\/2013\/05\/39417_163635960315345_1369274_n-240x180.jpg 240w, https:\/\/sindicatos.cgtp.pt\/sintab\/wp-content\/blogs.dir\/39\/files\/sites\/39\/2013\/05\/39417_163635960315345_1369274_n-160x120.jpg 160w, https:\/\/sindicatos.cgtp.pt\/sintab\/wp-content\/blogs.dir\/39\/files\/sites\/39\/2013\/05\/39417_163635960315345_1369274_n.jpg 720w\" sizes=\"auto, (max-width: 240px) 100vw, 240px\" \/><\/a> <a href=\"https:\/\/sindicatos.cgtp.pt\/sintab\/wp-content\/blogs.dir\/39\/files\/sites\/39\/2013\/05\/39607_163634146982193_6379042_n.jpg\"><img loading=\"lazy\" decoding=\"async\" class=\"alignleft size-medium wp-image-454\" alt=\"39607_163634146982193_6379042_n\" src=\"https:\/\/sindicatos.cgtp.pt\/sintab\/wp-content\/blogs.dir\/39\/files\/sites\/39\/2013\/05\/39607_163634146982193_6379042_n-240x180.jpg\" width=\"240\" height=\"180\" srcset=\"https:\/\/sindicatos.cgtp.pt\/sintab\/wp-content\/blogs.dir\/39\/files\/sites\/39\/2013\/05\/39607_163634146982193_6379042_n-240x180.jpg 240w, https:\/\/sindicatos.cgtp.pt\/sintab\/wp-content\/blogs.dir\/39\/files\/sites\/39\/2013\/05\/39607_163634146982193_6379042_n-160x120.jpg 160w, https:\/\/sindicatos.cgtp.pt\/sintab\/wp-content\/blogs.dir\/39\/files\/sites\/39\/2013\/05\/39607_163634146982193_6379042_n.jpg 720w\" sizes=\"auto, (max-width: 240px) 100vw, 240px\" \/><\/a> <a href=\"https:\/\/sindicatos.cgtp.pt\/sintab\/wp-content\/blogs.dir\/39\/files\/sites\/39\/2013\/05\/40865_163641193648155_6981854_n.jpg\"><img loading=\"lazy\" decoding=\"async\" class=\"alignleft size-medium wp-image-455\" alt=\"40865_163641193648155_6981854_n\" src=\"https:\/\/sindicatos.cgtp.pt\/sintab\/wp-content\/blogs.dir\/39\/files\/sites\/39\/2013\/05\/40865_163641193648155_6981854_n-240x180.jpg\" width=\"240\" height=\"180\" srcset=\"https:\/\/sindicatos.cgtp.pt\/sintab\/wp-content\/blogs.dir\/39\/files\/sites\/39\/2013\/05\/40865_163641193648155_6981854_n-240x180.jpg 240w, https:\/\/sindicatos.cgtp.pt\/sintab\/wp-content\/blogs.dir\/39\/files\/sites\/39\/2013\/05\/40865_163641193648155_6981854_n-160x120.jpg 160w, https:\/\/sindicatos.cgtp.pt\/sintab\/wp-content\/blogs.dir\/39\/files\/sites\/39\/2013\/05\/40865_163641193648155_6981854_n.jpg 720w\" sizes=\"auto, (max-width: 240px) 100vw, 240px\" \/><\/a> <a href=\"https:\/\/sindicatos.cgtp.pt\/sintab\/wp-content\/blogs.dir\/39\/files\/sites\/39\/2013\/05\/40874_163640956981512_727299_n.jpg\"><img loading=\"lazy\" decoding=\"async\" class=\"alignleft size-medium wp-image-456\" alt=\"40874_163640956981512_727299_n\" src=\"https:\/\/sindicatos.cgtp.pt\/sintab\/wp-content\/blogs.dir\/39\/files\/sites\/39\/2013\/05\/40874_163640956981512_727299_n-240x180.jpg\" width=\"240\" height=\"180\" srcset=\"https:\/\/sindicatos.cgtp.pt\/sintab\/wp-content\/blogs.dir\/39\/files\/sites\/39\/2013\/05\/40874_163640956981512_727299_n-240x180.jpg 240w, https:\/\/sindicatos.cgtp.pt\/sintab\/wp-content\/blogs.dir\/39\/files\/sites\/39\/2013\/05\/40874_163640956981512_727299_n-160x120.jpg 160w, https:\/\/sindicatos.cgtp.pt\/sintab\/wp-content\/blogs.dir\/39\/files\/sites\/39\/2013\/05\/40874_163640956981512_727299_n.jpg 720w\" sizes=\"auto, (max-width: 240px) 100vw, 240px\" \/><\/a> <a href=\"https:\/\/sindicatos.cgtp.pt\/sintab\/wp-content\/blogs.dir\/39\/files\/sites\/39\/2013\/05\/44213_163637030315238_6318285_n.jpg\"><img loading=\"lazy\" decoding=\"async\" class=\"alignleft size-medium wp-image-457\" alt=\"44213_163637030315238_6318285_n\" src=\"https:\/\/sindicatos.cgtp.pt\/sintab\/wp-content\/blogs.dir\/39\/files\/sites\/39\/2013\/05\/44213_163637030315238_6318285_n-240x180.jpg\" width=\"240\" height=\"180\" srcset=\"https:\/\/sindicatos.cgtp.pt\/sintab\/wp-content\/blogs.dir\/39\/files\/sites\/39\/2013\/05\/44213_163637030315238_6318285_n-240x180.jpg 240w, https:\/\/sindicatos.cgtp.pt\/sintab\/wp-content\/blogs.dir\/39\/files\/sites\/39\/2013\/05\/44213_163637030315238_6318285_n-160x120.jpg 160w, https:\/\/sindicatos.cgtp.pt\/sintab\/wp-content\/blogs.dir\/39\/files\/sites\/39\/2013\/05\/44213_163637030315238_6318285_n.jpg 720w\" sizes=\"auto, (max-width: 240px) 100vw, 240px\" \/><\/a> <a href=\"https:\/\/sindicatos.cgtp.pt\/sintab\/wp-content\/blogs.dir\/39\/files\/sites\/39\/2013\/05\/44921_163641776981430_3136519_n.jpg\"><img loading=\"lazy\" decoding=\"async\" class=\"alignleft size-medium wp-image-458\" alt=\"44921_163641776981430_3136519_n\" src=\"https:\/\/sindicatos.cgtp.pt\/sintab\/wp-content\/blogs.dir\/39\/files\/sites\/39\/2013\/05\/44921_163641776981430_3136519_n-240x180.jpg\" width=\"240\" height=\"180\" srcset=\"https:\/\/sindicatos.cgtp.pt\/sintab\/wp-content\/blogs.dir\/39\/files\/sites\/39\/2013\/05\/44921_163641776981430_3136519_n-240x180.jpg 240w, https:\/\/sindicatos.cgtp.pt\/sintab\/wp-content\/blogs.dir\/39\/files\/sites\/39\/2013\/05\/44921_163641776981430_3136519_n-160x120.jpg 160w, https:\/\/sindicatos.cgtp.pt\/sintab\/wp-content\/blogs.dir\/39\/files\/sites\/39\/2013\/05\/44921_163641776981430_3136519_n.jpg 720w\" sizes=\"auto, (max-width: 240px) 100vw, 240px\" \/><\/a> <a href=\"https:\/\/sindicatos.cgtp.pt\/sintab\/wp-content\/blogs.dir\/39\/files\/sites\/39\/2013\/05\/44967_163640923648182_6202072_n.jpg\"><img loading=\"lazy\" decoding=\"async\" class=\"alignleft size-medium wp-image-459\" alt=\"44967_163640923648182_6202072_n\" src=\"https:\/\/sindicatos.cgtp.pt\/sintab\/wp-content\/blogs.dir\/39\/files\/sites\/39\/2013\/05\/44967_163640923648182_6202072_n-240x180.jpg\" width=\"240\" height=\"180\" srcset=\"https:\/\/sindicatos.cgtp.pt\/sintab\/wp-content\/blogs.dir\/39\/files\/sites\/39\/2013\/05\/44967_163640923648182_6202072_n-240x180.jpg 240w, https:\/\/sindicatos.cgtp.pt\/sintab\/wp-content\/blogs.dir\/39\/files\/sites\/39\/2013\/05\/44967_163640923648182_6202072_n-160x120.jpg 160w, https:\/\/sindicatos.cgtp.pt\/sintab\/wp-content\/blogs.dir\/39\/files\/sites\/39\/2013\/05\/44967_163640923648182_6202072_n.jpg 720w\" sizes=\"auto, (max-width: 240px) 100vw, 240px\" \/><\/a> <a href=\"https:\/\/sindicatos.cgtp.pt\/sintab\/wp-content\/blogs.dir\/39\/files\/sites\/39\/2013\/05\/46289_163641950314746_5696804_n.jpg\"><img loading=\"lazy\" decoding=\"async\" class=\"alignleft size-medium wp-image-460\" alt=\"46289_163641950314746_5696804_n\" src=\"https:\/\/sindicatos.cgtp.pt\/sintab\/wp-content\/blogs.dir\/39\/files\/sites\/39\/2013\/05\/46289_163641950314746_5696804_n-240x180.jpg\" width=\"240\" height=\"180\" srcset=\"https:\/\/sindicatos.cgtp.pt\/sintab\/wp-content\/blogs.dir\/39\/files\/sites\/39\/2013\/05\/46289_163641950314746_5696804_n-240x180.jpg 240w, https:\/\/sindicatos.cgtp.pt\/sintab\/wp-content\/blogs.dir\/39\/files\/sites\/39\/2013\/05\/46289_163641950314746_5696804_n-160x120.jpg 160w, https:\/\/sindicatos.cgtp.pt\/sintab\/wp-content\/blogs.dir\/39\/files\/sites\/39\/2013\/05\/46289_163641950314746_5696804_n.jpg 720w\" sizes=\"auto, (max-width: 240px) 100vw, 240px\" \/><\/a> <a href=\"https:\/\/sindicatos.cgtp.pt\/sintab\/wp-content\/blogs.dir\/39\/files\/sites\/39\/2013\/05\/46316_163637880315153_570138_n.jpg\"><img loading=\"lazy\" decoding=\"async\" class=\"alignleft size-medium wp-image-461\" alt=\"46316_163637880315153_570138_n\" src=\"https:\/\/sindicatos.cgtp.pt\/sintab\/wp-content\/blogs.dir\/39\/files\/sites\/39\/2013\/05\/46316_163637880315153_570138_n-240x180.jpg\" width=\"240\" height=\"180\" srcset=\"https:\/\/sindicatos.cgtp.pt\/sintab\/wp-content\/blogs.dir\/39\/files\/sites\/39\/2013\/05\/46316_163637880315153_570138_n-240x180.jpg 240w, https:\/\/sindicatos.cgtp.pt\/sintab\/wp-content\/blogs.dir\/39\/files\/sites\/39\/2013\/05\/46316_163637880315153_570138_n-160x120.jpg 160w, https:\/\/sindicatos.cgtp.pt\/sintab\/wp-content\/blogs.dir\/39\/files\/sites\/39\/2013\/05\/46316_163637880315153_570138_n.jpg 720w\" sizes=\"auto, (max-width: 240px) 100vw, 240px\" \/><\/a> <a href=\"https:\/\/sindicatos.cgtp.pt\/sintab\/wp-content\/blogs.dir\/39\/files\/sites\/39\/2013\/05\/46348_163640720314869_4021925_n.jpg\"><img loading=\"lazy\" decoding=\"async\" class=\"alignleft size-medium wp-image-462\" alt=\"46348_163640720314869_4021925_n\" src=\"https:\/\/sindicatos.cgtp.pt\/sintab\/wp-content\/blogs.dir\/39\/files\/sites\/39\/2013\/05\/46348_163640720314869_4021925_n-240x180.jpg\" width=\"240\" height=\"180\" srcset=\"https:\/\/sindicatos.cgtp.pt\/sintab\/wp-content\/blogs.dir\/39\/files\/sites\/39\/2013\/05\/46348_163640720314869_4021925_n-240x180.jpg 240w, https:\/\/sindicatos.cgtp.pt\/sintab\/wp-content\/blogs.dir\/39\/files\/sites\/39\/2013\/05\/46348_163640720314869_4021925_n-160x120.jpg 160w, https:\/\/sindicatos.cgtp.pt\/sintab\/wp-content\/blogs.dir\/39\/files\/sites\/39\/2013\/05\/46348_163640720314869_4021925_n.jpg 720w\" sizes=\"auto, (max-width: 240px) 100vw, 240px\" \/><\/a> <a href=\"https:\/\/sindicatos.cgtp.pt\/sintab\/wp-content\/blogs.dir\/39\/files\/sites\/39\/2013\/05\/47063_163641220314819_7526195_n.jpg\"><img loading=\"lazy\" decoding=\"async\" class=\"alignleft size-medium wp-image-463\" alt=\"47063_163641220314819_7526195_n\" src=\"https:\/\/sindicatos.cgtp.pt\/sintab\/wp-content\/blogs.dir\/39\/files\/sites\/39\/2013\/05\/47063_163641220314819_7526195_n-240x180.jpg\" width=\"240\" height=\"180\" srcset=\"https:\/\/sindicatos.cgtp.pt\/sintab\/wp-content\/blogs.dir\/39\/files\/sites\/39\/2013\/05\/47063_163641220314819_7526195_n-240x180.jpg 240w, https:\/\/sindicatos.cgtp.pt\/sintab\/wp-content\/blogs.dir\/39\/files\/sites\/39\/2013\/05\/47063_163641220314819_7526195_n-160x120.jpg 160w, https:\/\/sindicatos.cgtp.pt\/sintab\/wp-content\/blogs.dir\/39\/files\/sites\/39\/2013\/05\/47063_163641220314819_7526195_n.jpg 720w\" sizes=\"auto, (max-width: 240px) 100vw, 240px\" \/><\/a> <a href=\"https:\/\/sindicatos.cgtp.pt\/sintab\/wp-content\/blogs.dir\/39\/files\/sites\/39\/2013\/05\/58107_163629060316035_4758902_n.jpg\"><img loading=\"lazy\" decoding=\"async\" class=\"alignleft size-medium wp-image-464\" alt=\"58107_163629060316035_4758902_n\" src=\"https:\/\/sindicatos.cgtp.pt\/sintab\/wp-content\/blogs.dir\/39\/files\/sites\/39\/2013\/05\/58107_163629060316035_4758902_n-240x180.jpg\" width=\"240\" height=\"180\" srcset=\"https:\/\/sindicatos.cgtp.pt\/sintab\/wp-content\/blogs.dir\/39\/files\/sites\/39\/2013\/05\/58107_163629060316035_4758902_n-240x180.jpg 240w, https:\/\/sindicatos.cgtp.pt\/sintab\/wp-content\/blogs.dir\/39\/files\/sites\/39\/2013\/05\/58107_163629060316035_4758902_n-160x120.jpg 160w, https:\/\/sindicatos.cgtp.pt\/sintab\/wp-content\/blogs.dir\/39\/files\/sites\/39\/2013\/05\/58107_163629060316035_4758902_n.jpg 720w\" sizes=\"auto, (max-width: 240px) 100vw, 240px\" \/><\/a> <a href=\"https:\/\/sindicatos.cgtp.pt\/sintab\/wp-content\/blogs.dir\/39\/files\/sites\/39\/2013\/05\/62460_163641756981432_7607253_n.jpg\"><img loading=\"lazy\" decoding=\"async\" class=\"alignleft size-medium wp-image-465\" alt=\"62460_163641756981432_7607253_n\" src=\"https:\/\/sindicatos.cgtp.pt\/sintab\/wp-content\/blogs.dir\/39\/files\/sites\/39\/2013\/05\/62460_163641756981432_7607253_n-240x180.jpg\" width=\"240\" height=\"180\" srcset=\"https:\/\/sindicatos.cgtp.pt\/sintab\/wp-content\/blogs.dir\/39\/files\/sites\/39\/2013\/05\/62460_163641756981432_7607253_n-240x180.jpg 240w, https:\/\/sindicatos.cgtp.pt\/sintab\/wp-content\/blogs.dir\/39\/files\/sites\/39\/2013\/05\/62460_163641756981432_7607253_n-160x120.jpg 160w, https:\/\/sindicatos.cgtp.pt\/sintab\/wp-content\/blogs.dir\/39\/files\/sites\/39\/2013\/05\/62460_163641756981432_7607253_n.jpg 720w\" sizes=\"auto, (max-width: 240px) 100vw, 240px\" \/><\/a> <a href=\"https:\/\/sindicatos.cgtp.pt\/sintab\/wp-content\/blogs.dir\/39\/files\/sites\/39\/2013\/05\/62498_163641980314743_271983_n.jpg\"><img loading=\"lazy\" decoding=\"async\" class=\"alignleft size-medium wp-image-466\" alt=\"62498_163641980314743_271983_n\" src=\"https:\/\/sindicatos.cgtp.pt\/sintab\/wp-content\/blogs.dir\/39\/files\/sites\/39\/2013\/05\/62498_163641980314743_271983_n-240x180.jpg\" width=\"240\" height=\"180\" srcset=\"https:\/\/sindicatos.cgtp.pt\/sintab\/wp-content\/blogs.dir\/39\/files\/sites\/39\/2013\/05\/62498_163641980314743_271983_n-240x180.jpg 240w, https:\/\/sindicatos.cgtp.pt\/sintab\/wp-content\/blogs.dir\/39\/files\/sites\/39\/2013\/05\/62498_163641980314743_271983_n-160x120.jpg 160w, https:\/\/sindicatos.cgtp.pt\/sintab\/wp-content\/blogs.dir\/39\/files\/sites\/39\/2013\/05\/62498_163641980314743_271983_n.jpg 720w\" sizes=\"auto, (max-width: 240px) 100vw, 240px\" \/><\/a> <a href=\"https:\/\/sindicatos.cgtp.pt\/sintab\/wp-content\/blogs.dir\/39\/files\/sites\/39\/2013\/05\/62563_163641723648102_6596444_n.jpg\"><img loading=\"lazy\" decoding=\"async\" class=\"alignleft size-medium wp-image-467\" alt=\"62563_163641723648102_6596444_n\" src=\"https:\/\/sindicatos.cgtp.pt\/sintab\/wp-content\/blogs.dir\/39\/files\/sites\/39\/2013\/05\/62563_163641723648102_6596444_n-240x180.jpg\" width=\"240\" height=\"180\" srcset=\"https:\/\/sindicatos.cgtp.pt\/sintab\/wp-content\/blogs.dir\/39\/files\/sites\/39\/2013\/05\/62563_163641723648102_6596444_n-240x180.jpg 240w, https:\/\/sindicatos.cgtp.pt\/sintab\/wp-content\/blogs.dir\/39\/files\/sites\/39\/2013\/05\/62563_163641723648102_6596444_n-160x120.jpg 160w, https:\/\/sindicatos.cgtp.pt\/sintab\/wp-content\/blogs.dir\/39\/files\/sites\/39\/2013\/05\/62563_163641723648102_6596444_n.jpg 720w\" sizes=\"auto, (max-width: 240px) 100vw, 240px\" \/><\/a> <a href=\"https:\/\/sindicatos.cgtp.pt\/sintab\/wp-content\/blogs.dir\/39\/files\/sites\/39\/2013\/05\/62785_163641496981458_7602576_n.jpg\"><img loading=\"lazy\" decoding=\"async\" class=\"alignleft size-medium wp-image-468\" alt=\"62785_163641496981458_7602576_n\" src=\"https:\/\/sindicatos.cgtp.pt\/sintab\/wp-content\/blogs.dir\/39\/files\/sites\/39\/2013\/05\/62785_163641496981458_7602576_n-240x180.jpg\" width=\"240\" height=\"180\" srcset=\"https:\/\/sindicatos.cgtp.pt\/sintab\/wp-content\/blogs.dir\/39\/files\/sites\/39\/2013\/05\/62785_163641496981458_7602576_n-240x180.jpg 240w, https:\/\/sindicatos.cgtp.pt\/sintab\/wp-content\/blogs.dir\/39\/files\/sites\/39\/2013\/05\/62785_163641496981458_7602576_n-160x120.jpg 160w, https:\/\/sindicatos.cgtp.pt\/sintab\/wp-content\/blogs.dir\/39\/files\/sites\/39\/2013\/05\/62785_163641496981458_7602576_n.jpg 720w\" sizes=\"auto, (max-width: 240px) 100vw, 240px\" \/><\/a> <a href=\"https:\/\/sindicatos.cgtp.pt\/sintab\/wp-content\/blogs.dir\/39\/files\/sites\/39\/2013\/05\/62912_163641466981461_1406758_n.jpg\"><img loading=\"lazy\" decoding=\"async\" class=\"alignleft size-medium wp-image-469\" alt=\"62912_163641466981461_1406758_n\" src=\"https:\/\/sindicatos.cgtp.pt\/sintab\/wp-content\/blogs.dir\/39\/files\/sites\/39\/2013\/05\/62912_163641466981461_1406758_n-240x180.jpg\" width=\"240\" height=\"180\" srcset=\"https:\/\/sindicatos.cgtp.pt\/sintab\/wp-content\/blogs.dir\/39\/files\/sites\/39\/2013\/05\/62912_163641466981461_1406758_n-240x180.jpg 240w, https:\/\/sindicatos.cgtp.pt\/sintab\/wp-content\/blogs.dir\/39\/files\/sites\/39\/2013\/05\/62912_163641466981461_1406758_n-160x120.jpg 160w, https:\/\/sindicatos.cgtp.pt\/sintab\/wp-content\/blogs.dir\/39\/files\/sites\/39\/2013\/05\/62912_163641466981461_1406758_n.jpg 720w\" sizes=\"auto, (max-width: 240px) 100vw, 240px\" \/><\/a> <a href=\"https:\/\/sindicatos.cgtp.pt\/sintab\/wp-content\/blogs.dir\/39\/files\/sites\/39\/2013\/05\/62954_163640683648206_2426222_n.jpg\"><img loading=\"lazy\" decoding=\"async\" class=\"alignleft size-medium wp-image-470\" alt=\"62954_163640683648206_2426222_n\" src=\"https:\/\/sindicatos.cgtp.pt\/sintab\/wp-content\/blogs.dir\/39\/files\/sites\/39\/2013\/05\/62954_163640683648206_2426222_n-240x180.jpg\" width=\"240\" height=\"180\" srcset=\"https:\/\/sindicatos.cgtp.pt\/sintab\/wp-content\/blogs.dir\/39\/files\/sites\/39\/2013\/05\/62954_163640683648206_2426222_n-240x180.jpg 240w, https:\/\/sindicatos.cgtp.pt\/sintab\/wp-content\/blogs.dir\/39\/files\/sites\/39\/2013\/05\/62954_163640683648206_2426222_n-160x120.jpg 160w, https:\/\/sindicatos.cgtp.pt\/sintab\/wp-content\/blogs.dir\/39\/files\/sites\/39\/2013\/05\/62954_163640683648206_2426222_n.jpg 720w\" sizes=\"auto, (max-width: 240px) 100vw, 240px\" \/><\/a> <a href=\"https:\/\/sindicatos.cgtp.pt\/sintab\/wp-content\/blogs.dir\/39\/files\/sites\/39\/2013\/05\/62988_163639713648303_830162_n.jpg\"><img loading=\"lazy\" decoding=\"async\" class=\"alignleft size-medium wp-image-471\" alt=\"62988_163639713648303_830162_n\" src=\"https:\/\/sindicatos.cgtp.pt\/sintab\/wp-content\/blogs.dir\/39\/files\/sites\/39\/2013\/05\/62988_163639713648303_830162_n-240x180.jpg\" width=\"240\" height=\"180\" srcset=\"https:\/\/sindicatos.cgtp.pt\/sintab\/wp-content\/blogs.dir\/39\/files\/sites\/39\/2013\/05\/62988_163639713648303_830162_n-240x180.jpg 240w, https:\/\/sindicatos.cgtp.pt\/sintab\/wp-content\/blogs.dir\/39\/files\/sites\/39\/2013\/05\/62988_163639713648303_830162_n-160x120.jpg 160w, https:\/\/sindicatos.cgtp.pt\/sintab\/wp-content\/blogs.dir\/39\/files\/sites\/39\/2013\/05\/62988_163639713648303_830162_n.jpg 720w\" sizes=\"auto, (max-width: 240px) 100vw, 240px\" \/><\/a> <a href=\"https:\/\/sindicatos.cgtp.pt\/sintab\/wp-content\/blogs.dir\/39\/files\/sites\/39\/2013\/05\/63076_163639253648349_6289243_n.jpg\"><img loading=\"lazy\" decoding=\"async\" class=\"alignleft size-medium wp-image-472\" alt=\"63076_163639253648349_6289243_n\" src=\"https:\/\/sindicatos.cgtp.pt\/sintab\/wp-content\/blogs.dir\/39\/files\/sites\/39\/2013\/05\/63076_163639253648349_6289243_n-240x180.jpg\" width=\"240\" height=\"180\" srcset=\"https:\/\/sindicatos.cgtp.pt\/sintab\/wp-content\/blogs.dir\/39\/files\/sites\/39\/2013\/05\/63076_163639253648349_6289243_n-240x180.jpg 240w, https:\/\/sindicatos.cgtp.pt\/sintab\/wp-content\/blogs.dir\/39\/files\/sites\/39\/2013\/05\/63076_163639253648349_6289243_n-160x120.jpg 160w, https:\/\/sindicatos.cgtp.pt\/sintab\/wp-content\/blogs.dir\/39\/files\/sites\/39\/2013\/05\/63076_163639253648349_6289243_n.jpg 720w\" sizes=\"auto, (max-width: 240px) 100vw, 240px\" \/><\/a> <a href=\"https:\/\/sindicatos.cgtp.pt\/sintab\/wp-content\/blogs.dir\/39\/files\/sites\/39\/2013\/05\/63345_163642380314703_6056941_n.jpg\"><img loading=\"lazy\" decoding=\"async\" class=\"alignleft size-medium wp-image-473\" alt=\"63345_163642380314703_6056941_n\" src=\"https:\/\/sindicatos.cgtp.pt\/sintab\/wp-content\/blogs.dir\/39\/files\/sites\/39\/2013\/05\/63345_163642380314703_6056941_n-240x180.jpg\" width=\"240\" height=\"180\" srcset=\"https:\/\/sindicatos.cgtp.pt\/sintab\/wp-content\/blogs.dir\/39\/files\/sites\/39\/2013\/05\/63345_163642380314703_6056941_n-240x180.jpg 240w, https:\/\/sindicatos.cgtp.pt\/sintab\/wp-content\/blogs.dir\/39\/files\/sites\/39\/2013\/05\/63345_163642380314703_6056941_n-160x120.jpg 160w, https:\/\/sindicatos.cgtp.pt\/sintab\/wp-content\/blogs.dir\/39\/files\/sites\/39\/2013\/05\/63345_163642380314703_6056941_n.jpg 720w\" sizes=\"auto, (max-width: 240px) 100vw, 240px\" \/><\/a><\/p>\n","protected":false},"excerpt":{"rendered":"<p>Tomada de posse dos \u00d3rg\u00e3os Dirigentes para o quadri\u00e9nio 2010\/2014<\/p>\n","protected":false},"author":31,"featured_media":0,"parent":324,"menu_order":0,"comment_status":"closed","ping_status":"closed","template":"","meta":{"footnotes":""},"class_list":["post-449","page","type-page","status-publish","hentry"],"_links":{"self":[{"href":"https:\/\/sindicatos.cgtp.pt\/sintab\/wp-json\/wp\/v2\/pages\/449","targetHints":{"allow":["GET"]}}],"collection":[{"href":"https:\/\/sindicatos.cgtp.pt\/sintab\/wp-json\/wp\/v2\/pages"}],"about":[{"href":"https:\/\/sindicatos.cgtp.pt\/sintab\/wp-json\/wp\/v2\/types\/page"}],"author":[{"embeddable":true,"href":"https:\/\/sindicatos.cgtp.pt\/sintab\/wp-json\/wp\/v2\/users\/31"}],"replies":[{"embeddable":true,"href":"https:\/\/sindicatos.cgtp.pt\/sintab\/wp-json\/wp\/v2\/comments?post=449"}],"version-history":[{"count":2,"href":"https:\/\/sindicatos.cgtp.pt\/sintab\/wp-json\/wp\/v2\/pages\/449\/revisions"}],"predecessor-version":[{"id":729,"href":"https:\/\/sindicatos.cgtp.pt\/sintab\/wp-json\/wp\/v2\/pages\/449\/revisions\/729"}],"up":[{"embeddable":true,"href":"https:\/\/sindicatos.cgtp.pt\/sintab\/wp-json\/wp\/v2\/pages\/324"}],"wp:attachment":[{"href":"https:\/\/sindicatos.cgtp.pt\/sintab\/wp-json\/wp\/v2\/media?parent=449"}],"curies":[{"name":"wp","href":"https:\/\/api.w.org\/{rel}","templated":true}]}}