{"id":537,"date":"2013-07-01T14:14:32","date_gmt":"2013-07-01T14:14:32","guid":{"rendered":"http:\/\/sindicatos.cgtp.pt\/sintab\/?page_id=537"},"modified":"2013-07-01T14:14:32","modified_gmt":"2013-07-01T14:14:32","slug":"convencoes-colectivas-e-reivindicacoes-de-empresa-acordadas-em-2013","status":"publish","type":"page","link":"https:\/\/sindicatos.cgtp.pt\/sintab\/contratacao-colectiva\/convencoes-colectivas-e-reivindicacoes-de-empresa-acordadas-em-2013\/","title":{"rendered":"Conven\u00e7\u00f5es Colectivas e Reivindica\u00e7\u00f5es de Empresa Acordadas em 2013"},"content":{"rendered":"<p>Foram feitos os seguintes acordos:<\/p>\n<p>A.E.-\u00a0<strong>Sidul<\/strong>\u00a0A\u00e7ucares: Conte\u00fado do acordo \u2013Aumento salarial-2,01%; Aumento global, sal\u00e1rio mais clausulado pecuni\u00e1rio =2,1%<\/p>\n<p>CCT-\u00a0<strong>Ind\u00fastria de Bolacha<\/strong>: Conte\u00fado do Acordo \u2013Aumento salarial- 1,7% com 13,00 euros de aumento m\u00ednimo; Aumento global =acima de 2%.Publicado no BTE,N\u00ba12 de 29 de Mar\u00e7o de 2013.<\/p>\n<p>CCT-\u00a0<strong>Latic\u00ednios<\/strong>: Acordado o aumento salarial de 1,10%. Publicado no BTE, n\u00ba17 de 8 de Maio de 2013.<\/p>\n<p>CCT-\u00a0<strong>Moagens de Trigo, Milho e Centeio<\/strong>: Acordado o aumento salarial de 1,9%.Publicado no BTE, n\u00ba 19 de 22 de Maio de 2013.<\/p>\n<p>A.E.-\u00a0<strong>Sociedade Central de Cervejas<\/strong>: Acordado aumento salarial de 60 euros\u00a0 para 3 anos( 25,00 para 2013; 20,00 para 2014; 15,00 para 2015); trabalho suplementar pago nos valores do A.E.; garantido o descanso compensat\u00f3rio; subs\u00eddio de labora\u00e7\u00e3o continua para 200 euros.<\/p>\n<p>A.C.T.\u00a0<strong>Unicer<\/strong>: Em 19 de Abril foi acordado: Aumento salarial de 12,00 euros, acrescido de mais 2% para os trabalhadores da \u00e1rea de produ\u00e7\u00e3o; trabalho extraordin\u00e1rio, igual ao da S.C.C. (de 150% para 120%) com descanso compensat\u00f3rio a discutir em pr\u00f3xima revis\u00e3o do A.E.<\/p>\n<p>A.E.s da<strong>\u00a0Tabaqueira<\/strong>: Na reuni\u00e3o de 2 de Maio de 2013 foi celebrado o seguinte acordo: Aumento salarial de 1,1%; Clausulado pecuni\u00e1rio 1,1%; 50,00 Euros por trabalhador no ato de assinatura; Publicados no BTE, n\u00ba 22 de 15 de Junho de 2013.<\/p>\n<p>Caderno Reivindicativo na\u00a0<strong>Refrige<\/strong>. Na reuni\u00e3o de negocia\u00e7\u00e3o de 14 de Mar\u00e7o foi celebrado o seguinte acordo. Aumento salarial de 2,25% a sal\u00e1rios que rondem mais ou menos os 1000 euros para baixo e 1,5% para sal\u00e1rios que rondem para cima de 1000 euros; 750 euros fixado como sal\u00e1rio m\u00ednimo na empresa cujo aumento rondar\u00e1 entre os 7% a 9% com as respetivas corre\u00e7\u00f5es de assimetrias nos sal\u00e1rios; clausulado pecuni\u00e1rio diverso atualizado com 2,25%;.<\/p>\n<p>Caderno reivindicativo na empresa\u00a0<strong>Dailidoce<\/strong>. Setor de atividade Bolacha; N\u00ba de Trabalhadores 41; Acordado a reclassifica\u00e7\u00e3o profissional conforme o CCT para o setor das Bolachas.<\/p>\n<p>Caderno Reivindicativo da empresa\u00a0<strong>Matutano<\/strong>; setor de atividade, Batata Frita; n\u00ba de trabalhadores 224. Aumentos salariais entre 0,5% e 0,7%.<\/p>\n<p>Caderno Reivindicativo da Empresa\u00a0<strong>Queijo Saloio<\/strong>; Setor de atividade Latic\u00ednios; N\u00ba de trabalhadores, 70. Aumento Salarial 1,10%.<\/p>\n<p>Caderno Reivindicativo da empresa\u00a0<strong>FRISSUL<\/strong>; setor de atividade conservas pelo frio; N\u00ba de trabalhadores 82. Aumento salarial de 2% para trabalhadores que n\u00e3o tenham faltas injustificadas; 1,5% de aumento salarial para trabalhadores que tenham mais que cinco faltas injustificadas; subsidio para encargos com os livros escolares, abrange cerca de 50 trabalhadores; atribui\u00e7\u00e3o de um pr\u00e9mio de produ\u00e7\u00e3o.<\/p>\n","protected":false},"excerpt":{"rendered":"<p>Foram feitos os seguintes acordos: A.E.-\u00a0Sidul\u00a0A\u00e7ucares: Conte\u00fado do acordo \u2013Aumento salarial-2,01%; Aumento global, sal\u00e1rio mais clausulado pecuni\u00e1rio =2,1% CCT-\u00a0Ind\u00fastria de Bolacha: Conte\u00fado do Acordo \u2013Aumento salarial- 1,7% com 13,00 euros de aumento m\u00ednimo; Aumento global =acima de 2%.Publicado no BTE,N\u00ba12 &hellip; <a href=\"https:\/\/sindicatos.cgtp.pt\/sintab\/contratacao-colectiva\/convencoes-colectivas-e-reivindicacoes-de-empresa-acordadas-em-2013\/\">Continuar a ler <span class=\"meta-nav\">&rarr;<\/span><\/a><\/p>\n","protected":false},"author":31,"featured_media":0,"parent":99,"menu_order":0,"comment_status":"closed","ping_status":"open","template":"","meta":{"footnotes":""},"class_list":["post-537","page","type-page","status-publish","hentry"],"_links":{"self":[{"href":"https:\/\/sindicatos.cgtp.pt\/sintab\/wp-json\/wp\/v2\/pages\/537","targetHints":{"allow":["GET"]}}],"collection":[{"href":"https:\/\/sindicatos.cgtp.pt\/sintab\/wp-json\/wp\/v2\/pages"}],"about":[{"href":"https:\/\/sindicatos.cgtp.pt\/sintab\/wp-json\/wp\/v2\/types\/page"}],"author":[{"embeddable":true,"href":"https:\/\/sindicatos.cgtp.pt\/sintab\/wp-json\/wp\/v2\/users\/31"}],"replies":[{"embeddable":true,"href":"https:\/\/sindicatos.cgtp.pt\/sintab\/wp-json\/wp\/v2\/comments?post=537"}],"version-history":[{"count":1,"href":"https:\/\/sindicatos.cgtp.pt\/sintab\/wp-json\/wp\/v2\/pages\/537\/revisions"}],"predecessor-version":[{"id":538,"href":"https:\/\/sindicatos.cgtp.pt\/sintab\/wp-json\/wp\/v2\/pages\/537\/revisions\/538"}],"up":[{"embeddable":true,"href":"https:\/\/sindicatos.cgtp.pt\/sintab\/wp-json\/wp\/v2\/pages\/99"}],"wp:attachment":[{"href":"https:\/\/sindicatos.cgtp.pt\/sintab\/wp-json\/wp\/v2\/media?parent=537"}],"curies":[{"name":"wp","href":"https:\/\/api.w.org\/{rel}","templated":true}]}}