{"id":577,"date":"2013-08-01T13:19:30","date_gmt":"2013-08-01T13:19:30","guid":{"rendered":"http:\/\/sindicatos.cgtp.pt\/sintab\/?page_id=577"},"modified":"2026-03-17T11:14:05","modified_gmt":"2026-03-17T11:14:05","slug":"protocolos","status":"publish","type":"page","link":"https:\/\/sindicatos.cgtp.pt\/sintab\/protocolos\/","title":{"rendered":"Protocolos"},"content":{"rendered":"<p style=\"text-align: justify\">O Sindicato estabeleceu um conjunto de protocolos e parcerias com diversas empresas que permitem aos s\u00f3cios disporem de descontos em variados bens e\u00a0servi\u00e7os.<\/p>\n<p><img loading=\"lazy\" decoding=\"async\" class=\"alignleft size-thumbnail wp-image-2030\" src=\"https:\/\/sindicatos.cgtp.pt\/sintab\/wp-content\/blogs.dir\/39\/files\/sites\/39\/2013\/08\/twins-120x120.png\" alt=\"twins\" width=\"120\" height=\"120\" srcset=\"https:\/\/sindicatos.cgtp.pt\/sintab\/wp-content\/blogs.dir\/39\/files\/sites\/39\/2013\/08\/twins-120x120.png 120w, https:\/\/sindicatos.cgtp.pt\/sintab\/wp-content\/blogs.dir\/39\/files\/sites\/39\/2013\/08\/twins-240x240.png 240w, https:\/\/sindicatos.cgtp.pt\/sintab\/wp-content\/blogs.dir\/39\/files\/sites\/39\/2013\/08\/twins-300x300.png 300w, https:\/\/sindicatos.cgtp.pt\/sintab\/wp-content\/blogs.dir\/39\/files\/sites\/39\/2013\/08\/twins.png 800w\" sizes=\"auto, (max-width: 120px) 100vw, 120px\" \/><\/p>\n<p>&nbsp;<\/p>\n<p>TWINS FITNESS STATION (Santar\u00e9m) \u2013 Inscri\u00e7\u00e3o da oferta, no valor de 40\u20ac.\u00a0 Acesso ao valor mais baixo de mensalidade (29\u20ac) com fideliza\u00e7\u00e3o de apenas 6 meses e acesso livre tr\u00e2nsito sem restri\u00e7\u00f5es.<\/p>\n<p>&nbsp;<\/p>\n<p>&nbsp;<\/p>\n<table border=\"1\" cellspacing=\"0\" cellpadding=\"0\">\n<tbody>\n<tr>\n<td width=\"113\">\u00a0<img loading=\"lazy\" decoding=\"async\" class=\"alignleft size-thumbnail wp-image-1940\" src=\"https:\/\/sindicatos.cgtp.pt\/sintab\/wp-content\/blogs.dir\/39\/files\/sites\/39\/2013\/08\/transferir-2-120x120.jpg\" alt=\"transferir (2)\" width=\"120\" height=\"120\" srcset=\"https:\/\/sindicatos.cgtp.pt\/sintab\/wp-content\/blogs.dir\/39\/files\/sites\/39\/2013\/08\/transferir-2-120x120.jpg 120w, https:\/\/sindicatos.cgtp.pt\/sintab\/wp-content\/blogs.dir\/39\/files\/sites\/39\/2013\/08\/transferir-2.jpg 224w\" sizes=\"auto, (max-width: 120px) 100vw, 120px\" \/><\/td>\n<td width=\"378\">MOON &amp; SUN HOTELS (Porto e Braga) \u2013 Desconto de 15% sobre a melhor tarifa dispon\u00edvel em qualquer uma das unidades hoteleiras; Upgrade de tipologia, mediante disponibilidade; Bebida de boas vindas. C\u00f3digo Promocional: SINTAB.<\/td>\n<\/tr>\n<tr>\n<td width=\"113\">\u00a0<img loading=\"lazy\" decoding=\"async\" class=\"alignleft size-thumbnail wp-image-1947\" src=\"https:\/\/sindicatos.cgtp.pt\/sintab\/wp-content\/blogs.dir\/39\/files\/sites\/39\/2013\/08\/logo-120x120.png\" alt=\"logo\" width=\"120\" height=\"120\" \/><\/td>\n<td width=\"378\">F Palmela \u2013 Aldeamento Tur\u00edstico de Palmela \u2013 condi\u00e7\u00f5es de atendimento preferencial e de um desconto de 15% da tabela praticada.<\/td>\n<\/tr>\n<tr>\n<td width=\"113\">\u00a0<img loading=\"lazy\" decoding=\"async\" class=\"alignleft size-thumbnail wp-image-1948\" src=\"https:\/\/sindicatos.cgtp.pt\/sintab\/wp-content\/blogs.dir\/39\/files\/sites\/39\/2013\/08\/transferir-3-120x120.jpg\" alt=\"transferir (3)\" width=\"120\" height=\"120\" \/><\/td>\n<td width=\"378\">O protocolo com a Campif\u00e9rias, permite utilizar o Parque de Campismo de Vila Nova de Milfontes com pre\u00e7os reduzidos para os associados nos sindicatos da CGTP.<\/td>\n<\/tr>\n<tr>\n<td width=\"113\">\u00a0<img loading=\"lazy\" decoding=\"async\" class=\"alignleft size-thumbnail wp-image-1949\" src=\"https:\/\/sindicatos.cgtp.pt\/sintab\/wp-content\/blogs.dir\/39\/files\/sites\/39\/2013\/08\/Caravela-120x120.png\" alt=\"Caravela\" width=\"120\" height=\"120\" \/><\/td>\n<td width=\"378\">A COMPANHIA DE SEGUROS MACIF \u2013 Proporciona aos s\u00f3cios do sindicato, Reformados e familiares, seguros com descontos especiais.<\/td>\n<\/tr>\n<tr>\n<td width=\"113\">\u00a0<img loading=\"lazy\" decoding=\"async\" class=\"alignleft size-thumbnail wp-image-1950\" src=\"https:\/\/sindicatos.cgtp.pt\/sintab\/wp-content\/blogs.dir\/39\/files\/sites\/39\/2013\/08\/transferir-1-120x120.png\" alt=\"transferir (1)\" width=\"120\" height=\"120\" srcset=\"https:\/\/sindicatos.cgtp.pt\/sintab\/wp-content\/blogs.dir\/39\/files\/sites\/39\/2013\/08\/transferir-1-120x120.png 120w, https:\/\/sindicatos.cgtp.pt\/sintab\/wp-content\/blogs.dir\/39\/files\/sites\/39\/2013\/08\/transferir-1.png 225w\" sizes=\"auto, (max-width: 120px) 100vw, 120px\" \/><\/td>\n<td width=\"378\">Os s\u00f3cios do SINTAB poder\u00e3o ter acesso aos servi\u00e7os m\u00e9dicos do Sindicato dos Professores da Grande Lisboa a um pre\u00e7o mais baixo.<\/td>\n<\/tr>\n<tr>\n<td width=\"113\">\u00a0<img loading=\"lazy\" decoding=\"async\" class=\"alignleft size-thumbnail wp-image-1951\" src=\"https:\/\/sindicatos.cgtp.pt\/sintab\/wp-content\/blogs.dir\/39\/files\/sites\/39\/2013\/08\/inatel-logo-120x120.gif\" alt=\"inatel-logo\" width=\"120\" height=\"120\" \/><\/td>\n<td width=\"378\">INATEL \u2013 garante o acesso aos servi\u00e7os que presta em condi\u00e7\u00f5es especiais.<\/td>\n<\/tr>\n<tr>\n<td width=\"113\">\u00a0<img loading=\"lazy\" decoding=\"async\" class=\"alignleft size-thumbnail wp-image-1952\" src=\"https:\/\/sindicatos.cgtp.pt\/sintab\/wp-content\/blogs.dir\/39\/files\/sites\/39\/2013\/08\/transferir-4-120x120.jpg\" alt=\"transferir (4)\" width=\"120\" height=\"120\" srcset=\"https:\/\/sindicatos.cgtp.pt\/sintab\/wp-content\/blogs.dir\/39\/files\/sites\/39\/2013\/08\/transferir-4-120x120.jpg 120w, https:\/\/sindicatos.cgtp.pt\/sintab\/wp-content\/blogs.dir\/39\/files\/sites\/39\/2013\/08\/transferir-4.jpg 180w\" sizes=\"auto, (max-width: 120px) 100vw, 120px\" \/><\/td>\n<td width=\"378\">GRUPO DE AC\u00c7\u00c3O TEATRAL \u201cA BARRACA\u201d \u2013 Desconto na compra de bilhetes para os espet\u00e1culos.<\/td>\n<\/tr>\n<tr>\n<td width=\"113\">\u00a0<img loading=\"lazy\" decoding=\"async\" class=\"alignleft size-thumbnail wp-image-1953\" src=\"https:\/\/sindicatos.cgtp.pt\/sintab\/wp-content\/blogs.dir\/39\/files\/sites\/39\/2013\/08\/transferir-5-120x120.jpg\" alt=\"transferir (5)\" width=\"120\" height=\"120\" \/><\/td>\n<td width=\"378\">ISLA (Lisboa) \u2013 Permite aos associados do sindicato uma prepara\u00e7\u00e3o t\u00e9cnico-profissional de n\u00edvel superior, com uma redu\u00e7\u00e3o de 25% nas propinas mensais em qualquer dos cursos de licenciatura ministrados.<\/td>\n<\/tr>\n<tr>\n<td width=\"113\">\u00a0<img loading=\"lazy\" decoding=\"async\" class=\"alignleft size-thumbnail wp-image-1954\" src=\"https:\/\/sindicatos.cgtp.pt\/sintab\/wp-content\/blogs.dir\/39\/files\/sites\/39\/2013\/08\/transferir-2-120x120.png\" alt=\"transferir (2)\" width=\"120\" height=\"120\" \/><\/td>\n<td width=\"378\">DOUTORP\u00c9 \u2013 Clinica de Podologia- Permite o desconto de 10% nas consultas de podologia.<\/td>\n<\/tr>\n<tr>\n<td width=\"113\">\u00a0<img loading=\"lazy\" decoding=\"async\" class=\"alignleft size-thumbnail wp-image-1955\" src=\"https:\/\/sindicatos.cgtp.pt\/sintab\/wp-content\/blogs.dir\/39\/files\/sites\/39\/2013\/08\/transferir-3-120x120.png\" alt=\"transferir (3)\" width=\"120\" height=\"120\" srcset=\"https:\/\/sindicatos.cgtp.pt\/sintab\/wp-content\/blogs.dir\/39\/files\/sites\/39\/2013\/08\/transferir-3-120x120.png 120w, https:\/\/sindicatos.cgtp.pt\/sintab\/wp-content\/blogs.dir\/39\/files\/sites\/39\/2013\/08\/transferir-3.png 224w\" sizes=\"auto, (max-width: 120px) 100vw, 120px\" \/><\/td>\n<td width=\"378\">RODRIGUES OCULISTA \u2013 Desconto de 20% em aros e lentes, 15% em \u00f3culos de sol, 10% em lentes de contacto e l\u00edquidos, 10% em aparelhos de precis\u00e3o e 10%\u00a0em acess\u00f3rios.<\/td>\n<\/tr>\n<tr>\n<td width=\"113\">\u00a0<img loading=\"lazy\" decoding=\"async\" class=\"alignleft size-thumbnail wp-image-1956\" src=\"https:\/\/sindicatos.cgtp.pt\/sintab\/wp-content\/blogs.dir\/39\/files\/sites\/39\/2013\/08\/transferir-6-120x120.jpg\" alt=\"transferir (6)\" width=\"120\" height=\"120\" \/><\/td>\n<td width=\"378\">CLINICAMORIM (Oeiras) \u2013 25% em tratamentos de medicina dent\u00e1ria, para associados e familiares.<\/td>\n<\/tr>\n<tr>\n<td width=\"113\">\u00a0<img loading=\"lazy\" decoding=\"async\" class=\"alignleft size-thumbnail wp-image-1957\" src=\"https:\/\/sindicatos.cgtp.pt\/sintab\/wp-content\/blogs.dir\/39\/files\/sites\/39\/2013\/08\/logo-TC-positivo-vermelho-120x120.jpg\" alt=\"logo TC positivo vermelho\" width=\"120\" height=\"120\" \/><\/td>\n<td width=\"378\">Teatro da Cornuc\u00f3pia (Lisboa) \u2013 20% na aquisi\u00e7\u00e3o de bilhetes.<\/td>\n<\/tr>\n<tr>\n<td width=\"113\">\u00a0<img loading=\"lazy\" decoding=\"async\" class=\"alignleft size-thumbnail wp-image-1958\" src=\"https:\/\/sindicatos.cgtp.pt\/sintab\/wp-content\/blogs.dir\/39\/files\/sites\/39\/2013\/08\/1569256239921-120x120.jpg\" alt=\"1569256239921\" width=\"120\" height=\"120\" srcset=\"https:\/\/sindicatos.cgtp.pt\/sintab\/wp-content\/blogs.dir\/39\/files\/sites\/39\/2013\/08\/1569256239921-120x120.jpg 120w, https:\/\/sindicatos.cgtp.pt\/sintab\/wp-content\/blogs.dir\/39\/files\/sites\/39\/2013\/08\/1569256239921.jpg 200w\" sizes=\"auto, (max-width: 120px) 100vw, 120px\" \/><\/td>\n<td width=\"378\">Clinica Dent\u00e1ria Raizes Complexas (Alfragide) \u2013 15% de desconto em todos os tratamentos, para associados e familiares.<\/td>\n<\/tr>\n<tr>\n<td width=\"113\">\u00a0<img loading=\"lazy\" decoding=\"async\" class=\"alignleft size-thumbnail wp-image-1959\" src=\"https:\/\/sindicatos.cgtp.pt\/sintab\/wp-content\/blogs.dir\/39\/files\/sites\/39\/2013\/08\/transferir-4-120x120.png\" alt=\"transferir (4)\" width=\"120\" height=\"120\" \/><\/td>\n<td width=\"378\">Hotel Tivoli Park (Lisboa) \u2013 Condi\u00e7\u00f5es especiais para alojamento.<\/td>\n<\/tr>\n<tr>\n<td width=\"113\">\u00a0<img loading=\"lazy\" decoding=\"async\" class=\"alignleft size-thumbnail wp-image-1960\" src=\"https:\/\/sindicatos.cgtp.pt\/sintab\/wp-content\/blogs.dir\/39\/files\/sites\/39\/2013\/08\/transferir-7-120x120.jpg\" alt=\"transferir (7)\" width=\"120\" height=\"120\" srcset=\"https:\/\/sindicatos.cgtp.pt\/sintab\/wp-content\/blogs.dir\/39\/files\/sites\/39\/2013\/08\/transferir-7-120x120.jpg 120w, https:\/\/sindicatos.cgtp.pt\/sintab\/wp-content\/blogs.dir\/39\/files\/sites\/39\/2013\/08\/transferir-7.jpg 225w\" sizes=\"auto, (max-width: 120px) 100vw, 120px\" \/><\/td>\n<td width=\"378\">Hotel Roma (Lisboa) \u2013 Condi\u00e7\u00f5es especiais para alojamento.<\/td>\n<\/tr>\n<tr>\n<td width=\"113\"><\/td>\n<td width=\"378\">ILF INFORM\u00c1TICA, L\u00cdNGUAS E FORMA\u00c7\u00c3O \u2013 Desconto de 20% na frequ\u00eancia dos cursos e grupos existentes no ILF, para associados e familiares.<\/td>\n<\/tr>\n<tr>\n<td width=\"113\">\u00a0<img loading=\"lazy\" decoding=\"async\" class=\"alignleft size-thumbnail wp-image-1961\" src=\"https:\/\/sindicatos.cgtp.pt\/sintab\/wp-content\/blogs.dir\/39\/files\/sites\/39\/2013\/08\/1537256459828_logo-120x120.png\" alt=\"1537256459828_logo\" width=\"120\" height=\"120\" \/><\/td>\n<td width=\"378\">CAM \u2013 Cami\u00f5es, Autom\u00f3veis e Motores (Cascais) \u2013 Descontos de 5% na m\u00e3o-de-obra, at\u00e9 15% no valor das pe\u00e7as, 10% nos servi\u00e7os de chapa e pintura, servi\u00e7o de recolha e de entrega nas instala\u00e7\u00f5es da Tabaqueira. Condi\u00e7\u00f5es especiais na aquisi\u00e7\u00e3o de viaturas.<\/td>\n<\/tr>\n<tr>\n<td width=\"113\">\u00a0<img loading=\"lazy\" decoding=\"async\" class=\"alignleft size-thumbnail wp-image-1962\" src=\"https:\/\/sindicatos.cgtp.pt\/sintab\/wp-content\/blogs.dir\/39\/files\/sites\/39\/2013\/08\/transferir-5-120x120.png\" alt=\"transferir (5)\" width=\"120\" height=\"120\" srcset=\"https:\/\/sindicatos.cgtp.pt\/sintab\/wp-content\/blogs.dir\/39\/files\/sites\/39\/2013\/08\/transferir-5-120x120.png 120w, https:\/\/sindicatos.cgtp.pt\/sintab\/wp-content\/blogs.dir\/39\/files\/sites\/39\/2013\/08\/transferir-5.png 224w\" sizes=\"auto, (max-width: 120px) 100vw, 120px\" \/><\/td>\n<td width=\"378\">UTP \u2013 Universidade Portucalense (Porto) \u2013 Permite aos associados do sindicato e familiares uma prepara\u00e7\u00e3o t\u00e9cnico-profissional de n\u00edvel superior, com uma redu\u00e7\u00e3o de 10% no valor da inscri\u00e7\u00e3o, 15% no valor da anuidade. 10% na inscri\u00e7\u00e3o da matricula e 10% nos restantes encargos nos cursos n\u00e3o curriculares.<\/td>\n<\/tr>\n<tr>\n<td width=\"113\">\u00a0<img loading=\"lazy\" decoding=\"async\" class=\"alignleft size-thumbnail wp-image-1963\" src=\"https:\/\/sindicatos.cgtp.pt\/sintab\/wp-content\/blogs.dir\/39\/files\/sites\/39\/2013\/08\/transferir-6-120x120.png\" alt=\"transferir (6)\" width=\"120\" height=\"120\" srcset=\"https:\/\/sindicatos.cgtp.pt\/sintab\/wp-content\/blogs.dir\/39\/files\/sites\/39\/2013\/08\/transferir-6-120x120.png 120w, https:\/\/sindicatos.cgtp.pt\/sintab\/wp-content\/blogs.dir\/39\/files\/sites\/39\/2013\/08\/transferir-6.png 225w\" sizes=\"auto, (max-width: 120px) 100vw, 120px\" \/><\/td>\n<td width=\"378\">Municip\u00e1lia \u2013 Atribui aos associados e seus familiares, um desconto de 50% nos bilhetes das iniciativas no Centro Cultural Malaposta e 10% na mensalidade nata\u00e7\u00e3o pura e hidrogin\u00e1stica.<\/td>\n<\/tr>\n<tr>\n<td width=\"113\">\u00a0<img loading=\"lazy\" decoding=\"async\" class=\"alignleft size-thumbnail wp-image-1964\" src=\"https:\/\/sindicatos.cgtp.pt\/sintab\/wp-content\/blogs.dir\/39\/files\/sites\/39\/2013\/08\/images-120x120.png\" alt=\"images\" width=\"120\" height=\"120\" srcset=\"https:\/\/sindicatos.cgtp.pt\/sintab\/wp-content\/blogs.dir\/39\/files\/sites\/39\/2013\/08\/images-120x120.png 120w, https:\/\/sindicatos.cgtp.pt\/sintab\/wp-content\/blogs.dir\/39\/files\/sites\/39\/2013\/08\/images.png 225w\" sizes=\"auto, (max-width: 120px) 100vw, 120px\" \/><\/td>\n<td width=\"378\">Parque de Campismo Idanha-a-Nova \u2013 Desconto de 20% sobre o pre\u00e7o praticado.<\/td>\n<\/tr>\n<tr>\n<td width=\"113\">\u00a0<img loading=\"lazy\" decoding=\"async\" class=\"alignleft size-thumbnail wp-image-1965\" src=\"https:\/\/sindicatos.cgtp.pt\/sintab\/wp-content\/blogs.dir\/39\/files\/sites\/39\/2013\/08\/transferir-7-120x120.png\" alt=\"transferir (7)\" width=\"120\" height=\"120\" \/><\/td>\n<td width=\"378\">Booking Travel \u2013 Condi\u00e7\u00f5es especiais em diversos produtos.<\/td>\n<\/tr>\n<tr>\n<td width=\"113\"><\/td>\n<td width=\"378\">CENTRO DE F\u00c9RIAS \u2013 COSTA DA CAPARICA \u2013 tem \u00e0 disposi\u00e7\u00e3o de todos os trabalhadores sindicalizados no MSU, o seu Centro de F\u00e9rias na Costa da Capariaca, com condi\u00e7\u00f5es especiais.<\/td>\n<\/tr>\n<tr>\n<td width=\"113\">\u00a0<img loading=\"lazy\" decoding=\"async\" class=\"alignleft size-thumbnail wp-image-1966\" src=\"https:\/\/sindicatos.cgtp.pt\/sintab\/wp-content\/blogs.dir\/39\/files\/sites\/39\/2013\/08\/mara-alves-240x541-120x54.jpg\" alt=\"mara-alves-240x54\" width=\"120\" height=\"54\" \/><\/td>\n<td width=\"378\">Mara Alves \u2013 A Arte tem Lugar \u2013 Oferta de 1 aula de pintura\/desenho, sem compromisso, se gostar da experi\u00eancia, isen\u00e7\u00e3o do valor da inscri\u00e7\u00e3o e 50% de desconto na 1\u00aa mensalidade.<\/td>\n<\/tr>\n<tr>\n<td width=\"113\">\u00a0<img loading=\"lazy\" decoding=\"async\" class=\"alignleft size-thumbnail wp-image-1967\" src=\"https:\/\/sindicatos.cgtp.pt\/sintab\/wp-content\/blogs.dir\/39\/files\/sites\/39\/2013\/08\/images-1-97x120.png\" alt=\"images (1)\" width=\"97\" height=\"120\" \/><\/td>\n<td width=\"378\">CART\u00c3O CGTP Desconto entre os 15 e os 50% em diversos Teatros espalhados por todo o pa\u00eds.<\/td>\n<\/tr>\n<\/tbody>\n<\/table>\n","protected":false},"excerpt":{"rendered":"<p>O Sindicato estabeleceu um conjunto de protocolos e parcerias com diversas empresas que permitem aos s\u00f3cios disporem de descontos em variados bens e\u00a0servi\u00e7os. &nbsp; TWINS FITNESS STATION (Santar\u00e9m) \u2013 Inscri\u00e7\u00e3o da oferta, no valor de 40\u20ac.\u00a0 Acesso ao valor mais &hellip; <a href=\"https:\/\/sindicatos.cgtp.pt\/sintab\/protocolos\/\">Continuar a ler <span class=\"meta-nav\">&rarr;<\/span><\/a><\/p>\n","protected":false},"author":31,"featured_media":0,"parent":0,"menu_order":0,"comment_status":"closed","ping_status":"open","template":"","meta":{"footnotes":""},"class_list":["post-577","page","type-page","status-publish","hentry"],"_links":{"self":[{"href":"https:\/\/sindicatos.cgtp.pt\/sintab\/wp-json\/wp\/v2\/pages\/577","targetHints":{"allow":["GET"]}}],"collection":[{"href":"https:\/\/sindicatos.cgtp.pt\/sintab\/wp-json\/wp\/v2\/pages"}],"about":[{"href":"https:\/\/sindicatos.cgtp.pt\/sintab\/wp-json\/wp\/v2\/types\/page"}],"author":[{"embeddable":true,"href":"https:\/\/sindicatos.cgtp.pt\/sintab\/wp-json\/wp\/v2\/users\/31"}],"replies":[{"embeddable":true,"href":"https:\/\/sindicatos.cgtp.pt\/sintab\/wp-json\/wp\/v2\/comments?post=577"}],"version-history":[{"count":29,"href":"https:\/\/sindicatos.cgtp.pt\/sintab\/wp-json\/wp\/v2\/pages\/577\/revisions"}],"predecessor-version":[{"id":2170,"href":"https:\/\/sindicatos.cgtp.pt\/sintab\/wp-json\/wp\/v2\/pages\/577\/revisions\/2170"}],"wp:attachment":[{"href":"https:\/\/sindicatos.cgtp.pt\/sintab\/wp-json\/wp\/v2\/media?parent=577"}],"curies":[{"name":"wp","href":"https:\/\/api.w.org\/{rel}","templated":true}]}}