{"id":10,"date":"2013-03-13T13:23:08","date_gmt":"2013-03-13T13:23:08","guid":{"rendered":"http:\/\/sindicatos.redelocal\/tpl-sindicato\/?page_id=10"},"modified":"2013-03-13T13:37:07","modified_gmt":"2013-03-13T13:37:07","slug":"sindicalizacao","status":"publish","type":"page","link":"https:\/\/sindicatos.cgtp.pt\/site-centro-norte\/sindicalizacao\/","title":{"rendered":"Proteja os seus direitos, sindicalize-se!"},"content":{"rendered":"<p>Texto sobre sindicaliza\u00e7\u00e3o.<\/p>\n<h3>Como me posso sindicalizar?<\/h3>\n<p>Preencha a ficha de inscri\u00e7\u00e3o&#8230;<\/p>\n","protected":false},"excerpt":{"rendered":"<p>Texto sobre sindicaliza\u00e7\u00e3o. Como me posso sindicalizar? Preencha a ficha de inscri\u00e7\u00e3o&#8230;<\/p>\n","protected":false},"author":1,"featured_media":0,"parent":0,"menu_order":0,"comment_status":"closed","ping_status":"open","template":"","meta":{"footnotes":""},"class_list":["post-10","page","type-page","status-publish","hentry"],"_links":{"self":[{"href":"https:\/\/sindicatos.cgtp.pt\/site-centro-norte\/wp-json\/wp\/v2\/pages\/10","targetHints":{"allow":["GET"]}}],"collection":[{"href":"https:\/\/sindicatos.cgtp.pt\/site-centro-norte\/wp-json\/wp\/v2\/pages"}],"about":[{"href":"https:\/\/sindicatos.cgtp.pt\/site-centro-norte\/wp-json\/wp\/v2\/types\/page"}],"author":[{"embeddable":true,"href":"https:\/\/sindicatos.cgtp.pt\/site-centro-norte\/wp-json\/wp\/v2\/users\/1"}],"replies":[{"embeddable":true,"href":"https:\/\/sindicatos.cgtp.pt\/site-centro-norte\/wp-json\/wp\/v2\/comments?post=10"}],"version-history":[{"count":3,"href":"https:\/\/sindicatos.cgtp.pt\/site-centro-norte\/wp-json\/wp\/v2\/pages\/10\/revisions"}],"predecessor-version":[{"id":17,"href":"https:\/\/sindicatos.cgtp.pt\/site-centro-norte\/wp-json\/wp\/v2\/pages\/10\/revisions\/17"}],"wp:attachment":[{"href":"https:\/\/sindicatos.cgtp.pt\/site-centro-norte\/wp-json\/wp\/v2\/media?parent=10"}],"curies":[{"name":"wp","href":"https:\/\/api.w.org\/{rel}","templated":true}]}}