{"id":29,"date":"2013-03-13T17:21:48","date_gmt":"2013-03-13T17:21:48","guid":{"rendered":"http:\/\/sindicatos.redelocal\/tpl-sindicato\/?page_id=29"},"modified":"2014-10-31T10:38:42","modified_gmt":"2014-10-31T10:38:42","slug":"orgaos","status":"publish","type":"page","link":"https:\/\/sindicatos.cgtp.pt\/site-centro-norte\/sindicato\/orgaos\/","title":{"rendered":"\u00d3rg\u00e3os"},"content":{"rendered":"<h2><a href=\"https:\/\/sindicatos.cgtp.pt\/site-centro-norte\/wp-content\/blogs.dir\/46\/files\/sites\/46\/2013\/03\/Assembleia-Geral-Conselho-Fiscalizador-SITE-CN.pdf\">Assembleia Geral &#8211; Conselho Fiscalizador SITE CN<\/a><a href=\"https:\/\/sindicatos.cgtp.pt\/site-centro-norte\/wp-content\/blogs.dir\/46\/files\/sites\/46\/2013\/03\/Direc\u00e7\u00e3o-SITE-CN-1.pdf\">Direc\u00e7\u00e3o SITE CN-1<\/a><\/h2>\n<h2>Mesa da Assembleia Geral<\/h2>\n<p>(..)<\/p>\n<h2>Direc\u00e7\u00e3o<\/h2>\n<p>(..)<\/p>\n<h2>Conselho Fiscal<\/h2>\n<p>(&#8230;)<\/p>\n","protected":false},"excerpt":{"rendered":"<p>Assembleia Geral &#8211; Conselho Fiscalizador SITE CNDirec\u00e7\u00e3o SITE CN-1 Mesa da Assembleia Geral (..) Direc\u00e7\u00e3o (..) Conselho Fiscal (&#8230;)<\/p>\n","protected":false},"author":1,"featured_media":0,"parent":25,"menu_order":0,"comment_status":"closed","ping_status":"closed","template":"","meta":{"footnotes":""},"class_list":["post-29","page","type-page","status-publish","hentry"],"_links":{"self":[{"href":"https:\/\/sindicatos.cgtp.pt\/site-centro-norte\/wp-json\/wp\/v2\/pages\/29","targetHints":{"allow":["GET"]}}],"collection":[{"href":"https:\/\/sindicatos.cgtp.pt\/site-centro-norte\/wp-json\/wp\/v2\/pages"}],"about":[{"href":"https:\/\/sindicatos.cgtp.pt\/site-centro-norte\/wp-json\/wp\/v2\/types\/page"}],"author":[{"embeddable":true,"href":"https:\/\/sindicatos.cgtp.pt\/site-centro-norte\/wp-json\/wp\/v2\/users\/1"}],"replies":[{"embeddable":true,"href":"https:\/\/sindicatos.cgtp.pt\/site-centro-norte\/wp-json\/wp\/v2\/comments?post=29"}],"version-history":[{"count":6,"href":"https:\/\/sindicatos.cgtp.pt\/site-centro-norte\/wp-json\/wp\/v2\/pages\/29\/revisions"}],"predecessor-version":[{"id":323,"href":"https:\/\/sindicatos.cgtp.pt\/site-centro-norte\/wp-json\/wp\/v2\/pages\/29\/revisions\/323"}],"up":[{"embeddable":true,"href":"https:\/\/sindicatos.cgtp.pt\/site-centro-norte\/wp-json\/wp\/v2\/pages\/25"}],"wp:attachment":[{"href":"https:\/\/sindicatos.cgtp.pt\/site-centro-norte\/wp-json\/wp\/v2\/media?parent=29"}],"curies":[{"name":"wp","href":"https:\/\/api.w.org\/{rel}","templated":true}]}}