{"id":345,"date":"2014-09-12T10:32:47","date_gmt":"2014-09-12T10:32:47","guid":{"rendered":"http:\/\/sindicatos.cgtp.pt\/site-centro-norte\/?page_id=345"},"modified":"2014-10-31T09:47:42","modified_gmt":"2014-10-31T09:47:42","slug":"quem-somos","status":"publish","type":"page","link":"https:\/\/sindicatos.cgtp.pt\/site-centro-norte\/quem-somos\/","title":{"rendered":"Quem somos"},"content":{"rendered":"<p>O <b>SITE -CN<\/b> \u00e9 uma Organiza\u00e7\u00e3o Sindical, que promove a sua actividade no respeito pelos princ\u00edpios de um sindicalismo unit\u00e1rio, democr\u00e1tico, independente, de classe e de massas.<\/p>\n<p>O <b>SITE-CN<\/b> est\u00e1 filiado na <b>FIEQUIMETAL<\/b>, a mais representativa Federa\u00e7\u00e3o Sindical do Pa\u00eds englobando mais de 100.000 Trabalhadores e \u00e9 membro da <b>CGTP\/IN, Confedera\u00e7\u00e3o Geral dos Trabalhadores Portugueses \u2013 Intersindical Nacional<\/b>, a maior e mais din\u00e2mica Organiza\u00e7\u00e3o Social de Portugal.<\/p>\n<p>O <b>SITE-CN <\/b>representa a Organiza\u00e7\u00e3o dos Trabalhadores das Industrias Metal\u00fargicas, Qu\u00edmicas, Farmac\u00eauticas, El\u00e9ctricas, Gr\u00e1ficas, Papel, Celulose e Imprensa, que resulta da fus\u00e3o dos Sindicatos Metal\u00fargicos, Sinorquifa, Ind\u00fastrias El\u00e9ctricas, Gr\u00e1fico e Papel, dispondo de uma sede pr\u00f3pria em Rio Me\u00e3o e de Delega\u00e7\u00f5es localizadas em \u00c1gueda, Aveiro, Coimbra, Figueira da Foz, Guarda, S. Jo\u00e3o da Madeira, Vale de Cambra e Viseu.<\/p>\n<p><b>Ao estares sindicalizado no SITE-CN beneficias de:<\/b><\/p>\n<p>Uma vasta rede de Delegados Sindicais a funcionar nas empresas, para intervir na defesa dos direitos s\u00f3cio-profissionais dos associados, bem como detectar os problemas laborais e procurar resolv\u00ea-los.<\/p>\n<p>Uma equipa de Dirigentes Sindicais para intervir na resolu\u00e7\u00e3o dos mais diversos tipos de problemas: sal\u00e1rios, hor\u00e1rios, f\u00e9rias, discrimina\u00e7\u00f5es, faltas, categorias profissionais, precariedade, etc.<\/p>\n<p>Uma equipa de t\u00e9cnicos qualificados e experientes em quest\u00f5es de trabalho, para prestar esclarecimento, aconselhamento e assist\u00eancia jur\u00eddica aos associados.<\/p>\n<p>Uma equipa de funcion\u00e1rios experientes em quest\u00f5es laborais para apoiar e ajudar os associados.<\/p>\n<p><b>Beneficias tamb\u00e9m de:<\/b><\/p>\n<p><b>M\u00c9DICO <\/b>e <b>ADVOGADOS<\/b> para prestarem assist\u00eancia aos s\u00f3cios em todos os assuntos do trabalho, nomeadamente acidentes de trabalho, doen\u00e7as profissionais, respostas a notas de culpa, resolu\u00e7\u00e3o de conflitos, informa\u00e7\u00f5es, processos disciplinares, etc.<\/p>\n<p>Descontos nos seguros, atrav\u00e9s da companhia seguradora <b>MACIF<\/b>.<\/p>\n<p>&nbsp;<\/p>\n","protected":false},"excerpt":{"rendered":"<p>O SITE -CN \u00e9 uma Organiza\u00e7\u00e3o Sindical, que promove a sua actividade no respeito pelos princ\u00edpios de um sindicalismo unit\u00e1rio, democr\u00e1tico, independente, de classe e de massas. O SITE-CN est\u00e1 filiado na FIEQUIMETAL, a mais representativa Federa\u00e7\u00e3o Sindical do Pa\u00eds englobando mais de 100.000 Trabalhadores<\/p>\n","protected":false},"author":35,"featured_media":0,"parent":0,"menu_order":0,"comment_status":"closed","ping_status":"open","template":"","meta":{"footnotes":""},"class_list":["post-345","page","type-page","status-publish","hentry"],"_links":{"self":[{"href":"https:\/\/sindicatos.cgtp.pt\/site-centro-norte\/wp-json\/wp\/v2\/pages\/345","targetHints":{"allow":["GET"]}}],"collection":[{"href":"https:\/\/sindicatos.cgtp.pt\/site-centro-norte\/wp-json\/wp\/v2\/pages"}],"about":[{"href":"https:\/\/sindicatos.cgtp.pt\/site-centro-norte\/wp-json\/wp\/v2\/types\/page"}],"author":[{"embeddable":true,"href":"https:\/\/sindicatos.cgtp.pt\/site-centro-norte\/wp-json\/wp\/v2\/users\/35"}],"replies":[{"embeddable":true,"href":"https:\/\/sindicatos.cgtp.pt\/site-centro-norte\/wp-json\/wp\/v2\/comments?post=345"}],"version-history":[{"count":6,"href":"https:\/\/sindicatos.cgtp.pt\/site-centro-norte\/wp-json\/wp\/v2\/pages\/345\/revisions"}],"predecessor-version":[{"id":370,"href":"https:\/\/sindicatos.cgtp.pt\/site-centro-norte\/wp-json\/wp\/v2\/pages\/345\/revisions\/370"}],"wp:attachment":[{"href":"https:\/\/sindicatos.cgtp.pt\/site-centro-norte\/wp-json\/wp\/v2\/media?parent=345"}],"curies":[{"name":"wp","href":"https:\/\/api.w.org\/{rel}","templated":true}]}}