{"id":12,"date":"2013-03-13T13:30:32","date_gmt":"2013-03-13T13:30:32","guid":{"rendered":"http:\/\/sindicatos.redelocal\/tpl-sindicato\/?page_id=12"},"modified":"2014-01-10T16:25:26","modified_gmt":"2014-01-10T16:25:26","slug":"contacte-nos","status":"publish","type":"page","link":"https:\/\/sindicatos.cgtp.pt\/uniao-aveiro\/contacte-nos\/","title":{"rendered":"Contacte-nos"},"content":{"rendered":"<p><strong>Nome:<\/strong> Uni\u00e3o dos Sindicatos de Aveiro<br \/>\n<strong>Telefone:<\/strong> 234 377 320<br \/>\n<strong>Correio electr\u00f3nico:<\/strong> &#117;&#x73;a&#118;&#x65;i&#114;&#x6f;&#64;&#99;&#x67;t&#112;&#x61;&#118;&#x65;&#x69;&#114;&#x6f;&#x2e;&#111;&#x72;g<br \/>\n<strong>Morada:<\/strong> Av. Dr. Louren\u00e7o Peixinho, n\u00ba 173, 5\u00ba Andar<br \/>\n<strong>C\u00f3digo Postal:<\/strong> 3800 &#8211; 167 Aveiro<\/p>\n<h3>Fale j\u00e1 connosco!<\/h3>\n<p>Pode colocar j\u00e1 as suas d\u00favidas ou sugest\u00f5es preenchendo o formul\u00e1rio abaixo:<br \/>\n[contact_form]<\/p>\n","protected":false},"excerpt":{"rendered":"<p>Nome: Uni\u00e3o dos Sindicatos de Aveiro Telefone: 234 377 320 Correio electr\u00f3nico: us&#97;&#118;&#101;&#x69;&#x72;&#x6f;&#x40;cg&#116;&#112;&#97;&#x76;&#x65;&#x69;&#x72;o&#46;&#111;&#114;&#103; Morada: Av. Dr. Louren\u00e7o Peixinho, n\u00ba 173, 5\u00ba Andar C\u00f3digo Postal: 3800 &#8211; 167 Aveiro Fale j\u00e1 connosco! Pode colocar j\u00e1 as suas d\u00favidas ou sugest\u00f5es preenchendo o formul\u00e1rio abaixo: [contact_form]<\/p>\n","protected":false},"author":1,"featured_media":0,"parent":0,"menu_order":0,"comment_status":"closed","ping_status":"open","template":"","meta":{"footnotes":""},"class_list":["post-12","page","type-page","status-publish","hentry"],"_links":{"self":[{"href":"https:\/\/sindicatos.cgtp.pt\/uniao-aveiro\/wp-json\/wp\/v2\/pages\/12","targetHints":{"allow":["GET"]}}],"collection":[{"href":"https:\/\/sindicatos.cgtp.pt\/uniao-aveiro\/wp-json\/wp\/v2\/pages"}],"about":[{"href":"https:\/\/sindicatos.cgtp.pt\/uniao-aveiro\/wp-json\/wp\/v2\/types\/page"}],"author":[{"embeddable":true,"href":"https:\/\/sindicatos.cgtp.pt\/uniao-aveiro\/wp-json\/wp\/v2\/users\/1"}],"replies":[{"embeddable":true,"href":"https:\/\/sindicatos.cgtp.pt\/uniao-aveiro\/wp-json\/wp\/v2\/comments?post=12"}],"version-history":[{"count":5,"href":"https:\/\/sindicatos.cgtp.pt\/uniao-aveiro\/wp-json\/wp\/v2\/pages\/12\/revisions"}],"predecessor-version":[{"id":19,"href":"https:\/\/sindicatos.cgtp.pt\/uniao-aveiro\/wp-json\/wp\/v2\/pages\/12\/revisions\/19"}],"wp:attachment":[{"href":"https:\/\/sindicatos.cgtp.pt\/uniao-aveiro\/wp-json\/wp\/v2\/media?parent=12"}],"curies":[{"name":"wp","href":"https:\/\/api.w.org\/{rel}","templated":true}]}}