{"id":126,"date":"2013-05-30T14:38:32","date_gmt":"2013-05-30T14:38:32","guid":{"rendered":"http:\/\/sindicatos.cgtp.pt\/uniao-castelo-branco\/?page_id=126"},"modified":"2022-05-23T11:26:27","modified_gmt":"2022-05-23T11:26:27","slug":"formacao","status":"publish","type":"page","link":"https:\/\/sindicatos.cgtp.pt\/uniao-castelo-branco\/formacao\/","title":{"rendered":"Forma\u00e7\u00e3o"},"content":{"rendered":"<p>&nbsp;<\/p>\n<p>Forma\u00e7\u00e3o ministrada atrav\u00e9s do centro de forma\u00e7\u00e3o INOVINTER com colabora\u00e7\u00e3o da USCB:<\/p>\n<table width=\"532\" border=\"0\" cellspacing=\"0\" cellpadding=\"0\">\n<col width=\"350\" \/>\n<col span=\"2\" width=\"91\" \/>\n<tbody>\n<tr>\n<td style=\"text-align: center\" width=\"350\" height=\"20\"><strong>Curso<\/strong><\/td>\n<td style=\"text-align: center\" width=\"91\"><strong>Data Inicio<\/strong><\/td>\n<td style=\"text-align: center\" width=\"91\"><strong>Data Fim<\/strong><\/td>\n<\/tr>\n<tr>\n<td height=\"20\"><\/td>\n<td align=\"right\"><\/td>\n<td align=\"right\"><\/td>\n<\/tr>\n<\/tbody>\n<\/table>\n<p>&nbsp;<\/p>\n","protected":false},"excerpt":{"rendered":"<p>&nbsp; Forma\u00e7\u00e3o ministrada atrav\u00e9s do centro de forma\u00e7\u00e3o INOVINTER com colabora\u00e7\u00e3o da USCB: Curso Data Inicio Data Fim &nbsp;<\/p>\n","protected":false},"author":38,"featured_media":0,"parent":0,"menu_order":0,"comment_status":"closed","ping_status":"open","template":"","meta":{"footnotes":""},"class_list":["post-126","page","type-page","status-publish","hentry"],"_links":{"self":[{"href":"https:\/\/sindicatos.cgtp.pt\/uniao-castelo-branco\/wp-json\/wp\/v2\/pages\/126","targetHints":{"allow":["GET"]}}],"collection":[{"href":"https:\/\/sindicatos.cgtp.pt\/uniao-castelo-branco\/wp-json\/wp\/v2\/pages"}],"about":[{"href":"https:\/\/sindicatos.cgtp.pt\/uniao-castelo-branco\/wp-json\/wp\/v2\/types\/page"}],"author":[{"embeddable":true,"href":"https:\/\/sindicatos.cgtp.pt\/uniao-castelo-branco\/wp-json\/wp\/v2\/users\/38"}],"replies":[{"embeddable":true,"href":"https:\/\/sindicatos.cgtp.pt\/uniao-castelo-branco\/wp-json\/wp\/v2\/comments?post=126"}],"version-history":[{"count":5,"href":"https:\/\/sindicatos.cgtp.pt\/uniao-castelo-branco\/wp-json\/wp\/v2\/pages\/126\/revisions"}],"predecessor-version":[{"id":436,"href":"https:\/\/sindicatos.cgtp.pt\/uniao-castelo-branco\/wp-json\/wp\/v2\/pages\/126\/revisions\/436"}],"wp:attachment":[{"href":"https:\/\/sindicatos.cgtp.pt\/uniao-castelo-branco\/wp-json\/wp\/v2\/media?parent=126"}],"curies":[{"name":"wp","href":"https:\/\/api.w.org\/{rel}","templated":true}]}}