{"id":29,"date":"2013-03-13T17:21:48","date_gmt":"2013-03-13T17:21:48","guid":{"rendered":"http:\/\/sindicatos.redelocal\/tpl-sindicato\/?page_id=29"},"modified":"2014-02-20T23:54:09","modified_gmt":"2014-02-20T23:54:09","slug":"orgaos","status":"publish","type":"page","link":"https:\/\/sindicatos.cgtp.pt\/uniao-castelo-branco\/sindicato\/orgaos\/","title":{"rendered":"\u00d3rg\u00e3os"},"content":{"rendered":"<h3>\u00a0Direc\u00e7\u00e3o<\/h3>\n<p>&nbsp;<\/p>\n<div align=\"center\">\n<table width=\"477\" border=\"0\" cellspacing=\"0\" cellpadding=\"0\">\n<tbody>\n<tr>\n<td valign=\"bottom\" nowrap=\"nowrap\" width=\"21\">&nbsp;<\/td>\n<td valign=\"bottom\" nowrap=\"nowrap\" width=\"247\">\n<p align=\"center\">NOMES<\/p>\n<\/td>\n<td valign=\"bottom\" nowrap=\"nowrap\" width=\"64\">\n<p align=\"center\">IDADE<\/p>\n<\/td>\n<td valign=\"bottom\" nowrap=\"nowrap\" width=\"145\">\n<p align=\"center\">SINDICATO<\/p>\n<\/td>\n<\/tr>\n<tr>\n<td valign=\"bottom\" nowrap=\"nowrap\">\n<p align=\"right\">1<\/p>\n<\/td>\n<td valign=\"bottom\" nowrap=\"nowrap\">Ana Cristina Cruz Tom\u00e1s S.E.M.Hip\u00f3lito<\/td>\n<td valign=\"bottom\" nowrap=\"nowrap\">\n<p align=\"center\">54<\/p>\n<\/td>\n<td valign=\"bottom\" nowrap=\"nowrap\">Fun\u00e7\u00e3o Publica<\/td>\n<\/tr>\n<tr>\n<td valign=\"bottom\" nowrap=\"nowrap\">\n<p align=\"right\">2<\/p>\n<\/td>\n<td valign=\"bottom\" nowrap=\"nowrap\">\u00c2ngelo Miguel Santos Monteiro<\/td>\n<td valign=\"bottom\" nowrap=\"nowrap\">\n<p align=\"center\">35<\/p>\n<\/td>\n<td valign=\"bottom\" nowrap=\"nowrap\">Mineiros<\/td>\n<\/tr>\n<tr>\n<td valign=\"bottom\" nowrap=\"nowrap\">\n<p align=\"right\">3<\/p>\n<\/td>\n<td valign=\"bottom\" nowrap=\"nowrap\">Ant\u00f3nio Alberto Sousa Cardona<\/td>\n<td valign=\"bottom\" nowrap=\"nowrap\">\n<p align=\"center\">42<\/p>\n<\/td>\n<td valign=\"bottom\" nowrap=\"nowrap\">Fun\u00e7\u00e3o Publica<\/td>\n<\/tr>\n<tr>\n<td valign=\"bottom\" nowrap=\"nowrap\">\n<p align=\"right\">4<\/p>\n<\/td>\n<td valign=\"bottom\" nowrap=\"nowrap\">Ant\u00f3nio Carlos Santos Oliveira<\/td>\n<td valign=\"bottom\" nowrap=\"nowrap\">\n<p align=\"center\">42<\/p>\n<\/td>\n<td valign=\"bottom\" nowrap=\"nowrap\">SINTAB<\/td>\n<\/tr>\n<tr>\n<td valign=\"bottom\" nowrap=\"nowrap\">\n<p align=\"right\">5<\/p>\n<\/td>\n<td valign=\"bottom\" nowrap=\"nowrap\">Aur\u00e9lio Alves Madeira<\/td>\n<td valign=\"bottom\" nowrap=\"nowrap\">\n<p align=\"center\">58<\/p>\n<\/td>\n<td valign=\"bottom\" nowrap=\"nowrap\">Textil<\/td>\n<\/tr>\n<tr>\n<td valign=\"bottom\" nowrap=\"nowrap\">\n<p align=\"right\">6<\/p>\n<\/td>\n<td valign=\"bottom\" nowrap=\"nowrap\">Carina Sofia Filipe Caetano<\/td>\n<td valign=\"bottom\" nowrap=\"nowrap\">\n<p align=\"center\">30<\/p>\n<\/td>\n<td valign=\"bottom\" nowrap=\"nowrap\">SINTTAV<\/td>\n<\/tr>\n<tr>\n<td valign=\"bottom\" nowrap=\"nowrap\">\n<p align=\"right\">7<\/p>\n<\/td>\n<td valign=\"bottom\" nowrap=\"nowrap\">Celina Roque Varanda<\/td>\n<td valign=\"bottom\" nowrap=\"nowrap\">\n<p align=\"center\">28<\/p>\n<\/td>\n<td valign=\"bottom\" nowrap=\"nowrap\">CESP<\/td>\n<\/tr>\n<tr>\n<td valign=\"bottom\" nowrap=\"nowrap\">\n<p align=\"right\">8<\/p>\n<\/td>\n<td valign=\"bottom\" nowrap=\"nowrap\">Clara Maria Pereira de Sousa<\/td>\n<td valign=\"bottom\" nowrap=\"nowrap\">\n<p align=\"center\">52<\/p>\n<\/td>\n<td valign=\"bottom\" nowrap=\"nowrap\">SINTAB<\/td>\n<\/tr>\n<tr>\n<td valign=\"bottom\" nowrap=\"nowrap\">\n<p align=\"right\">9<\/p>\n<\/td>\n<td valign=\"bottom\" nowrap=\"nowrap\">Cristina Maria oliveira Santos<\/td>\n<td valign=\"bottom\" nowrap=\"nowrap\">\n<p align=\"center\">42<\/p>\n<\/td>\n<td valign=\"bottom\" nowrap=\"nowrap\">CESP<\/td>\n<\/tr>\n<tr>\n<td valign=\"bottom\" nowrap=\"nowrap\">\n<p align=\"right\">10<\/p>\n<\/td>\n<td valign=\"bottom\" nowrap=\"nowrap\">Gabriela Maria Santos Vaz Gon\u00e7alves<\/td>\n<td valign=\"bottom\" nowrap=\"nowrap\">\n<p align=\"center\">33<\/p>\n<\/td>\n<td valign=\"bottom\" nowrap=\"nowrap\">SITE<\/td>\n<\/tr>\n<tr>\n<td valign=\"bottom\" nowrap=\"nowrap\">\n<p align=\"right\">12<\/p>\n<\/td>\n<td valign=\"bottom\" nowrap=\"nowrap\">Hugo Filipe Nave Gon\u00e7alves<\/td>\n<td valign=\"bottom\" nowrap=\"nowrap\">\n<p align=\"center\">26<\/p>\n<\/td>\n<td valign=\"bottom\" nowrap=\"nowrap\">SINTTAV<\/td>\n<\/tr>\n<tr>\n<td valign=\"bottom\" nowrap=\"nowrap\">\n<p align=\"right\">11<\/p>\n<\/td>\n<td valign=\"bottom\" nowrap=\"nowrap\">Jose\u00a0 Rocha da Horta<\/td>\n<td valign=\"bottom\" nowrap=\"nowrap\">\n<p align=\"center\">58<\/p>\n<\/td>\n<td valign=\"bottom\" nowrap=\"nowrap\">Rodovi\u00e1rios<\/td>\n<\/tr>\n<tr>\n<td valign=\"bottom\" nowrap=\"nowrap\">\n<p align=\"right\">13<\/p>\n<\/td>\n<td valign=\"bottom\" nowrap=\"nowrap\">Jos\u00e9 Alberto Valente Rocha<\/td>\n<td valign=\"bottom\" nowrap=\"nowrap\">\n<p align=\"center\">47<\/p>\n<\/td>\n<td valign=\"bottom\" nowrap=\"nowrap\">STAL<\/td>\n<\/tr>\n<tr>\n<td valign=\"bottom\" nowrap=\"nowrap\">\n<p align=\"right\">14<\/p>\n<\/td>\n<td valign=\"bottom\" nowrap=\"nowrap\">Jose Saraiva Mendes<\/td>\n<td valign=\"bottom\" nowrap=\"nowrap\">\n<p align=\"center\">55<\/p>\n<\/td>\n<td valign=\"bottom\" nowrap=\"nowrap\">Textil<\/td>\n<\/tr>\n<tr>\n<td valign=\"bottom\" nowrap=\"nowrap\">\n<p align=\"right\">15<\/p>\n<\/td>\n<td valign=\"bottom\" nowrap=\"nowrap\">Jose Vitor Milhano Neves<\/td>\n<td valign=\"bottom\" nowrap=\"nowrap\">\n<p align=\"center\">37<\/p>\n<\/td>\n<td valign=\"bottom\" nowrap=\"nowrap\">Fun\u00e7\u00e3o Publica<\/td>\n<\/tr>\n<tr>\n<td valign=\"bottom\" nowrap=\"nowrap\">\n<p align=\"right\">16<\/p>\n<\/td>\n<td valign=\"bottom\" nowrap=\"nowrap\">Luis Ant\u00f3nio Ferreira Nogueira<\/td>\n<td valign=\"bottom\" nowrap=\"nowrap\">\n<p align=\"center\">49<\/p>\n<\/td>\n<td valign=\"bottom\" nowrap=\"nowrap\">SITE<\/td>\n<\/tr>\n<tr>\n<td valign=\"bottom\" nowrap=\"nowrap\">\n<p align=\"right\">17<\/p>\n<\/td>\n<td valign=\"bottom\" nowrap=\"nowrap\">Luis Pereira Garra<\/td>\n<td valign=\"bottom\" nowrap=\"nowrap\">\n<p align=\"center\">57<\/p>\n<\/td>\n<td valign=\"bottom\" nowrap=\"nowrap\">Textil<\/td>\n<\/tr>\n<tr>\n<td valign=\"bottom\" nowrap=\"nowrap\">\n<p align=\"right\">18<\/p>\n<\/td>\n<td valign=\"bottom\" nowrap=\"nowrap\">Marco Manuel Matos Melchior<\/td>\n<td valign=\"bottom\" nowrap=\"nowrap\">\n<p align=\"center\">39<\/p>\n<\/td>\n<td valign=\"bottom\" nowrap=\"nowrap\">STAL<\/td>\n<\/tr>\n<tr>\n<td valign=\"bottom\" nowrap=\"nowrap\">\n<p align=\"right\">19<\/p>\n<\/td>\n<td valign=\"bottom\" nowrap=\"nowrap\">Maria da Cruz Marques<\/td>\n<td valign=\"bottom\" nowrap=\"nowrap\">\n<p align=\"center\">48<\/p>\n<\/td>\n<td valign=\"bottom\" nowrap=\"nowrap\">Prof. Regi\u00e3o Centro<\/td>\n<\/tr>\n<tr>\n<td valign=\"bottom\" nowrap=\"nowrap\">\n<p align=\"right\">20<\/p>\n<\/td>\n<td valign=\"bottom\" nowrap=\"nowrap\">Maria Delfina Br\u00e1s<\/td>\n<td valign=\"bottom\" nowrap=\"nowrap\">\n<p align=\"center\">61<\/p>\n<\/td>\n<td valign=\"bottom\" nowrap=\"nowrap\">CESP<\/td>\n<\/tr>\n<tr>\n<td valign=\"bottom\" nowrap=\"nowrap\">\n<p align=\"right\">21<\/p>\n<\/td>\n<td valign=\"bottom\" nowrap=\"nowrap\">Maria Dulce Ribeiro Pinheiro<\/td>\n<td valign=\"bottom\" nowrap=\"nowrap\">\n<p align=\"center\">54<\/p>\n<\/td>\n<td valign=\"bottom\" nowrap=\"nowrap\">Prof. Regi\u00e3o Centro<\/td>\n<\/tr>\n<tr>\n<td valign=\"bottom\" nowrap=\"nowrap\">\n<p align=\"right\">22<\/p>\n<\/td>\n<td valign=\"bottom\" nowrap=\"nowrap\">Maria Ressurrei\u00e7\u00e3o S.B. Fernandes<\/td>\n<td valign=\"bottom\" nowrap=\"nowrap\">\n<p align=\"center\">50<\/p>\n<\/td>\n<td valign=\"bottom\" nowrap=\"nowrap\">Textil<\/td>\n<\/tr>\n<tr>\n<td valign=\"bottom\" nowrap=\"nowrap\">\n<p align=\"right\">23<\/p>\n<\/td>\n<td valign=\"bottom\" nowrap=\"nowrap\">M\u00e1rio Caeiro Quintas<\/td>\n<td valign=\"bottom\" nowrap=\"nowrap\">\n<p align=\"center\">53<\/p>\n<\/td>\n<td valign=\"bottom\" nowrap=\"nowrap\">Fun\u00e7\u00e3o Publica<\/td>\n<\/tr>\n<tr>\n<td valign=\"bottom\" nowrap=\"nowrap\">\n<p align=\"right\">24<\/p>\n<\/td>\n<td valign=\"bottom\" nowrap=\"nowrap\">Marisa Gon\u00e7alves Tavares<\/td>\n<td valign=\"bottom\" nowrap=\"nowrap\">\n<p align=\"center\">30<\/p>\n<\/td>\n<td valign=\"bottom\" nowrap=\"nowrap\">Textil<\/td>\n<\/tr>\n<tr>\n<td valign=\"bottom\" nowrap=\"nowrap\">\n<p align=\"right\">25<\/p>\n<\/td>\n<td valign=\"bottom\" nowrap=\"nowrap\">Paula Maria Magueijo Lisboa<\/td>\n<td valign=\"bottom\" nowrap=\"nowrap\">\n<p align=\"center\">51<\/p>\n<\/td>\n<td valign=\"bottom\" nowrap=\"nowrap\">Enfermeiros<\/td>\n<\/tr>\n<tr>\n<td valign=\"bottom\" nowrap=\"nowrap\">\n<p align=\"right\">26<\/p>\n<\/td>\n<td valign=\"bottom\" nowrap=\"nowrap\">Rog\u00e9rio Manuel Lopes Rodrigues<\/td>\n<td valign=\"bottom\" nowrap=\"nowrap\">\n<p align=\"center\">39<\/p>\n<\/td>\n<td valign=\"bottom\" nowrap=\"nowrap\">SNTCT<\/td>\n<\/tr>\n<\/tbody>\n<\/table>\n<\/div>\n","protected":false},"excerpt":{"rendered":"<p>\u00a0Direc\u00e7\u00e3o &nbsp; &nbsp; NOMES IDADE SINDICATO 1 Ana Cristina Cruz Tom\u00e1s S.E.M.Hip\u00f3lito 54 Fun\u00e7\u00e3o Publica 2 \u00c2ngelo Miguel Santos Monteiro 35 Mineiros 3 Ant\u00f3nio Alberto Sousa Cardona 42 Fun\u00e7\u00e3o Publica 4 Ant\u00f3nio Carlos Santos Oliveira 42 SINTAB 5 Aur\u00e9lio Alves Madeira 58 Textil 6 Carina<\/p>\n","protected":false},"author":1,"featured_media":0,"parent":25,"menu_order":0,"comment_status":"closed","ping_status":"closed","template":"","meta":{"footnotes":""},"class_list":["post-29","page","type-page","status-publish","hentry"],"_links":{"self":[{"href":"https:\/\/sindicatos.cgtp.pt\/uniao-castelo-branco\/wp-json\/wp\/v2\/pages\/29","targetHints":{"allow":["GET"]}}],"collection":[{"href":"https:\/\/sindicatos.cgtp.pt\/uniao-castelo-branco\/wp-json\/wp\/v2\/pages"}],"about":[{"href":"https:\/\/sindicatos.cgtp.pt\/uniao-castelo-branco\/wp-json\/wp\/v2\/types\/page"}],"author":[{"embeddable":true,"href":"https:\/\/sindicatos.cgtp.pt\/uniao-castelo-branco\/wp-json\/wp\/v2\/users\/1"}],"replies":[{"embeddable":true,"href":"https:\/\/sindicatos.cgtp.pt\/uniao-castelo-branco\/wp-json\/wp\/v2\/comments?post=29"}],"version-history":[{"count":10,"href":"https:\/\/sindicatos.cgtp.pt\/uniao-castelo-branco\/wp-json\/wp\/v2\/pages\/29\/revisions"}],"predecessor-version":[{"id":194,"href":"https:\/\/sindicatos.cgtp.pt\/uniao-castelo-branco\/wp-json\/wp\/v2\/pages\/29\/revisions\/194"}],"up":[{"embeddable":true,"href":"https:\/\/sindicatos.cgtp.pt\/uniao-castelo-branco\/wp-json\/wp\/v2\/pages\/25"}],"wp:attachment":[{"href":"https:\/\/sindicatos.cgtp.pt\/uniao-castelo-branco\/wp-json\/wp\/v2\/media?parent=29"}],"curies":[{"name":"wp","href":"https:\/\/api.w.org\/{rel}","templated":true}]}}