{"id":316,"date":"2014-02-14T18:36:13","date_gmt":"2014-02-14T18:36:13","guid":{"rendered":"http:\/\/sindicatos.cgtp.pt\/uniao-castelo-branco\/?page_id=316"},"modified":"2014-02-14T18:41:09","modified_gmt":"2014-02-14T18:41:09","slug":"resolucao-25-de-abril","status":"publish","type":"page","link":"https:\/\/sindicatos.cgtp.pt\/uniao-castelo-branco\/resolucao-25-de-abril\/","title":{"rendered":"25 de Abril"},"content":{"rendered":"<p align=\"center\">\u00a0<b><span style=\"text-decoration: underline\">RESOLU\u00c7\u00c3O<\/span><\/b><\/p>\n<p align=\"center\"><b>\u00a0<\/b><\/p>\n<p align=\"center\"><b>40 ANOS DO 25 DE ABRIL E DO 1\u00ba DE MAIO EM LIBERDADE<\/b><\/p>\n<p align=\"center\"><b>\u00a0<\/b><\/p>\n<p align=\"center\"><b>JORNADAS DE LUTA PELA DEMISS\u00c3O DO GOVERNO E POR OUTRA POLITICA<\/b><\/p>\n<p>&nbsp;<\/p>\n<p><b>Este ano assinalam-se os 40 anos do 25 de Abril e do 1\u00ba de Maio em liberdade<\/b>. O 25 de Abril restituiu a liberdade e a democracia ao povo portugu\u00eas e no primeiro 1\u00ba de Maio em liberdade foi dado um impulso irrevers\u00edvel \u00e0 legaliza\u00e7\u00e3o e constitui\u00e7\u00e3o de partidos e \u00e0 consagra\u00e7\u00e3o da liberdade sindical. \u00c9 isso que a constitui\u00e7\u00e3o da Rep\u00fablica consagra e \u00e9 por isso que <b>os sindicatos s\u00e3o parte integrante do regime democr\u00e1tico. Sem eles a democracia n\u00e3o seria plena e sem eles os trabalhadores n\u00e3o teriam a possibilidade de se organizar e lutar como o t\u00eam vindo a fazer<\/b>.<\/p>\n<p>Por isso, e como imperativo democr\u00e1tico, as comemora\u00e7\u00f5es t\u00eam que necessariamente contar com a USCB\/CGTP-IN e os sindicatos nela filiados e, por consequ\u00eancia, com a participa\u00e7\u00e3o activa dos trabalhadores em todos os momentos de comemora\u00e7\u00e3o e, por maioria de raz\u00e3o, nas ac\u00e7\u00f5es de luta que, necess\u00e1ria e obrigatoriamente, ser\u00e3o realizadas.<\/p>\n<p><b>Ali\u00e1s<\/b>, no momento em que o capital e o Governo que est\u00e1 ao seu servi\u00e7o j\u00e1 assumem explicitamente inten\u00e7\u00e3o de passarem ao assalto declarado sobre a Constitui\u00e7\u00e3o e os direitos fundamentais que nela est\u00e3o inscritos, <b>as comemora\u00e7\u00f5es dos 40 anos do 25 de Abril e do 1\u00ba de Maio em Liberdade assumem-se, neste contexto, como acontecimentos de extraordin\u00e1ria e determinante import\u00e2ncia para reafirmar o projecto de sociedade de progresso e de paz, soberana e solid\u00e1ria que queremos construir para Portugal, inspirada nos valores e conquistas de Abril e assente na valoriza\u00e7\u00e3o do trabalho e no direito inalien\u00e1vel de ser o povo a decidir do seu pr\u00f3prio destino<\/b>.<\/p>\n<p>\u00c9 neste quadro que o 7\u00ba Congresso, assume que estas comemora\u00e7\u00f5es dever\u00e3o contar com a participa\u00e7\u00e3o activa dos trabalhadores e do povo do distrito para reafirmar os princ\u00edpios e valores da Revolu\u00e7\u00e3o; a determina\u00e7\u00e3o em prosseguir a luta pela consolida\u00e7\u00e3o das suas conquistas pol\u00edticas, econ\u00f3micas, sociais e culturais; assumir o compromisso pela defesa da Constitui\u00e7\u00e3o da Rep\u00fablica e do Regime Democr\u00e1tico que ela consagra.<\/p>\n<p>Estas comemora\u00e7\u00f5es ser\u00e3o mais um contributo na luta pela demiss\u00e3o do Governo e a convoca\u00e7\u00e3o de elei\u00e7\u00f5es para devolver ao povo o poder de decidir sobre o seu presente e futuro j\u00e1 que estas, mostram-se, na actual situa\u00e7\u00e3o, imprescind\u00edveis para viabilizar uma verdadeira pol\u00edtica alternativa que valorize o trabalho e dignifique os trabalhadores, uma pol\u00edtica de Esquerda e Soberana, rumo a um Portugal Solid\u00e1rio e de Progresso.<\/p>\n<p>Nesse sentido, <b>o 7\u00ba Congresso da USCB\/CGTP-IN, que se realiza no dia 8 de Fevereiro de 2014, em Alcains\/Castelo Branco, s<\/b>obre as<b> comemora\u00e7\u00f5es dos 40 anos do 25 de Abril e do 1\u00ba de Maio em liberdade<\/b> <b>decide:<\/b><\/p>\n<ol>\n<li><b>1.\u00a0\u00a0\u00a0\u00a0\u00a0\u00a0 <\/b><b>Realizar iniciativas pr\u00f3prias e integrar e ou promover comiss\u00f5es unit\u00e1rias <\/b>que sejam previamente consensualizadas com a USCB\/CGTP-IN e que respeitem os pilares em que assenta o regime democr\u00e1tico e que se identifiquem com a necessidade de interromper um processo de degrada\u00e7\u00e3o do regime democr\u00e1tico e do tecido econ\u00f3mico e social que o governo PSD\/CDS-PP levam \u00e0 pr\u00e1tica e que causam o empobrecimento do pa\u00eds e dos portugueses;<\/li>\n<li><b>2.\u00a0\u00a0\u00a0\u00a0\u00a0\u00a0 <\/b><b>Participar<\/b> nas tradicionais arruadas do Tortosendo e do Fund\u00e3o e, atrav\u00e9s do sindicato Mineiro, promover as comemora\u00e7\u00f5es das Minas da Panasqueira e <b>garantir que em Castelo Branco e na Covilh\u00e3 se realizem grandes A\u00e7\u00f5es de participa\u00e7\u00e3o popular<\/b>.<\/li>\n<li><b>3.\u00a0\u00a0\u00a0\u00a0\u00a0\u00a0 <\/b><b>Promover as comemora\u00e7\u00f5es do 1\u00ba de Maio,<\/b> com uma dimens\u00e3o muito especial na luta dos trabalhadores, na Covilh\u00e3, em Castelo Branco, no Tortosendo e nas Minas da Panasqueira.<\/li>\n<li><b>4.\u00a0\u00a0\u00a0\u00a0\u00a0\u00a0 <\/b><b>Apelar \u00e0 participa\u00e7\u00e3o activa dos trabalhadores e do povo portugu\u00eas nas comemora\u00e7\u00f5es populares do 40.\u00ba Anivers\u00e1rio do 25 de Abril e do 1\u00ba de Maio em liberdade<\/b>.<\/li>\n<\/ol>\n<p align=\"center\">Alcains, 8 de Fevereiro de 2014<\/p>\n","protected":false},"excerpt":{"rendered":"<p>\u00a0RESOLU\u00c7\u00c3O \u00a0 40 ANOS DO 25 DE ABRIL E DO 1\u00ba DE MAIO EM LIBERDADE \u00a0 JORNADAS DE LUTA PELA DEMISS\u00c3O DO GOVERNO E POR OUTRA POLITICA &nbsp; Este ano assinalam-se os 40 anos do 25 de Abril e do 1\u00ba de Maio em liberdade.<\/p>\n","protected":false},"author":38,"featured_media":0,"parent":0,"menu_order":0,"comment_status":"closed","ping_status":"open","template":"","meta":{"footnotes":""},"class_list":["post-316","page","type-page","status-publish","hentry"],"_links":{"self":[{"href":"https:\/\/sindicatos.cgtp.pt\/uniao-castelo-branco\/wp-json\/wp\/v2\/pages\/316","targetHints":{"allow":["GET"]}}],"collection":[{"href":"https:\/\/sindicatos.cgtp.pt\/uniao-castelo-branco\/wp-json\/wp\/v2\/pages"}],"about":[{"href":"https:\/\/sindicatos.cgtp.pt\/uniao-castelo-branco\/wp-json\/wp\/v2\/types\/page"}],"author":[{"embeddable":true,"href":"https:\/\/sindicatos.cgtp.pt\/uniao-castelo-branco\/wp-json\/wp\/v2\/users\/38"}],"replies":[{"embeddable":true,"href":"https:\/\/sindicatos.cgtp.pt\/uniao-castelo-branco\/wp-json\/wp\/v2\/comments?post=316"}],"version-history":[{"count":2,"href":"https:\/\/sindicatos.cgtp.pt\/uniao-castelo-branco\/wp-json\/wp\/v2\/pages\/316\/revisions"}],"predecessor-version":[{"id":324,"href":"https:\/\/sindicatos.cgtp.pt\/uniao-castelo-branco\/wp-json\/wp\/v2\/pages\/316\/revisions\/324"}],"wp:attachment":[{"href":"https:\/\/sindicatos.cgtp.pt\/uniao-castelo-branco\/wp-json\/wp\/v2\/media?parent=316"}],"curies":[{"name":"wp","href":"https:\/\/api.w.org\/{rel}","templated":true}]}}