{"id":97,"date":"2013-05-13T14:26:28","date_gmt":"2013-05-13T14:26:28","guid":{"rendered":"http:\/\/sindicatos.cgtp.pt\/uniao-castelo-branco\/?page_id=97"},"modified":"2022-05-23T11:25:06","modified_gmt":"2022-05-23T11:25:06","slug":"sindicatos","status":"publish","type":"page","link":"https:\/\/sindicatos.cgtp.pt\/uniao-castelo-branco\/sindicatos\/","title":{"rendered":"Sindicatos"},"content":{"rendered":"<h3>STBB- Sindicato dos Trabalhadores do Sector T\u00eaxtil da Beira Baixa<\/h3>\n<p>&nbsp;<\/p>\n<p><b>Morada: <\/b>Rua Az\u00eado Gneco, 24, 6200-054 COVILH\u00c3<b><\/b><\/p>\n<p><b>Telefone:<\/b> 275322082<\/p>\n<p><b>Telem\u00f3vel:<\/b> 967435092<\/p>\n<p><b>E-mail:<\/b> &#x73;&#x74;&#x62;&#x62;&#46;&#99;&#98;&#64;g&#x6d;&#x61;&#x69;&#x6c;&#x2e;&#99;&#111;&#109;<\/p>\n<p><b>Redes sociais: <\/b><\/p>\n<p>&#8211; Facebook: @sindicatotextilbeirabaixa<\/p>\n<h3>__________________________________________________<\/h3>\n<h3>Sindicato dos Enfermeiros Portugueses<\/h3>\n<p>&nbsp;<\/p>\n<p><b>Delega\u00e7\u00e3o de Castelo Branco<\/b><\/p>\n<p><b>Morada: <\/b>Quinta do Amieiro de Baixo \u2013 Lote 4, n\u00ba 7 \u2013 R\/ch\u00e3o, 6000-129 Castelo Branco<\/p>\n<p><b>Telefone:<\/b> 272326701<\/p>\n<p><b>E-mail:<\/b><b> <\/b>&#115;&#x65;p&#99;&#x62;r&#97;&#x6e;c&#111;&#x40;g&#109;&#x61;i&#108;&#x2e;c&#111;&#x6d;<\/p>\n<p><b>Site:<\/b> sep.org.pt<\/p>\n<p><b>Hor\u00e1rio de atendimento aos s\u00f3cios: <\/b>Mediante marca\u00e7\u00e3o &#8211; dias \u00fateis, das 9h30 \u00e0s 12h e das 14h \u00e0s 18h<\/p>\n<p><b>Redes sociais:<\/b><\/p>\n<p>&#8211;<b> <\/b>Facebook: @sepcastelobranco<\/p>\n<p>&nbsp;<\/p>\n<h3>__________________________________________________<\/h3>\n<h3><\/h3>\n<h3>SNTCT- Sindicato dos Trabalhadores dos Correios e Telecomunica\u00e7\u00f5es<\/h3>\n<p>&nbsp;<\/p>\n<p><b>Morada: <\/b>Quinta do Amieiro de Baixo \u2013 Lote 4, n\u00ba 7 \u2013 R\/ch\u00e3o, 6000-129 Castelo Branco<\/p>\n<p><b>Telefone: <\/b>272341073<\/p>\n<p><b>E-mail: <\/b>&#115;&#x6e;&#x74;c&#116;&#x40;m&#97;&#x69;l&#46;&#x74;e&#108;&#x65;&#x70;&#97;&#x63;&#x2e;p&#116;<\/p>\n<p><b>Site: <\/b>www.sntct.pt<\/p>\n<p><b>Redes sociais:<\/b><\/p>\n<p><b>&#8211; Facebook: <\/b>@sntct<b> <\/b><\/p>\n<h3>__________________________________________________<\/h3>\n<h3>SITE- Sindicato dos Trabalhadores das Ind\u00fastrias Transformadoras de Energia e Actividades do Ambiente, Centro, Sul e Regi\u00f5es Aut\u00f3nomas<\/h3>\n<p>&nbsp;<\/p>\n<p><b>Morada: <\/b>Quinta do Amieiro de Baixo \u2013 Lote 4, n\u00ba 7 \u2013 R\/ch\u00e3o, 6000-129 Castelo Branco<\/p>\n<p><b>Telefone: <\/b>272343434<\/p>\n<p><b>E-mail: <\/b>&#x64;&#x65;&#108;e&#x67;&#x61;&#99;ao&#x2e;&#x75;&#115;c&#x62;&#x40;&#103;&#109;a&#x69;&#x6c;&#46;c&#x6f;&#x6d;<\/p>\n<p><b>Redes sociais:<\/b><\/p>\n<p><b>&#8211; Facebook: <\/b>SITE \u2013 CSRA \u2013 delega\u00e7\u00e3o Castelo Branco<\/p>\n<h3>__________________________________________________<\/h3>\n<h3>STAL &#8211; Sindicato dos Trabalhadores da Administra\u00e7\u00e3o Local<\/h3>\n<p>&nbsp;<\/p>\n<p><b>Morada: <\/b>Rua Az\u00eado Gneco, 24, 6200-054 COVILH\u00c3<\/p>\n<p><b>Telefone: <\/b>275334199<\/p>\n<p><b>Telem\u00f3vel: <\/b>912592262<b><\/b><\/p>\n<p><b>E-mail: <\/b>&#115;&#x74;a&#108;&#x2e;c&#97;&#x73;t&#x65;&#x6c;&#111;&#x62;r&#97;&#x6e;c&#111;&#x40;s&#x74;&#x61;&#108;&#x2e;&#x70;&#116;<\/p>\n<p><b>Site: <\/b>www.stal.pt<\/p>\n<p><b>Redes sociais:<\/b><\/p>\n<p><b>&#8211; Facebook: <\/b>@stalcastelobranco11<\/p>\n<h3>__________________________________________________<\/h3>\n<h3>CESP &#8211; Sindicato dos Trabalhadores do Com\u00e9rcio, Escrit\u00f3rios e Servi\u00e7os de Portugal<\/h3>\n<p>&nbsp;<\/p>\n<p><b>Morada: <\/b>Rua Az\u00eado Gneco, 24, 6200-054 COVILH\u00c3<b><\/b><\/p>\n<p><b>Telefone:<\/b> 275322082<\/p>\n<p><b>Telem\u00f3vel:<\/b> 967435092<\/p>\n<p><b>Site: <\/b>www.cesp1.net<\/p>\n<p><b>Redes sociais:<\/b><\/p>\n<p><b>&#8211; Facebook: <\/b>@cesp.sindicato<\/p>\n<h3>__________________________________________________<\/h3>\n<h3>Sindicato dos Trabalhadores das Ind\u00fastrias de Cer\u00e2mica, Cimentos, Constru\u00e7\u00e3o, Madeiras, M\u00e1rmores e Similares da Regi\u00e3o Centro<\/h3>\n<p>&nbsp;<\/p>\n<p><b>Morada: <\/b>Rua Sim\u00f5es de Castro, 151 \u2013 2\u00ba Drt. Apartado 303, 3000-388 COIMBRA<\/p>\n<p><b>Telefone: <\/b>239851490<\/p>\n<p><b>Email: <\/b>&#99;a&#x73;a&#x73;i&#x6e;d&#x69;c&#x61;l&#x63;&#111;&#x69;&#109;&#x62;&#114;&#x61;&#64;&#x67;&#109;&#x61;&#105;&#x6c;&#46;c&#x6f;m<\/p>\n<h3>_________________________________________________<\/h3>\n<h3>SPRC &#8211; Sindicato dos Professores da Regi\u00e3o Centro<\/h3>\n<p>&nbsp;<\/p>\n<ul>\n<li><b>Geral<\/b><\/li>\n<\/ul>\n<p><b>Site: <\/b>www.sprc.pt<\/p>\n<p><b>Redes sociais: <\/b><\/p>\n<p><b>&#8211; Facebook: <\/b>@sprcentro<\/p>\n<p><i>\u00a0<\/i><\/p>\n<ul>\n<li><b>Dire\u00e7\u00e3o Distrital de Castelo Branco<\/b><\/li>\n<\/ul>\n<p><b>Morada: <\/b>Rua Jo\u00e3o Alves da Silva 3, 1\u00ba Dto, 6200-118 COVILH\u00c3<\/p>\n<p><b>Telefone: <\/b>275 322 387<\/p>\n<p><b>Telem\u00f3vel: <\/b>916141399, 962 869 261<\/p>\n<p><b>Email: <\/b>c&#111;&#x76;&#x69;l&#104;&#x61;&#x40;s&#112;&#114;&#x63;&#x2e;p&#116;<\/p>\n<ul>\n<li><b>Delega\u00e7\u00e3o da Dire\u00e7\u00e3o Distrital em Castelo Branco<\/b><\/li>\n<\/ul>\n<p><b>Morada: <\/b>Rua da Quinta do Amieiro de Baixo, Lote 4, r\/c, 6000-129 Castelo Branco<\/p>\n<p><b>Telefone: <\/b>272 343 224<\/p>\n<p><b>Telem\u00f3vel: <\/b>964 893 100<b><\/b><\/p>\n<p><b>Email: <\/b><a href=\"&#109;&#x61;&#105;&#x6c;&#116;&#x6f;&#58;&#x63;a&#x73;t&#x65;l&#x6f;b&#114;&#x61;&#110;&#x63;&#111;&#x40;&#115;&#x70;&#114;&#x63;&#46;&#x70;t\">&#x63;&#97;s&#x74;&#101;l&#x6f;&#98;r&#x61;&#110;c&#x6f;&#64;s&#x70;&#114;c&#x2e;&#112;t<\/a><\/p>\n<h3>__________________________________________________<\/h3>\n<h3>SINTAB &#8211; Sindicato dos Trabalhadores da Agricultura e das Ind\u00fastrias de Alimenta\u00e7\u00e3o, Bebidas e Tabacos de Portugal<\/h3>\n<p>&nbsp;<\/p>\n<p><b>Rede Social: <\/b>Facebook &#8211; Sintab \u2013 Delega\u00e7\u00e3o Castelo Branco<\/p>\n<p><b>Site: <\/b>www.sindicatos.cgtp.pt\/sintab\/<\/p>\n<p>&nbsp;<\/p>\n<ul>\n<li><b>Delega\u00e7\u00e3o da Uni\u00e3o de Sindicatos de Castelo Branco<\/b><\/li>\n<\/ul>\n<p><b>Morada:<\/b> Rua Az\u00eado Gneco, 24, 6200-054 COVILH\u00c3<\/p>\n<p><b>Telefone: <\/b>\u00a0275335846<\/p>\n<ul>\n<li><b>Delega\u00e7\u00e3o conjunta de Castelo Branco<\/b><\/li>\n<\/ul>\n<p><b>Morada: <\/b>Rua da Quinta do Amieiro de Baixo, Lote 4, r\/c, 6000-129 Castelo Branco<\/p>\n<p><b>Telefone: <\/b>272 343 224<\/p>\n<p><b>Email: <\/b>d&#101;&#108;&#x65;&#x67;&#x61;ca&#111;&#46;&#x75;&#x73;&#x63;b&#64;&#103;&#109;&#x61;&#x69;&#x6c;&#46;&#99;&#111;&#x6d;<\/p>\n<h3>_________________________________________________<\/h3>\n<h3>F.P.- Sindicato dos Trabalhadores em Fun\u00e7\u00f5es P\u00fablicas e Sociais do Sul e Regi\u00f5es Aut\u00f3nomas<\/h3>\n<p>&nbsp;<\/p>\n<p><b>Site: <\/b>www.stfpssra.pt<\/p>\n<p><i>\u00a0<\/i><\/p>\n<ul>\n<li><b>Delega\u00e7\u00e3o de Castelo Branco \u2013 Castelo Branco<\/b><\/li>\n<\/ul>\n<p><b>Morada: <\/b>Rua da S\u00e9, 14 6000 \u2013 172 Castelo Branco<\/p>\n<p><b>Telefone:<\/b> 272340230<\/p>\n<p><b>Email:<\/b> &#x64;e&#x6c;e&#x67;&#46;&#x63;&#98;r&#x61;n&#x63;&#111;&#x40;&#115;&#x74;&#102;p&#x73;s&#x72;&#97;&#x2e;&#112;&#x74;<\/p>\n<p>&nbsp;<\/p>\n<ul>\n<li><b>Delega\u00e7\u00e3o de Castelo Branco \u2013 Covilh\u00e3<\/b><\/li>\n<\/ul>\n<p><b>Morada: <\/b>Rua Azedo Gneco, 24 6200 \u2013 054 Covilh\u00e3<\/p>\n<p><b>Telefone:<\/b> 275334905<\/p>\n<p><b>Email:<\/b> &#x64;&#x65;&#108;&#101;g&#x2e;&#x63;&#x6f;&#118;il&#x68;&#x61;&#64;&#115;t&#x66;&#x70;&#x73;&#115;ra&#x2e;&#x70;&#116;<\/p>\n<h3>_________________________________________________<\/h3>\n<h3>Sindicato dos Trabalhadores da Ind\u00fastria Mineira<\/h3>\n<h3>_________________________________________________<\/h3>\n<h3>Sindicato dos Trabalhadores Ind. Hotelaria, Turismo, Restaurantes e Similares do Centro<\/h3>\n<p>&nbsp;<\/p>\n<p><b>Morada: <\/b>Rua Sim\u00f5es de Castro, 151 \u2013 2\u00ba Drt\u00ba 3000-388 Coimbra<\/p>\n<p><b>Telefone: <\/b>239851490<b><\/b><\/p>\n<p><b>Email:<\/b> &#x73;&#105;n&#x64;&#104;&#111;&#x74;&#x63;&#101;n&#x74;&#114;o&#x40;&#x67;&#109;a&#x69;&#108;&#46;&#x63;&#x6f;&#109;<\/p>\n<p><b>Redes sociais: <\/b>@sindicatohotelariacentro<\/p>\n<h3>_________________________________________________<\/h3>\n<h3>STRUP &#8211; Sindicato dos Trabalhadores de Transportes Rodovi\u00e1rios e Urbanos de Portugal<\/h3>\n<p>&nbsp;<\/p>\n<p><b>Morada: <\/b>Rua da Quinta do Amieiro de Baixo, Lote 4, r\/c, 6000-129 Castelo Branco<\/p>\n<p><b>Telefone: <\/b>272343434<\/p>\n<p><b>Site: <\/b>www.strup.pt<\/p>\n<p><b>Redes sociais: <\/b>@STRUP.CGTP.IN<\/p>\n<h3>_________________________________________________<\/h3>\n<h3>Sindicato Nacional dos Trabalhadores do Sector Ferrovi\u00e1rio<\/h3>\n<h3>__________________________________________________<\/h3>\n<h3>SINTTAV &#8211; Sindicato dos Trabalhadores das Telecomunica\u00e7\u00f5es e Audiovisuais<\/h3>\n<h3>___________________________________________________<\/h3>\n<h3>Sindicato dos Trabalhadores da Ind\u00fastria Vidreira<\/h3>\n<h3>___________________________________________________<\/h3>\n<h3>SINTAF &#8211; Sindicato dos Trabalhadores da Actividade Financeira<\/h3>\n<h3>____________________________________________________<\/h3>\n<h3>SQTD &#8211; Sindicato dos Quadros e T\u00e9cnicos de Desenho<\/h3>\n<h3>____________________________________________________<\/h3>\n<h3>Sindicato dos Trabalhadores de Servi\u00e7os de Portaria, Vigil\u00e2ncia, Limpeza, Dom\u00e9sticas e Actividades Diversas<\/h3>\n<h3>____________________________________________________<\/h3>\n","protected":false},"excerpt":{"rendered":"<p>STBB- Sindicato dos Trabalhadores do Sector T\u00eaxtil da Beira Baixa &nbsp; Morada: Rua Az\u00eado Gneco, 24, 6200-054 COVILH\u00c3 Telefone: 275322082 Telem\u00f3vel: 967435092 E-mail: stb&#98;&#46;&#99;&#x62;&#x40;&#x67;&#x6d;&#x61;&#x69;l&#46;c&#111;&#109; Redes sociais: &#8211; Facebook: @sindicatotextilbeirabaixa __________________________________________________ Sindicato dos Enfermeiros Portugueses &nbsp; Delega\u00e7\u00e3o de Castelo Branco Morada: Quinta do Amieiro de Baixo<\/p>\n","protected":false},"author":38,"featured_media":0,"parent":0,"menu_order":0,"comment_status":"closed","ping_status":"open","template":"","meta":{"footnotes":""},"class_list":["post-97","page","type-page","status-publish","hentry"],"_links":{"self":[{"href":"https:\/\/sindicatos.cgtp.pt\/uniao-castelo-branco\/wp-json\/wp\/v2\/pages\/97","targetHints":{"allow":["GET"]}}],"collection":[{"href":"https:\/\/sindicatos.cgtp.pt\/uniao-castelo-branco\/wp-json\/wp\/v2\/pages"}],"about":[{"href":"https:\/\/sindicatos.cgtp.pt\/uniao-castelo-branco\/wp-json\/wp\/v2\/types\/page"}],"author":[{"embeddable":true,"href":"https:\/\/sindicatos.cgtp.pt\/uniao-castelo-branco\/wp-json\/wp\/v2\/users\/38"}],"replies":[{"embeddable":true,"href":"https:\/\/sindicatos.cgtp.pt\/uniao-castelo-branco\/wp-json\/wp\/v2\/comments?post=97"}],"version-history":[{"count":23,"href":"https:\/\/sindicatos.cgtp.pt\/uniao-castelo-branco\/wp-json\/wp\/v2\/pages\/97\/revisions"}],"predecessor-version":[{"id":101,"href":"https:\/\/sindicatos.cgtp.pt\/uniao-castelo-branco\/wp-json\/wp\/v2\/pages\/97\/revisions\/101"}],"wp:attachment":[{"href":"https:\/\/sindicatos.cgtp.pt\/uniao-castelo-branco\/wp-json\/wp\/v2\/media?parent=97"}],"curies":[{"name":"wp","href":"https:\/\/api.w.org\/{rel}","templated":true}]}}