{"id":12,"date":"2013-03-13T13:30:32","date_gmt":"2013-03-13T13:30:32","guid":{"rendered":"http:\/\/sindicatos.redelocal\/tpl-sindicato\/?page_id=12"},"modified":"2023-09-15T16:08:59","modified_gmt":"2023-09-15T16:08:59","slug":"contacte-nos","status":"publish","type":"page","link":"https:\/\/sindicatos.cgtp.pt\/uniao-santarem\/contacte-nos\/","title":{"rendered":"Contacte-nos"},"content":{"rendered":"<p><strong><a href=\"https:\/\/sindicatos.cgtp.pt\/uniao-santarem\/wp-content\/blogs.dir\/37\/files\/sites\/37\/2013\/03\/uss.png\"><img loading=\"lazy\" decoding=\"async\" class=\"alignleft size-full wp-image-120\" alt=\"uss\" src=\"https:\/\/sindicatos.cgtp.pt\/uniao-santarem\/wp-content\/blogs.dir\/37\/files\/sites\/37\/2013\/03\/uss.png\" width=\"100\" height=\"87\" \/><\/a><\/strong><\/p>\n<p>&nbsp;<\/p>\n<p>&nbsp;<\/p>\n<p>&nbsp;<\/p>\n<p><span style=\"text-decoration: underline;\"><strong>SEDE:<\/strong><\/span><\/p>\n<p style=\"text-align: justify;\"><strong>Uni\u00e3o dos Sindicatos de Santar\u00e9m<\/strong><br \/>\n<strong>Telefone:<\/strong> 243 309 670<br \/>\n<strong>Correio electr\u00f3nico:<\/strong>&#103;&#x65;&#114;&#x61;l&#x40;c&#103;&#x74;&#112;&#x73;&#97;&#x6e;t&#x61;r&#101;&#x6d;&#46;&#x6f;r&#x67;<br \/>\n<strong>Morada:<\/strong> Rua \u00c1lvaro Cunhal, n\u00ba 13, \u00a0r\/c esq,<br \/>\n<strong>C\u00f3digo Postal:<\/strong> 2005-325 Santar\u00e9m<\/p>\n<p>&nbsp;<\/p>\n<p><span style=\"text-decoration: underline;\"><strong>Delega\u00e7\u00f5es:<\/strong><\/span><\/p>\n<address><span style=\"color: #000000;\"><strong>Casa Sindical de Torres Novas<\/strong><\/span><\/address>\n<address><span style=\"color: #000000;\"><strong>Telefone:<\/strong> 249 822 883<\/span><\/address>\n<address><span style=\"color: #000000;\"><strong>E-mail:<\/strong> &#x63;&#x73;&#116;no&#x76;&#x61;&#115;&#64;g&#x6d;&#x61;&#105;&#108;&#46;&#x63;&#x6f;&#x6d;<\/span><\/address>\n<address><span style=\"color: #000000;\"><strong>Morada:<\/strong> Avenida 8 de Julho, n\u00ba 39, r\/c esq.<\/span><\/address>\n<address><span style=\"color: #000000;\"><strong>C\u00f3digo Postal:<\/strong> 2350- 724 Torres Novas<\/span><\/address>\n<address><span style=\"color: #000000;\">\u00a0<\/span><\/address>\n<address><span style=\"color: #000000;\"><strong>Casa Sindical de Benavente<\/strong><\/span><\/address>\n<address><span style=\"color: #000000;\"><strong>Morada:<\/strong> Avenida Manuel Lopes Almeida, n\u00ba8<\/span><\/address>\n<address><strong>C\u00f3digo Postal:<\/strong> 2130-016 Benavente<\/address>\n<p>&nbsp;<\/p>\n<address>\u00a0<\/address>\n<h3>Fale j\u00e1 conosco!!!!<\/h3>\n\n\n<!-- Fast Secure Contact Form plugin 4.0.36 - begin - FastSecureContactForm.com -->\r\n<div style=\"clear:both;\"><\/div>\n\r\n<div id=\"FSContact1\" style=\"width:99%; max-width:555px;\">\r\n<form action=\"https:\/\/sindicatos.cgtp.pt\/uniao-santarem\/wp-json\/wp\/v2\/pages\/12#FSContact1\" id=\"fscf_form1\" method=\"post\">\r\n\n<div id=\"fscf_required1\">\n  <span style=\"text-align:left;\">*<\/span> <span style=\"text-align:left;\">campos obrigat\u00f3rios<\/span>\n<\/div>\n\n\n<div id=\"fscf_div_clear1_6\" style=\"clear:both;\">\n  <div id=\"fscf_div_field1_6\" style=\"clear:left; float:left; width:99%; max-width:550px; margin-right:10px;\">\n    <div  id=\"fscf_label1_6\" style=\"text-align:left; padding-top:5px;\">\r\n      <label style=\"visibility: hidden;\" for=\"fscf_field1_6\">e-mail:<\/label>\n    <\/div>\n    <div style=\"text-align:left;\">\n      <input style=\"visibility: hidden;\" type=\"email\" id=\"fscf_field1_6\" name=\"dados\" value=\"\"  aria-required=\"true\"  \/>\n    <\/div>\n  <\/div>\n<\/div>\n\n<div id=\"fscf_div_clear1_0\" style=\"clear:both;\">\n  <div id=\"fscf_div_field1_0\" style=\"clear:left; float:left; width:99%; max-width:550px; margin-right:10px;\">\r\n    <div style=\"text-align:left; padding-top:5px;\">\n      <label style=\"text-align:left;\" for=\"fscf_name1\">Nome:<span style=\"text-align:left;\">*<\/span><\/label>\n    <\/div>\r\n    <div style=\"text-align:left;\">\r\n      <input style=\"text-align:left; margin:0; width:99%; max-width:250px;\" type=\"text\" id=\"fscf_name1\" name=\"full_name\" value=\"\"  aria-required=\"true\"  \/>\r\n    <\/div>\r\n  <\/div>\n<\/div>\n\n<div id=\"fscf_div_clear1_1\" style=\"clear:both;\">\n  <div id=\"fscf_div_field1_1\" style=\"clear:left; float:left; width:99%; max-width:550px; margin-right:10px;\">\n    <div style=\"text-align:left; padding-top:5px;\">\n      <label style=\"text-align:left;\" for=\"fscf_email1\">Endere\u00e7o de Correio Electr\u00f3nico:<span style=\"text-align:left;\">*<\/span><\/label>\n    <\/div>\n    <div style=\"text-align:left;\">\n      <input style=\"text-align:left; margin:0; width:99%; max-width:250px;\" type=\"text\" id=\"fscf_email1\" name=\"email\" value=\"\"  aria-required=\"true\"  \/>\n    <\/div>\n  <\/div>\n<\/div>\n\n<div id=\"fscf_div_clear1_4\" style=\"clear:both;\">\n  <div id=\"fscf_div_field1_4\" style=\"clear:left; float:left; width:99%; max-width:550px; margin-right:10px;\">\n    <div  id=\"fscf_label1_4\" style=\"text-align:left; padding-top:5px;\">\r\n      <label style=\"text-align:left;\" for=\"fscf_field1_4\">N\u00famero de Telefone:<\/label>\n    <\/div>\n    <div style=\"text-align:left;\">\n      <input style=\"text-align:left; margin:0; width:99%; max-width:250px;\" type=\"text\" id=\"fscf_field1_4\" name=\"numero-de-telefone\" value=\"\"  aria-required=\"true\"  \/>\n    <\/div>\n  <\/div>\n<\/div>\n\n<div id=\"fscf_div_clear1_5\" style=\"clear:both;\">\n  <div id=\"fscf_div_field1_5\" style=\"clear:left; float:left; width:99%; max-width:550px; margin-right:10px;\">\n    <div  id=\"fscf_label1_5\" style=\"text-align:left; padding-top:5px;\">\r\n      <label style=\"text-align:left;\" for=\"fscf_field1_5\">Local de Trabalho:<\/label>\n    <\/div>\n    <div style=\"text-align:left;\">\n      <input style=\"text-align:left; margin:0; width:99%; max-width:250px;\" type=\"text\" id=\"fscf_field1_5\" name=\"local-de-trabalho\" value=\"\"  aria-required=\"true\"  \/>\n    <\/div>\n  <\/div>\n<\/div>\n\n<div id=\"fscf_div_clear1_2\" style=\"clear:both;\">\n  <div id=\"fscf_div_field1_2\" style=\"clear:left; float:left; width:99%; max-width:550px; margin-right:10px;\">\n    <div style=\"text-align:left; padding-top:5px;\">\n      <label style=\"text-align:left;\" for=\"fscf_field1_2\">Assunto:<span style=\"text-align:left;\">*<\/span><\/label>\n    <\/div>\n    <div style=\"text-align:left;\">\n      <input style=\"text-align:left; margin:0; width:99%; max-width:250px;\" type=\"text\" id=\"fscf_field1_2\" name=\"subject\" value=\"\"  aria-required=\"true\"  \/>\n    <\/div>\n  <\/div>\n<\/div>\n\n<div id=\"fscf_div_clear1_3\" style=\"clear:both;\">\n  <div id=\"fscf_div_field1_3\" style=\"clear:left; float:left; width:99%; max-width:550px; margin-right:10px;\">\n    <div style=\"text-align:left; padding-top:5px;\">\n      <label style=\"text-align:left;\" for=\"fscf_field1_3\">Mensagem:<span style=\"text-align:left;\">*<\/span><\/label>\n    <\/div>\n    <div style=\"text-align:left;\">\n      <textarea style=\"text-align:left; margin:0; width:99%; max-width:250px; height:120px;\" id=\"fscf_field1_3\" name=\"message\" cols=\"30\" rows=\"10\"  aria-required=\"true\" ><\/textarea>\n    <\/div>\n  <\/div>\n<\/div>\r\n<div style=\"clear:both;\"><\/div>\n\n<div style=\"text-align:left; padding-top:5px;\">\n<\/div>\n<div id=\"fscf_captcha_image_div1\" style=\"width:250px; height:65px; padding-top:2px;\">\n      <img loading=\"lazy\" decoding=\"async\" id=\"fscf_captcha_image1\" style=\"border-style:none; margin:0; padding:0px; padding-right:5px; float:left;\" src=\"https:\/\/sindicatos.cgtp.pt\/uniao-santarem\/wp-content\/plugins\/si-contact-form\/captcha\/securimage_show.php?prefix=DKKhJaIFpZAdZkmP\" width=\"175\" height=\"60\" alt=\"Imagem CAPTCHA\" title=\"Imagem CAPTCHA\" \/>\n      <input id=\"fscf_captcha_prefix1\" type=\"hidden\" name=\"fscf_captcha_prefix1\" value=\"DKKhJaIFpZAdZkmP\" \/>\n     <div id=\"fscf_captcha_refresh1\">\n        <a href=\"#\" rel=\"nofollow\" title=\"Nova imagem\" onclick=\"fscf_captcha_refresh('1','\/uniao-santarem\/wp-content\/plugins\/si-contact-form\/captcha','https:\/\/sindicatos.cgtp.pt\/uniao-santarem\/wp-content\/plugins\/si-contact-form\/captcha\/securimage_show.php?prefix='); return false;\">\n        <img loading=\"lazy\" decoding=\"async\" src=\"https:\/\/sindicatos.cgtp.pt\/uniao-santarem\/wp-content\/plugins\/si-contact-form\/captcha\/images\/refresh.png\" width=\"22\" height=\"20\" alt=\"Nova imagem\" style=\"border-style:none; margin:0; padding:0px; vertical-align:bottom;\" onclick=\"this.blur();\" \/><\/a>\r\n     <\/div>\r\n<\/div>\r\n\r\n<div id=\"fscf_captcha_field1\" style=\"text-align:left; padding-top:5px;\">\r\n     <label style=\"text-align:left;\" for=\"fscf_captcha_code1\">Preencha os n\u00fameros, letras mai\u00fasculas ou min\u00fasculas que v\u00ea na imagem:<span style=\"text-align:left;\">*<\/span><\/label>\r\n<\/div>\r\n<div style=\"text-align:left;\">\n     <input style=\"text-align:left; margin:0; width:50px;\" type=\"text\" value=\"\" id=\"fscf_captcha_code1\" name=\"captcha_code\"  aria-required=\"true\"  \/>\n<\/div>\n        \r\n<div style=\"display:none;\">\r\n     <label for=\"city1\"><small>Leave this field empty<\/small><\/label>\r\n     <input type=\"text\" name=\"city\" id=\"city1\" value=\"\" \/>\r\n<\/div>\r\n\n<div id=\"fscf_submit_div1\" style=\"text-align:left; clear:both; padding-top:15px;\">\r\n\t\t<input type=\"submit\" id=\"fscf_submit1\" style=\"cursor:pointer; margin:0;\" value=\"Enviar\"  onclick=\"this.disabled=true; this.value='a enviar...'; this.form.submit();\" \/> \n<\/div>\n\n<input type=\"hidden\" name=\"fscf_submitted\" value=\"0\" \/>\n<input type=\"hidden\" name=\"fs_postonce_1\" value=\"ae9f9eebda404f977d75b5933e1244bc,1775651717\" \/>\n<input type=\"hidden\" name=\"si_contact_action\" value=\"send\" \/>\n<input type=\"hidden\" name=\"form_id\" value=\"1\" \/>\n<input type=\"hidden\" name=\"mailto_id\" value=\"1\" \/>\n\n<\/form>\n<\/div>\r\n<div style=\"clear:both;\"><\/div>\n\n<!-- Fast Secure Contact Form plugin 4.0.36 - end - FastSecureContactForm.com -->\n\n<p>PS:na mensagem n\u00e3o te esque\u00e7as de indicar a tua empresa ou local de trabalho!!!<\/p>\n<p>obrigado<\/p>\n","protected":false},"excerpt":{"rendered":"<p>&nbsp; &nbsp; &nbsp; SEDE: Uni\u00e3o dos Sindicatos de Santar\u00e9m Telefone: 243 309 670 Correio electr\u00f3nico:&#x67;&#101;&#x72;&#97;l&#x40;&#99;g&#x74;&#112;&#x73;&#x61;n&#x74;&#97;r&#x65;&#109;&#x2e;&#x6f;r&#x67; Morada: Rua \u00c1lvaro Cunhal, n\u00ba 13, \u00a0r\/c esq, C\u00f3digo Postal: 2005-325 Santar\u00e9m &nbsp; Delega\u00e7\u00f5es: Casa Sindical de Torres Novas Telefone: 249 822 883 E-mail: &#x63;s&#x74;&#110;&#x6f;&#118;a&#x73;&#64;&#x67;&#109;a&#x69;&#108;&#x2e;&#99;o&#x6d; Morada: Avenida 8 de Julho,<\/p>\n","protected":false},"author":1,"featured_media":0,"parent":0,"menu_order":0,"comment_status":"closed","ping_status":"open","template":"","meta":{"footnotes":""},"class_list":["post-12","page","type-page","status-publish","hentry"],"_links":{"self":[{"href":"https:\/\/sindicatos.cgtp.pt\/uniao-santarem\/wp-json\/wp\/v2\/pages\/12","targetHints":{"allow":["GET"]}}],"collection":[{"href":"https:\/\/sindicatos.cgtp.pt\/uniao-santarem\/wp-json\/wp\/v2\/pages"}],"about":[{"href":"https:\/\/sindicatos.cgtp.pt\/uniao-santarem\/wp-json\/wp\/v2\/types\/page"}],"author":[{"embeddable":true,"href":"https:\/\/sindicatos.cgtp.pt\/uniao-santarem\/wp-json\/wp\/v2\/users\/1"}],"replies":[{"embeddable":true,"href":"https:\/\/sindicatos.cgtp.pt\/uniao-santarem\/wp-json\/wp\/v2\/comments?post=12"}],"version-history":[{"count":26,"href":"https:\/\/sindicatos.cgtp.pt\/uniao-santarem\/wp-json\/wp\/v2\/pages\/12\/revisions"}],"predecessor-version":[{"id":19,"href":"https:\/\/sindicatos.cgtp.pt\/uniao-santarem\/wp-json\/wp\/v2\/pages\/12\/revisions\/19"}],"wp:attachment":[{"href":"https:\/\/sindicatos.cgtp.pt\/uniao-santarem\/wp-json\/wp\/v2\/media?parent=12"}],"curies":[{"name":"wp","href":"https:\/\/api.w.org\/{rel}","templated":true}]}}