{"id":27,"date":"2013-03-13T17:17:33","date_gmt":"2013-03-13T17:17:33","guid":{"rendered":"http:\/\/sindicatos.redelocal\/tpl-sindicato\/?page_id=27"},"modified":"2013-04-23T19:21:35","modified_gmt":"2013-04-23T19:21:35","slug":"historia","status":"publish","type":"page","link":"https:\/\/sindicatos.cgtp.pt\/uniao-santarem\/sindicato\/historia\/","title":{"rendered":"Miss\u00e3o"},"content":{"rendered":"<p lang=\"pt-BR\">A Uni\u00e3o dos Sindicatos do distrito de Santar\u00e9m (USS\/CGTP-IN), constitu\u00edda em 1976, \u00e9 uma estrutura regional da CGTP.<\/p>\n<p lang=\"pt-BR\">Tendo na sua composi\u00e7\u00e3o diversos sindicatos filiados na CGTP, tem como objectivo representar esses mesmos sindicatos no distrito de Santar\u00e9m, articular e organizar a sua atividade comum e dar resposta as necessidades dos trabalhadores do distrito de santar\u00e9m.<\/p>\n<p lang=\"pt-BR\">A USS\/CGTP-IN assume por inteiro a sua responsabilidade na defesa dos intresses dos trabalhadores, assim como na vanguarda da luta organizada dos trabalhadores do distrito pelos seus direitos e pela constru\u00e7\u00e3o de um Portugal com futuro.<\/p>\n","protected":false},"excerpt":{"rendered":"<p>A Uni\u00e3o dos Sindicatos do distrito de Santar\u00e9m (USS\/CGTP-IN), constitu\u00edda em 1976, \u00e9 uma estrutura regional da CGTP. Tendo na sua composi\u00e7\u00e3o diversos sindicatos filiados na CGTP, tem como objectivo representar esses mesmos sindicatos no distrito de Santar\u00e9m, articular e organizar a sua atividade comum<\/p>\n","protected":false},"author":1,"featured_media":0,"parent":25,"menu_order":0,"comment_status":"closed","ping_status":"open","template":"","meta":{"footnotes":""},"class_list":["post-27","page","type-page","status-publish","hentry"],"_links":{"self":[{"href":"https:\/\/sindicatos.cgtp.pt\/uniao-santarem\/wp-json\/wp\/v2\/pages\/27","targetHints":{"allow":["GET"]}}],"collection":[{"href":"https:\/\/sindicatos.cgtp.pt\/uniao-santarem\/wp-json\/wp\/v2\/pages"}],"about":[{"href":"https:\/\/sindicatos.cgtp.pt\/uniao-santarem\/wp-json\/wp\/v2\/types\/page"}],"author":[{"embeddable":true,"href":"https:\/\/sindicatos.cgtp.pt\/uniao-santarem\/wp-json\/wp\/v2\/users\/1"}],"replies":[{"embeddable":true,"href":"https:\/\/sindicatos.cgtp.pt\/uniao-santarem\/wp-json\/wp\/v2\/comments?post=27"}],"version-history":[{"count":5,"href":"https:\/\/sindicatos.cgtp.pt\/uniao-santarem\/wp-json\/wp\/v2\/pages\/27\/revisions"}],"predecessor-version":[{"id":189,"href":"https:\/\/sindicatos.cgtp.pt\/uniao-santarem\/wp-json\/wp\/v2\/pages\/27\/revisions\/189"}],"up":[{"embeddable":true,"href":"https:\/\/sindicatos.cgtp.pt\/uniao-santarem\/wp-json\/wp\/v2\/pages\/25"}],"wp:attachment":[{"href":"https:\/\/sindicatos.cgtp.pt\/uniao-santarem\/wp-json\/wp\/v2\/media?parent=27"}],"curies":[{"name":"wp","href":"https:\/\/api.w.org\/{rel}","templated":true}]}}