{"id":29,"date":"2013-03-13T17:21:48","date_gmt":"2013-03-13T17:21:48","guid":{"rendered":"http:\/\/sindicatos.redelocal\/tpl-sindicato\/?page_id=29"},"modified":"2019-11-20T11:21:54","modified_gmt":"2019-11-20T11:21:54","slug":"orgaos","status":"publish","type":"page","link":"https:\/\/sindicatos.cgtp.pt\/uniao-santarem\/sindicato\/orgaos\/","title":{"rendered":"\u00d3rg\u00e3os da USS\/CGTP-IN:"},"content":{"rendered":"<h1 style=\"text-align: center\">Direc\u00e7\u00e3o:<\/h1>\n<p>&nbsp;<\/p>\n<p style=\"text-align: center\">\u00a0<a href=\"https:\/\/sindicatos.cgtp.pt\/uniao-santarem\/wp-content\/blogs.dir\/37\/files\/sites\/37\/2013\/03\/In\u00eas-Santos.jpg\"><br \/>\n<\/a><\/p>\n<p style=\"text-align: center\"><a href=\"https:\/\/sindicatos.cgtp.pt\/uniao-santarem\/wp-content\/blogs.dir\/37\/files\/sites\/37\/2013\/03\/Cristina-Tom\u00e91.jpg\"><img loading=\"lazy\" decoding=\"async\" class=\"alignnone size-thumbnail wp-image-1929\" alt=\"Cristina Tom\u00e9\" src=\"https:\/\/sindicatos.cgtp.pt\/uniao-santarem\/wp-content\/blogs.dir\/37\/files\/sites\/37\/2013\/03\/Cristina-Tom\u00e91-120x120.jpg\" width=\"120\" height=\"120\" \/><\/a><\/p>\n<p style=\"text-align: center\">Ana Cristina\u00a0 Tom\u00e9-\u00a0<strong>STFPSSRA <\/strong>(Secretariado- Executivo)<\/p>\n<p style=\"text-align: center\"><img loading=\"lazy\" decoding=\"async\" style=\"font-size: 13px\" alt=\"In\u00eas Santos\" src=\"https:\/\/sindicatos.cgtp.pt\/uniao-santarem\/wp-content\/blogs.dir\/37\/files\/sites\/37\/2013\/03\/In\u00eas-Santos.jpg\" width=\"120\" height=\"120\" \/><\/p>\n<p style=\"text-align: center\">In\u00eas Filipa dos Santos &#8211; <strong>SINTAB<\/strong><\/p>\n<p style=\"text-align: center\"><a href=\"https:\/\/sindicatos.cgtp.pt\/uniao-santarem\/wp-content\/blogs.dir\/37\/files\/sites\/37\/2013\/03\/Antonio-Figueiras.jpg\"><img loading=\"lazy\" decoding=\"async\" class=\"alignnone size-thumbnail wp-image-1930\" alt=\"Antonio Figueiras\" src=\"https:\/\/sindicatos.cgtp.pt\/uniao-santarem\/wp-content\/blogs.dir\/37\/files\/sites\/37\/2013\/03\/Antonio-Figueiras-120x120.jpg\" width=\"120\" height=\"120\" \/><\/a><\/p>\n<p style=\"text-align: center\">Ant\u00f3nio\u00a0 Figueiras dos Santos- <strong>STAL\u00a0<\/strong>(Secretariado- Executivo)<\/p>\n<p style=\"text-align: center\"><a href=\"https:\/\/sindicatos.cgtp.pt\/uniao-santarem\/wp-content\/blogs.dir\/37\/files\/sites\/37\/2013\/03\/IMG_20151201_181730.jpg\"><img loading=\"lazy\" decoding=\"async\" class=\"alignnone size-medium wp-image-1454\" alt=\"IMG_20151201_181730\" src=\"https:\/\/sindicatos.cgtp.pt\/uniao-santarem\/wp-content\/blogs.dir\/37\/files\/sites\/37\/2013\/03\/IMG_20151201_181730-192x240.jpg\" width=\"120\" height=\"148\" \/><\/a><\/p>\n<p style=\"text-align: center\">Maria do C\u00e9u Silva- <strong>SPGL<\/strong><\/p>\n<p style=\"text-align: center\"><a href=\"https:\/\/sindicatos.cgtp.pt\/uniao-santarem\/wp-content\/blogs.dir\/37\/files\/sites\/37\/2013\/03\/Paulo-Jarego1.jpg\"><img loading=\"lazy\" decoding=\"async\" class=\"alignnone size-thumbnail wp-image-1931\" alt=\"Paulo Jarego\" src=\"https:\/\/sindicatos.cgtp.pt\/uniao-santarem\/wp-content\/blogs.dir\/37\/files\/sites\/37\/2013\/03\/Paulo-Jarego1-120x120.jpg\" width=\"120\" height=\"120\" \/><\/a><\/p>\n<p style=\"text-align: center\">Paulo Jarego- <strong>SNTCT<\/strong><\/p>\n<p style=\"text-align: center\"><a href=\"https:\/\/sindicatos.cgtp.pt\/uniao-santarem\/wp-content\/blogs.dir\/37\/files\/sites\/37\/2013\/03\/Paulo-Rodrigues1.jpg\"><img loading=\"lazy\" decoding=\"async\" class=\"alignnone size-thumbnail wp-image-1932\" alt=\"Paulo Rodrigues\" src=\"https:\/\/sindicatos.cgtp.pt\/uniao-santarem\/wp-content\/blogs.dir\/37\/files\/sites\/37\/2013\/03\/Paulo-Rodrigues1-120x120.jpg\" width=\"120\" height=\"120\" \/><\/a><\/p>\n<p style=\"text-align: center\">Paulo Rodrigues- <strong>SINTEVECS<\/strong><\/p>\n<p style=\"text-align: center\"><a href=\"https:\/\/sindicatos.cgtp.pt\/uniao-santarem\/wp-content\/blogs.dir\/37\/files\/sites\/37\/2013\/03\/Luis-Rosado.jpg\"><img loading=\"lazy\" decoding=\"async\" class=\"alignnone size-thumbnail wp-image-1933\" alt=\"Luis Rosado\" src=\"https:\/\/sindicatos.cgtp.pt\/uniao-santarem\/wp-content\/blogs.dir\/37\/files\/sites\/37\/2013\/03\/Luis-Rosado-120x120.jpg\" width=\"120\" height=\"120\" \/><\/a><\/p>\n<p style=\"text-align: center\">Lu\u00eds Rosado- <strong>SITE<\/strong><\/p>\n<p style=\"text-align: center\"><a href=\"https:\/\/sindicatos.cgtp.pt\/uniao-santarem\/wp-content\/blogs.dir\/37\/files\/sites\/37\/2013\/03\/Dionisio-Estev\u00e3o.jpg\"><img loading=\"lazy\" decoding=\"async\" class=\"alignnone size-thumbnail wp-image-1934\" alt=\"Dionisio Estev\u00e3o\" src=\"https:\/\/sindicatos.cgtp.pt\/uniao-santarem\/wp-content\/blogs.dir\/37\/files\/sites\/37\/2013\/03\/Dionisio-Estev\u00e3o-120x120.jpg\" width=\"120\" height=\"120\" srcset=\"https:\/\/sindicatos.cgtp.pt\/uniao-santarem\/wp-content\/blogs.dir\/37\/files\/sites\/37\/2013\/03\/Dionisio-Estev\u00e3o-120x120.jpg 120w, https:\/\/sindicatos.cgtp.pt\/uniao-santarem\/wp-content\/blogs.dir\/37\/files\/sites\/37\/2013\/03\/Dionisio-Estev\u00e3o-240x238.jpg 240w, https:\/\/sindicatos.cgtp.pt\/uniao-santarem\/wp-content\/blogs.dir\/37\/files\/sites\/37\/2013\/03\/Dionisio-Estev\u00e3o-800x795.jpg 800w\" sizes=\"auto, (max-width: 120px) 100vw, 120px\" \/><\/a><\/p>\n<p style=\"text-align: center\">Dion\u00edsio Estev\u00e3o- <strong>SINTAB\u00a0<\/strong>(Secretariado- Executivo)<\/p>\n<p style=\"text-align: center\"><a href=\"https:\/\/sindicatos.cgtp.pt\/uniao-santarem\/wp-content\/blogs.dir\/37\/files\/sites\/37\/2013\/03\/D\u00e1rio-Lima1.jpg\"><img loading=\"lazy\" decoding=\"async\" class=\"alignnone size-thumbnail wp-image-1935\" alt=\"D\u00e1rio Lima\" src=\"https:\/\/sindicatos.cgtp.pt\/uniao-santarem\/wp-content\/blogs.dir\/37\/files\/sites\/37\/2013\/03\/D\u00e1rio-Lima1-120x120.jpg\" width=\"120\" height=\"120\" \/><\/a><\/p>\n<p style=\"text-align: center\">Dario Lima- <strong>SITE<\/strong><\/p>\n<p style=\"text-align: center\"><a href=\"https:\/\/sindicatos.cgtp.pt\/uniao-santarem\/wp-content\/blogs.dir\/37\/files\/sites\/37\/2013\/03\/Cristiana-Rodrigues.jpg\"><img loading=\"lazy\" decoding=\"async\" class=\"alignnone size-thumbnail wp-image-1936\" alt=\"Cristiana Rodrigues\" src=\"https:\/\/sindicatos.cgtp.pt\/uniao-santarem\/wp-content\/blogs.dir\/37\/files\/sites\/37\/2013\/03\/Cristiana-Rodrigues-120x120.jpg\" width=\"120\" height=\"120\" \/><\/a><\/p>\n<p style=\"text-align: center\">Cristiana Nunes- <strong>STHSS<\/strong><\/p>\n<p style=\"text-align: center\"><a href=\"https:\/\/sindicatos.cgtp.pt\/uniao-santarem\/wp-content\/blogs.dir\/37\/files\/sites\/37\/2013\/03\/Elsa-Lopes.jpg\"><img loading=\"lazy\" decoding=\"async\" class=\"alignnone size-thumbnail wp-image-1937\" alt=\"Elsa Lopes\" src=\"https:\/\/sindicatos.cgtp.pt\/uniao-santarem\/wp-content\/blogs.dir\/37\/files\/sites\/37\/2013\/03\/Elsa-Lopes-120x120.jpg\" width=\"120\" height=\"120\" \/><\/a><\/p>\n<p style=\"text-align: center\">Elsa Lopes- <strong>STAL<\/strong><\/p>\n<p style=\"text-align: center\"><a href=\"https:\/\/sindicatos.cgtp.pt\/uniao-santarem\/wp-content\/blogs.dir\/37\/files\/sites\/37\/2013\/03\/Rute-Galv\u00e3o.jpg\"><img loading=\"lazy\" decoding=\"async\" class=\"alignnone size-medium wp-image-1439\" alt=\"Rute Galv\u00e3o\" src=\"https:\/\/sindicatos.cgtp.pt\/uniao-santarem\/wp-content\/blogs.dir\/37\/files\/sites\/37\/2013\/03\/Rute-Galv\u00e3o-184x240.jpg\" width=\"120\" height=\"147\" \/><\/a><\/p>\n<p style=\"text-align: center\">Rute Galv\u00e3o- <strong>SEP<\/strong><\/p>\n<p style=\"text-align: center\"><a href=\"https:\/\/sindicatos.cgtp.pt\/uniao-santarem\/wp-content\/blogs.dir\/37\/files\/sites\/37\/2013\/03\/Rodrigo-Rodrigues.jpg\"><img loading=\"lazy\" decoding=\"async\" class=\"alignnone size-thumbnail wp-image-1938\" alt=\"Rodrigo Rodrigues\" src=\"https:\/\/sindicatos.cgtp.pt\/uniao-santarem\/wp-content\/blogs.dir\/37\/files\/sites\/37\/2013\/03\/Rodrigo-Rodrigues-120x120.jpg\" width=\"120\" height=\"120\" \/><\/a><\/p>\n<p style=\"text-align: center\">Rodrigo Rodrigues- <strong>STFPSSRA\u00a0<\/strong>(Secretariado- Executivo)<\/p>\n<p style=\"text-align: center\"><a href=\"https:\/\/sindicatos.cgtp.pt\/uniao-santarem\/wp-content\/blogs.dir\/37\/files\/sites\/37\/2013\/03\/Manuel-Castel\u00e3o.jpg\"><img loading=\"lazy\" decoding=\"async\" class=\"alignnone size-thumbnail wp-image-1939\" alt=\"Manuel Castel\u00e3o\" src=\"https:\/\/sindicatos.cgtp.pt\/uniao-santarem\/wp-content\/blogs.dir\/37\/files\/sites\/37\/2013\/03\/Manuel-Castel\u00e3o-120x120.jpg\" width=\"120\" height=\"120\" \/><\/a><\/p>\n<p style=\"text-align: center\">Manuel\u00a0 Castel\u00e3o- <strong>STRUP <\/strong>(Secretariado- Executivo)<strong><br \/>\n<\/strong><\/p>\n<p style=\"text-align: center\"><a href=\"https:\/\/sindicatos.cgtp.pt\/uniao-santarem\/wp-content\/blogs.dir\/37\/files\/sites\/37\/2013\/03\/Teresa-Faria.jpg\"><img loading=\"lazy\" decoding=\"async\" class=\"alignnone size-thumbnail wp-image-1940\" alt=\"Teresa Faria\" src=\"https:\/\/sindicatos.cgtp.pt\/uniao-santarem\/wp-content\/blogs.dir\/37\/files\/sites\/37\/2013\/03\/Teresa-Faria-120x120.jpg\" width=\"120\" height=\"120\" \/><\/a><\/p>\n<p style=\"text-align: center\">Maria Teresa Costa-\u00a0<strong>STFPSSRA<\/strong><\/p>\n<p style=\"text-align: center\"><a href=\"https:\/\/sindicatos.cgtp.pt\/uniao-santarem\/wp-content\/blogs.dir\/37\/files\/sites\/37\/2013\/03\/Paulo-Cola\u00e7o.jpg\"><img loading=\"lazy\" decoding=\"async\" class=\"alignnone size-thumbnail wp-image-1941\" alt=\"Paulo Cola\u00e7o\" src=\"https:\/\/sindicatos.cgtp.pt\/uniao-santarem\/wp-content\/blogs.dir\/37\/files\/sites\/37\/2013\/03\/Paulo-Cola\u00e7o-120x120.jpg\" width=\"120\" height=\"120\" \/><\/a><\/p>\n<p style=\"text-align: center\">Paulo Cola\u00e7o- <strong>SINTAB<\/strong><\/p>\n<p style=\"text-align: center\"><a href=\"https:\/\/sindicatos.cgtp.pt\/uniao-santarem\/wp-content\/blogs.dir\/37\/files\/sites\/37\/2013\/03\/V\u00e1lter-Ferreira.jpg\"><img loading=\"lazy\" decoding=\"async\" class=\"alignnone size-thumbnail wp-image-1942\" alt=\"V\u00e1lter Ferreira\" src=\"https:\/\/sindicatos.cgtp.pt\/uniao-santarem\/wp-content\/blogs.dir\/37\/files\/sites\/37\/2013\/03\/V\u00e1lter-Ferreira-120x120.jpg\" width=\"120\" height=\"120\" \/><\/a><\/p>\n<p style=\"text-align: center\">Valter\u00a0 Ferreira- <strong>CESP (Coordena\u00e7\u00e3o e Secretariado-Executivo)<\/strong><\/p>\n<p style=\"text-align: center\"><a href=\"https:\/\/sindicatos.cgtp.pt\/uniao-santarem\/wp-content\/blogs.dir\/37\/files\/sites\/37\/2013\/03\/Ivo-Santos.jpg\"><img loading=\"lazy\" decoding=\"async\" class=\"alignnone size-thumbnail wp-image-1943\" alt=\"Ivo Santos\" src=\"https:\/\/sindicatos.cgtp.pt\/uniao-santarem\/wp-content\/blogs.dir\/37\/files\/sites\/37\/2013\/03\/Ivo-Santos-120x120.jpg\" width=\"120\" height=\"120\" \/><\/a><\/p>\n<p style=\"text-align: center\">Ivo Santos &#8211; <strong>CESP<\/strong>\u00a0(Secretariado- Executivo)<\/p>\n<p style=\"text-align: center\"><a href=\"https:\/\/sindicatos.cgtp.pt\/uniao-santarem\/wp-content\/blogs.dir\/37\/files\/sites\/37\/2013\/03\/Rui-Cruz-ruidochouto.jpg\"><img loading=\"lazy\" decoding=\"async\" class=\"alignnone size-thumbnail wp-image-1944\" alt=\"Rui Cruz #ruidochouto\" src=\"https:\/\/sindicatos.cgtp.pt\/uniao-santarem\/wp-content\/blogs.dir\/37\/files\/sites\/37\/2013\/03\/Rui-Cruz-ruidochouto-120x120.jpg\" width=\"120\" height=\"120\" \/><\/a><\/p>\n<p style=\"text-align: center\">Rui cruz &#8211; <strong>SITE CSRA<\/strong>\u00a0(Secretariado- Executivo)<\/p>\n<p style=\"text-align: center\"><a href=\"https:\/\/sindicatos.cgtp.pt\/uniao-santarem\/wp-content\/blogs.dir\/37\/files\/sites\/37\/2013\/03\/Cristiano-Farinha.jpg\"><img loading=\"lazy\" decoding=\"async\" class=\"alignnone size-thumbnail wp-image-1945\" alt=\"Cristiano Farinha\" src=\"https:\/\/sindicatos.cgtp.pt\/uniao-santarem\/wp-content\/blogs.dir\/37\/files\/sites\/37\/2013\/03\/Cristiano-Farinha-120x120.jpg\" width=\"120\" height=\"120\" \/><\/a><\/p>\n<p style=\"text-align: center\">Cristiano Farinha &#8211; <strong>SNTSF<\/strong><\/p>\n<p style=\"text-align: center\"><a href=\"https:\/\/sindicatos.cgtp.pt\/uniao-santarem\/wp-content\/blogs.dir\/37\/files\/sites\/37\/2013\/03\/Edgar-Melo.jpg\"><img loading=\"lazy\" decoding=\"async\" class=\"alignnone size-thumbnail wp-image-1946\" alt=\"Edgar Melo\" src=\"https:\/\/sindicatos.cgtp.pt\/uniao-santarem\/wp-content\/blogs.dir\/37\/files\/sites\/37\/2013\/03\/Edgar-Melo-120x120.jpg\" width=\"120\" height=\"120\" \/><\/a><\/p>\n<p style=\"text-align: center\">Edgar Melo &#8211; <strong>STRUP<\/strong><\/p>\n<p style=\"text-align: center\"><a href=\"https:\/\/sindicatos.cgtp.pt\/uniao-santarem\/wp-content\/blogs.dir\/37\/files\/sites\/37\/2013\/03\/Marcos-Rebocho.jpg\"><img loading=\"lazy\" decoding=\"async\" class=\"alignnone size-thumbnail wp-image-1947\" alt=\"Marcos Rebocho\" src=\"https:\/\/sindicatos.cgtp.pt\/uniao-santarem\/wp-content\/blogs.dir\/37\/files\/sites\/37\/2013\/03\/Marcos-Rebocho-120x120.jpg\" width=\"120\" height=\"120\" \/><\/a><\/p>\n<p style=\"text-align: center\">Marcos Rebocho &#8211; <strong>STIAC<\/strong><\/p>\n<p style=\"text-align: center\"><a href=\"https:\/\/sindicatos.cgtp.pt\/uniao-santarem\/wp-content\/blogs.dir\/37\/files\/sites\/37\/2013\/03\/Pedro-Bonif\u00e1cio.jpg\"><img loading=\"lazy\" decoding=\"async\" class=\"alignnone size-thumbnail wp-image-1948\" alt=\"Pedro Bonif\u00e1cio\" src=\"https:\/\/sindicatos.cgtp.pt\/uniao-santarem\/wp-content\/blogs.dir\/37\/files\/sites\/37\/2013\/03\/Pedro-Bonif\u00e1cio-120x120.jpg\" width=\"120\" height=\"120\" srcset=\"https:\/\/sindicatos.cgtp.pt\/uniao-santarem\/wp-content\/blogs.dir\/37\/files\/sites\/37\/2013\/03\/Pedro-Bonif\u00e1cio-120x120.jpg 120w, https:\/\/sindicatos.cgtp.pt\/uniao-santarem\/wp-content\/blogs.dir\/37\/files\/sites\/37\/2013\/03\/Pedro-Bonif\u00e1cio-793x800.jpg 793w\" sizes=\"auto, (max-width: 120px) 100vw, 120px\" \/><\/a><\/p>\n<p style=\"text-align: center\">Pedro Bonif\u00e1cio &#8211;<strong> SIESI<\/strong><\/p>\n<p style=\"text-align: center\"><a href=\"https:\/\/sindicatos.cgtp.pt\/uniao-santarem\/wp-content\/blogs.dir\/37\/files\/sites\/37\/2013\/03\/Raquel-Louren\u00e7o.jpg\"><img loading=\"lazy\" decoding=\"async\" class=\"alignnone size-thumbnail wp-image-1949\" alt=\"Raquel Louren\u00e7o\" src=\"https:\/\/sindicatos.cgtp.pt\/uniao-santarem\/wp-content\/blogs.dir\/37\/files\/sites\/37\/2013\/03\/Raquel-Louren\u00e7o-120x120.jpg\" width=\"120\" height=\"120\" \/><\/a><\/p>\n<p style=\"text-align: center\">Ana Raquel Louren\u00e7o &#8211; <strong>STFPSA<\/strong><\/p>\n<p style=\"text-align: center\"><a href=\"https:\/\/sindicatos.cgtp.pt\/uniao-santarem\/wp-content\/blogs.dir\/37\/files\/sites\/37\/2013\/03\/Silvino-Nascimento.jpg\"><img loading=\"lazy\" decoding=\"async\" class=\"alignnone size-thumbnail wp-image-1950\" alt=\"Silvino Nascimento\" src=\"https:\/\/sindicatos.cgtp.pt\/uniao-santarem\/wp-content\/blogs.dir\/37\/files\/sites\/37\/2013\/03\/Silvino-Nascimento-120x120.jpg\" width=\"120\" height=\"120\" \/><\/a><\/p>\n<p style=\"text-align: center\">Silvino Nascimento &#8211; <strong>SITE<\/strong><\/p>\n<p style=\"text-align: center\"><a href=\"https:\/\/sindicatos.cgtp.pt\/uniao-santarem\/wp-content\/blogs.dir\/37\/files\/sites\/37\/2013\/03\/Tiago-Roberto.jpg\"><img loading=\"lazy\" decoding=\"async\" class=\"alignnone size-thumbnail wp-image-1951\" alt=\"Tiago Roberto\" src=\"https:\/\/sindicatos.cgtp.pt\/uniao-santarem\/wp-content\/blogs.dir\/37\/files\/sites\/37\/2013\/03\/Tiago-Roberto-120x120.jpg\" width=\"120\" height=\"120\" \/><\/a><\/p>\n<p style=\"text-align: center\">Tiago Roberto &#8211; <strong>CER\u00c2MICOS<\/strong><\/p>\n<p style=\"text-align: center\"><a href=\"https:\/\/sindicatos.cgtp.pt\/uniao-santarem\/wp-content\/blogs.dir\/37\/files\/sites\/37\/2013\/03\/Vitor-Pires.jpg\"><img loading=\"lazy\" decoding=\"async\" class=\"alignnone size-thumbnail wp-image-1952\" alt=\"Vitor Pires\" src=\"https:\/\/sindicatos.cgtp.pt\/uniao-santarem\/wp-content\/blogs.dir\/37\/files\/sites\/37\/2013\/03\/Vitor-Pires-120x120.jpg\" width=\"120\" height=\"120\" srcset=\"https:\/\/sindicatos.cgtp.pt\/uniao-santarem\/wp-content\/blogs.dir\/37\/files\/sites\/37\/2013\/03\/Vitor-Pires-120x120.jpg 120w, https:\/\/sindicatos.cgtp.pt\/uniao-santarem\/wp-content\/blogs.dir\/37\/files\/sites\/37\/2013\/03\/Vitor-Pires-240x240.jpg 240w, https:\/\/sindicatos.cgtp.pt\/uniao-santarem\/wp-content\/blogs.dir\/37\/files\/sites\/37\/2013\/03\/Vitor-Pires-800x797.jpg 800w\" sizes=\"auto, (max-width: 120px) 100vw, 120px\" \/><\/a><\/p>\n<p style=\"text-align: center\">Vitor Pires &#8211;<strong> STAL<\/strong><\/p>\n<p style=\"text-align: center\">Conselho Fiscalizador:<\/p>\n<p style=\"text-align: center\">S\u00e9rgio Miguel Matias Silva- <strong>SEP<\/strong><br \/>\nAnt\u00f3nio Bacalhau- <strong>STAL<\/strong><br \/>\nJos\u00e9 Pratas-<strong> SITE<\/strong><\/p>\n","protected":false},"excerpt":{"rendered":"<p>Direc\u00e7\u00e3o: &nbsp; \u00a0 Ana Cristina\u00a0 Tom\u00e9-\u00a0STFPSSRA (Secretariado- Executivo) In\u00eas Filipa dos Santos &#8211; SINTAB Ant\u00f3nio\u00a0 Figueiras dos Santos- STAL\u00a0(Secretariado- Executivo) Maria do C\u00e9u Silva- SPGL Paulo Jarego- SNTCT Paulo Rodrigues- SINTEVECS Lu\u00eds Rosado- SITE Dion\u00edsio Estev\u00e3o- SINTAB\u00a0(Secretariado- Executivo) Dario Lima- SITE Cristiana Nunes- STHSS Elsa<\/p>\n","protected":false},"author":1,"featured_media":0,"parent":25,"menu_order":0,"comment_status":"closed","ping_status":"closed","template":"","meta":{"footnotes":""},"class_list":["post-29","page","type-page","status-publish","hentry"],"_links":{"self":[{"href":"https:\/\/sindicatos.cgtp.pt\/uniao-santarem\/wp-json\/wp\/v2\/pages\/29","targetHints":{"allow":["GET"]}}],"collection":[{"href":"https:\/\/sindicatos.cgtp.pt\/uniao-santarem\/wp-json\/wp\/v2\/pages"}],"about":[{"href":"https:\/\/sindicatos.cgtp.pt\/uniao-santarem\/wp-json\/wp\/v2\/types\/page"}],"author":[{"embeddable":true,"href":"https:\/\/sindicatos.cgtp.pt\/uniao-santarem\/wp-json\/wp\/v2\/users\/1"}],"replies":[{"embeddable":true,"href":"https:\/\/sindicatos.cgtp.pt\/uniao-santarem\/wp-json\/wp\/v2\/comments?post=29"}],"version-history":[{"count":33,"href":"https:\/\/sindicatos.cgtp.pt\/uniao-santarem\/wp-json\/wp\/v2\/pages\/29\/revisions"}],"predecessor-version":[{"id":200,"href":"https:\/\/sindicatos.cgtp.pt\/uniao-santarem\/wp-json\/wp\/v2\/pages\/29\/revisions\/200"}],"up":[{"embeddable":true,"href":"https:\/\/sindicatos.cgtp.pt\/uniao-santarem\/wp-json\/wp\/v2\/pages\/25"}],"wp:attachment":[{"href":"https:\/\/sindicatos.cgtp.pt\/uniao-santarem\/wp-json\/wp\/v2\/media?parent=29"}],"curies":[{"name":"wp","href":"https:\/\/api.w.org\/{rel}","templated":true}]}}