{"id":337,"date":"2013-05-12T21:45:48","date_gmt":"2013-05-12T21:45:48","guid":{"rendered":"http:\/\/sindicatos.cgtp.pt\/uniao-santarem\/?page_id=337"},"modified":"2013-05-29T16:39:41","modified_gmt":"2013-05-29T16:39:41","slug":"beneficios","status":"publish","type":"page","link":"https:\/\/sindicatos.cgtp.pt\/uniao-santarem\/beneficios\/","title":{"rendered":"Beneficios"},"content":{"rendered":"<h1>Protocolos e acordos para uso de associados!!!<\/h1>\n<p>&nbsp;<\/p>\n<p><a id=\"irc_mil\" href=\"http:\/\/www.google.pt\/url?sa=i&amp;rct=j&amp;q=&amp;esrc=s&amp;frm=1&amp;source=images&amp;cd=&amp;cad=rja&amp;docid=hrp-XSFLeqeiCM&amp;tbnid=M72cAaak5rruoM:&amp;ved=0CAUQjRw&amp;url=http%3A%2F%2Fwww.liberinter.pt%2F&amp;ei=PC-mUbnvIOul0wX03YGYCA&amp;bvm=bv.47008514,d.ZGU&amp;psig=AFQjCNFeVK-zMF3l7TJ3y5O5WoooZbAD2Q&amp;ust=1369931957797353\"><img loading=\"lazy\" decoding=\"async\" id=\"irc_mi\" style=\"width: 139px;height: 85px\" alt=\"\" src=\"http:\/\/www.liberinter.pt\/Sites\/liberinter\/Skins\/Liberinter\/images\/Liberinter_logo.gif\" width=\"150\" height=\"83\" \/><\/a><\/p>\n<p>A Liberinter, como sabemos, \u00e9 uma Mediadora de seguros de natureza cooperativa em que tem como tarefa oferecer melhores solu\u00e7\u00f5es nesta \u00e1rea aos s\u00f3cios dos sindicatos do MSU, tendo nascido de uma decis\u00e3o coletiva de ades\u00e3o a um projecto na \u00e1rea da economia social.<\/p>\n<p>Apesar das dificuldades, n\u00e3o devemos perder de vista a realiza\u00e7\u00e3o do objectivo inicial, mais justificado ainda pela situa\u00e7\u00e3o dif\u00edcil que os trabalhadores est\u00e3o a viver, integrando esta actividade na ac\u00e7\u00e3o sindical que desenvolvemos.<\/p>\n<p>A redu\u00e7\u00e3o dos pre\u00e7os, sem prejudicar a qualidade do servi\u00e7o, tem constitu\u00eddo uma batalha permanente da CGTP-IN junto da MACIF o que levou esta companhia (que \u00e9 uma m\u00fatua, como se sabe) a apresentar novos pre\u00e7os que consideramos muito favor\u00e1veis e que aproveitamos para divulgar.<\/p>\n<p align=\"center\">O PRE\u00c7O DO SEGURO AUTOM\u00d3VEL <b><i>DIMINUIU!<\/i><\/b><\/p>\n<p><span style=\"text-decoration: underline\">Alguns exemplos ilustrativos<\/span><\/p>\n<p>&nbsp;<\/p>\n<p>Concelho circula\u00e7\u00e3o: <b>Coimbra<\/b>, <b>Leiria<\/b>, <b>Lisboa<\/b>, <b>Santar\u00e9m<\/b>, <b>Set\u00fabal<\/b>, <b>Aveiro<\/b>, <b>Viseu<\/b><\/p>\n<p>SEGURO OBRIGAT\u00d3RIO<\/p>\n<table border=\"1\" cellspacing=\"0\" cellpadding=\"0\">\n<tbody>\n<tr>\n<td valign=\"top\" width=\"300\"><\/td>\n<td valign=\"top\" width=\"151\">\n<p align=\"center\">Plano Base<\/p>\n<p align=\"center\">(RC+AV+PJ+OC)<\/p>\n<\/td>\n<td valign=\"top\" width=\"128\">\n<p align=\"center\">Plano Base Plus<\/p>\n<p align=\"center\">(Base + QIV)<\/p>\n<\/td>\n<\/tr>\n<tr>\n<td valign=\"top\" width=\"300\">B\u00f3nus de 50% : \u00a05 anuidades S\/ sinistrosCondutor habitual:\u00a0 30 anos e carta condu\u00e7\u00e3o + 8 anos<\/td>\n<td valign=\"top\" width=\"151\">\n<p align=\"center\">Responsabilidade Civil (6.000.000\u20ac)<\/p>\n<p align=\"center\">Multi Assistencia<\/p>\n<p align=\"center\">Ocupantes (5.000\u20ac)<\/p>\n<\/td>\n<td valign=\"top\" width=\"128\">\n<p align=\"center\">Responsabilidade Civil (6.000.000\u20ac)<\/p>\n<p align=\"center\">Multi Assistencia<\/p>\n<p align=\"center\">Ocupantes (5.000\u20ac)<\/p>\n<p align=\"center\">QIV (500\u20ac)<\/p>\n<\/td>\n<\/tr>\n<tr>\n<td valign=\"top\" width=\"300\">Ligeiro particular at\u00e9 \u00a0 1.000 cc<\/td>\n<td valign=\"top\" width=\"151\">\n<p align=\"center\"><b>146,78\u20ac<\/b><\/p>\n<\/td>\n<td valign=\"top\" width=\"128\">\n<p align=\"center\"><b>163,46\u20ac<\/b><\/p>\n<\/td>\n<\/tr>\n<tr>\n<td valign=\"top\" width=\"300\">Ligeiro particular at\u00e9 \u00a0 1.400 cc<\/td>\n<td valign=\"top\" width=\"151\">\n<p align=\"center\"><b>152,11\u20ac<\/b><\/p>\n<\/td>\n<td valign=\"top\" width=\"128\">\n<p align=\"center\"><b>168,69\u20ac<\/b><\/p>\n<\/td>\n<\/tr>\n<tr>\n<td valign=\"top\" width=\"300\">Ligeiro particular at\u00e9 \u00a0 1.800 cc<\/td>\n<td valign=\"top\" width=\"151\">\n<p align=\"center\"><b>158,06\u20ac<\/b><\/p>\n<\/td>\n<td valign=\"top\" width=\"128\">\n<p align=\"center\"><b>174,75\u20ac<\/b><\/p>\n<\/td>\n<\/tr>\n<\/tbody>\n<\/table>\n<p>RC+AV+PJ+OC\u00a0 (Resp. Civil, Assist\u00eancia Viagem, Prote\u00e7\u00e3o Jur\u00eddica, Ocupantes<\/p>\n<p>Base + QIV (Quebra Isolada de Vidros)<\/p>\n<p>&nbsp;<\/p>\n<p>COM DANOS PROPRIOS<\/p>\n<table width=\"584\" border=\"1\" cellspacing=\"0\" cellpadding=\"0\">\n<tbody>\n<tr>\n<td valign=\"top\" width=\"310\"><\/td>\n<td valign=\"top\" width=\"274\">\n<p align=\"center\">Plano TOP<\/p>\n<p align=\"center\">(Base Plus + IRE + FR + CCC)<\/p>\n<\/td>\n<\/tr>\n<tr>\n<td valign=\"top\" width=\"310\">B\u00f3nus de 50% : 5 anuidades \u00a0 S\/ sinistrosCondutor habitual: 30 anos \u00a0 e carta condu\u00e7\u00e3o + 8 anos<\/td>\n<td valign=\"top\" width=\"274\">\n<p align=\"center\">Responsabilidade Civil (6.000.000\u20ac)<\/p>\n<p align=\"center\">Multi AssistenciaVIP;Ocupantes (5.000\u20ac); QIV (500\u20ac)<\/p>\n<\/td>\n<\/tr>\n<tr>\n<td valign=\"top\" width=\"310\">Ligeiro particular at\u00e9 \u00a0 1.000 cc, valor 10.000\u20ac<\/td>\n<td valign=\"top\" width=\"274\">\n<p align=\"center\"><b>285,36\u20ac<\/b><\/p>\n<\/td>\n<\/tr>\n<tr>\n<td valign=\"top\" width=\"310\">Ligeiro particular at\u00e9 \u00a0 1.400 cc, valor 13.160\u20ac<\/td>\n<td valign=\"top\" width=\"274\">\n<p align=\"center\"><b>319,06\u20ac<\/b><\/p>\n<\/td>\n<\/tr>\n<tr>\n<td valign=\"top\" width=\"310\">Ligeiro particular at\u00e9 \u00a0 1.800 cc, valor 18.200\u20ac<\/td>\n<td valign=\"top\" width=\"274\">\n<p align=\"center\"><b>378,20\u20ac<\/b><\/p>\n<\/td>\n<\/tr>\n<\/tbody>\n<\/table>\n<p>Base Plus + IRE + FR + CCC (Incendio Raio Explos\u00e3o; Furto Roubo; Choque Colis\u00e3o Capotamento); Multi Assist\u00eancia VIP (inclui veiculo de substitui\u00e7\u00e3o por avaria ou acidente)<\/p>\n<p>&nbsp;<\/p>\n","protected":false},"excerpt":{"rendered":"<p>Protocolos e acordos para uso de associados!!! &nbsp; A Liberinter, como sabemos, \u00e9 uma Mediadora de seguros de natureza cooperativa em que tem como tarefa oferecer melhores solu\u00e7\u00f5es nesta \u00e1rea aos s\u00f3cios dos sindicatos do MSU, tendo nascido de uma decis\u00e3o coletiva de ades\u00e3o a<\/p>\n","protected":false},"author":32,"featured_media":0,"parent":0,"menu_order":0,"comment_status":"closed","ping_status":"open","template":"","meta":{"footnotes":""},"class_list":["post-337","page","type-page","status-publish","hentry"],"_links":{"self":[{"href":"https:\/\/sindicatos.cgtp.pt\/uniao-santarem\/wp-json\/wp\/v2\/pages\/337","targetHints":{"allow":["GET"]}}],"collection":[{"href":"https:\/\/sindicatos.cgtp.pt\/uniao-santarem\/wp-json\/wp\/v2\/pages"}],"about":[{"href":"https:\/\/sindicatos.cgtp.pt\/uniao-santarem\/wp-json\/wp\/v2\/types\/page"}],"author":[{"embeddable":true,"href":"https:\/\/sindicatos.cgtp.pt\/uniao-santarem\/wp-json\/wp\/v2\/users\/32"}],"replies":[{"embeddable":true,"href":"https:\/\/sindicatos.cgtp.pt\/uniao-santarem\/wp-json\/wp\/v2\/comments?post=337"}],"version-history":[{"count":8,"href":"https:\/\/sindicatos.cgtp.pt\/uniao-santarem\/wp-json\/wp\/v2\/pages\/337\/revisions"}],"predecessor-version":[{"id":398,"href":"https:\/\/sindicatos.cgtp.pt\/uniao-santarem\/wp-json\/wp\/v2\/pages\/337\/revisions\/398"}],"wp:attachment":[{"href":"https:\/\/sindicatos.cgtp.pt\/uniao-santarem\/wp-json\/wp\/v2\/media?parent=337"}],"curies":[{"name":"wp","href":"https:\/\/api.w.org\/{rel}","templated":true}]}}